{"id":724401,"date":"2025-08-27T19:33:56","date_gmt":"2025-08-27T16:33:56","guid":{"rendered":"https:\/\/roveyayinevi.com.tr\/index.php\/urun\/insani-anlamak\/"},"modified":"2026-04-16T02:32:19","modified_gmt":"2026-04-15T23:32:19","slug":"insani-anlamak","status":"publish","type":"product","link":"https:\/\/roveyayinevi.com.tr\/index.php\/urun\/insani-anlamak\/","title":{"rendered":"\u0130nsan\u0131 Anlamak"},"content":{"rendered":"<p>\u201c\u0130nsan kendi \u00fczerine d\u00fc\u015f\u00fcnerek kendisini tan\u0131yabilir mi? Bilin\u00e7li d\u00fc\u015f\u00fcnceye a\u00e7\u0131lan sonsuz krediler \u00e7a\u011f\u0131nda bu soruya verilen cevaplar muhtemelen olumlu olacakt\u0131r. Fakat karar ve davran\u0131\u015flar\u0131n as\u0131l belirleyicileri olsalar da, insan\u0131n fark\u0131nda bile olmad\u0131\u011f\u0131 bilin\u00e7d\u0131\u015f\u0131 ve zihniyet kategorilerini hesaba katt\u0131\u011f\u0131m\u0131zda cevap \u015f\u00f6yle olmal\u0131d\u0131r: \u2018Hay\u0131r, insan kendi \u00fczerine d\u00fc\u015f\u00fcnerek kendisini tan\u0131yamaz, \u00e7\u00fcnk\u00fc bilin\u00e7d\u0131\u015f\u0131n\u0131 ve zihniyetini ona ancak ili\u015fki kurdu\u011fu ba\u015fka insanlar g\u00f6sterebilir.\u2019Etyen Mah\u00e7upyan, bilincin ve d\u00fc\u015f\u00fcncenin ba\u011f\u0131ms\u0131z de\u011fi\u015fkenler gibi g\u00f6sterilip kutsand\u0131\u011f\u0131 bir d\u00fcnyada birincinin bilin\u00e7d\u0131\u015f\u0131; ikincinin zihniyet taraf\u0131ndan nas\u0131l ku\u015fat\u0131ld\u0131\u011f\u0131n\u0131 anlat\u0131yor ve daha olgun bir toplumsall\u0131k i\u00e7in odaklanmam\u0131z ve hesapla\u015fmam\u0131z gereken as\u0131l kategorilere i\u015faret ediyor.\u201d Alper G\u00f6rm\u00fc\u015f \u0130NSANI ANLAMAK \u201cGe\u00e7ti\u011fimiz bir ka\u00e7 y\u00fczy\u0131l i\u00e7inde derinle\u015fen bilimsel uzmanla\u015fma, kendini tan\u0131ma ve anlamaya ili\u015fkin sorulara cevap arayanlar\u0131n birbirinden bihaber kalmalar\u0131na neden oldu. Bu kitap n\u00f6robilim ile sosyal psikolojiyi bir araya getirerek insan\u0131 anlaman\u0131n kap\u0131s\u0131n\u0131 aral\u0131yor. Biyolojik ve k\u00fclt\u00fcrel adaptasyonu bilimsel bilgiler \u0131\u015f\u0131\u011f\u0131nda ba\u011flant\u0131l\u0131 olarak izlerken, hem insan\u0131 anlamak i\u00e7in b\u00fct\u00fcnc\u00fcl bir \u00e7er\u00e7eve \u00f6neriyor, hem de zihinle zihniyet aras\u0131ndaki ili\u015fkiyi a\u00e7\u0131\u011fa \u00e7\u0131kararak duygu, d\u00fc\u015f\u00fcnce ve davran\u0131\u015flar\u0131m\u0131z\u0131n i\u015flevini anlamam\u0131z\u0131 sa\u011fl\u0131yor.\u201d \u0130zzet \u00d6zberki<\/p>\n","protected":false},"excerpt":{"rendered":"<p>\u201c\u0130nsan kendi \u00fczerine d\u00fc\u015f\u00fcnerek kendisini tan\u0131yabilir mi? Bilin\u00e7li d\u00fc\u015f\u00fcnceye a\u00e7\u0131lan sonsuz krediler \u00e7a\u011f\u0131nda bu soruya verilen cevaplar muhtemelen olumlu olacakt\u0131r. Fakat karar ve davran\u0131\u015flar\u0131n as\u0131l belirleyicileri<span class=\"excerpt-hellip\"> [\u2026]<\/span><\/p>\n","protected":false},"featured_media":0,"template":"","meta":{"_monsterinsights_skip_tracking":false,"_monsterinsights_sitenote_active":false,"_monsterinsights_sitenote_note":"","_monsterinsights_sitenote_category":0},"product_brand":[],"product_cat":[12835,12324],"product_tag":[],"class_list":{"0":"post-724401","1":"product","2":"type-product","3":"status-publish","5":"product_cat-genel-sosyoloji","6":"product_cat-sosyoloji","7":"pa_cilt-ciltsiz","8":"pa_tur-kitap","9":"pa_yayinevi-hayykitap","10":"pa_yazar-etyen-mahcupyan","12":"first","13":"instock","14":"sale","15":"shipping-taxable","16":"purchasable","17":"product-type-simple"},"_links":{"self":[{"href":"https:\/\/roveyayinevi.com.tr\/index.php\/wp-json\/wp\/v2\/product\/724401","targetHints":{"allow":["GET"]}}],"collection":[{"href":"https:\/\/roveyayinevi.com.tr\/index.php\/wp-json\/wp\/v2\/product"}],"about":[{"href":"https:\/\/roveyayinevi.com.tr\/index.php\/wp-json\/wp\/v2\/types\/product"}],"wp:attachment":[{"href":"https:\/\/roveyayinevi.com.tr\/index.php\/wp-json\/wp\/v2\/media?parent=724401"}],"wp:term":[{"taxonomy":"product_brand","embeddable":true,"href":"https:\/\/roveyayinevi.com.tr\/index.php\/wp-json\/wp\/v2\/product_brand?post=724401"},{"taxonomy":"product_cat","embeddable":true,"href":"https:\/\/roveyayinevi.com.tr\/index.php\/wp-json\/wp\/v2\/product_cat?post=724401"},{"taxonomy":"product_tag","embeddable":true,"href":"https:\/\/roveyayinevi.com.tr\/index.php\/wp-json\/wp\/v2\/product_tag?post=724401"}],"curies":[{"name":"wp","href":"https:\/\/api.w.org\/{rel}","templated":true}]}}