{"id":724400,"date":"2025-08-27T19:33:55","date_gmt":"2025-08-27T16:33:55","guid":{"rendered":"https:\/\/roveyayinevi.com.tr\/index.php\/urun\/national-geographic-kids-ilk-bocekler-kitabim\/"},"modified":"2026-04-16T02:32:19","modified_gmt":"2026-04-15T23:32:19","slug":"national-geographic-kids-ilk-bocekler-kitabim","status":"publish","type":"product","link":"https:\/\/roveyayinevi.com.tr\/index.php\/urun\/national-geographic-kids-ilk-bocekler-kitabim\/","title":{"rendered":"National Geographic Kids &#8211; \u0130lk B\u00f6cekler Kitab\u0131m"},"content":{"rendered":"<p>D\u00fcnya\u2019n\u0131n b\u00f6ceklerine ve di\u011fer ufak yarat\u0131klar\u0131na dair bilgilere harika bir giri\u015f sunan bu kitapla b\u00f6ceklerin d\u00fcnyas\u0131na bir bak\u0131\u015f at\u0131n. E\u011flenceli bilgilerle dolu her sayfay\u0131 renkli foto\u011fraflar s\u00fcsl\u00fcyor ve gen\u00e7 okuyuculara bal ar\u0131lar\u0131ndan kelebeklere, z\u00fcrafa bu\u011fday bitlerinden \u00e7ekirgelere kadar d\u00fczinelerce b\u00f6ce\u011fi tan\u0131t\u0131yor.<\/p>\n","protected":false},"excerpt":{"rendered":"<p>D\u00fcnya\u2019n\u0131n b\u00f6ceklerine ve di\u011fer ufak yarat\u0131klar\u0131na dair bilgilere harika bir giri\u015f sunan bu kitapla b\u00f6ceklerin d\u00fcnyas\u0131na bir bak\u0131\u015f at\u0131n. E\u011flenceli bilgilerle dolu her sayfay\u0131 renkli foto\u011fraflar<span class=\"excerpt-hellip\"> [\u2026]<\/span><\/p>\n","protected":false},"featured_media":0,"template":"","meta":{"_monsterinsights_skip_tracking":false,"_monsterinsights_sitenote_active":false,"_monsterinsights_sitenote_note":"","_monsterinsights_sitenote_category":0},"product_brand":[],"product_cat":[12274,15842],"product_tag":[],"class_list":{"0":"post-724400","1":"product","2":"type-product","3":"status-publish","5":"product_cat-cocuk-ve-genclik-kitaplari","6":"product_cat-egitici-kitaplar","7":"pa_cilt-ciltsiz","8":"pa_tur-kitap","9":"pa_yayinevi-beta-kids","10":"pa_yazar-catherine-d-hughes","12":"first","13":"instock","14":"sale","15":"shipping-taxable","16":"purchasable","17":"product-type-simple"},"_links":{"self":[{"href":"https:\/\/roveyayinevi.com.tr\/index.php\/wp-json\/wp\/v2\/product\/724400","targetHints":{"allow":["GET"]}}],"collection":[{"href":"https:\/\/roveyayinevi.com.tr\/index.php\/wp-json\/wp\/v2\/product"}],"about":[{"href":"https:\/\/roveyayinevi.com.tr\/index.php\/wp-json\/wp\/v2\/types\/product"}],"wp:attachment":[{"href":"https:\/\/roveyayinevi.com.tr\/index.php\/wp-json\/wp\/v2\/media?parent=724400"}],"wp:term":[{"taxonomy":"product_brand","embeddable":true,"href":"https:\/\/roveyayinevi.com.tr\/index.php\/wp-json\/wp\/v2\/product_brand?post=724400"},{"taxonomy":"product_cat","embeddable":true,"href":"https:\/\/roveyayinevi.com.tr\/index.php\/wp-json\/wp\/v2\/product_cat?post=724400"},{"taxonomy":"product_tag","embeddable":true,"href":"https:\/\/roveyayinevi.com.tr\/index.php\/wp-json\/wp\/v2\/product_tag?post=724400"}],"curies":[{"name":"wp","href":"https:\/\/api.w.org\/{rel}","templated":true}]}}