{"id":724399,"date":"2025-08-27T19:33:54","date_gmt":"2025-08-27T16:33:54","guid":{"rendered":"https:\/\/roveyayinevi.com.tr\/index.php\/urun\/haklarini-bilen-cocuklar\/"},"modified":"2026-04-16T02:32:19","modified_gmt":"2026-04-15T23:32:19","slug":"haklarini-bilen-cocuklar","status":"publish","type":"product","link":"https:\/\/roveyayinevi.com.tr\/index.php\/urun\/haklarini-bilen-cocuklar\/","title":{"rendered":"Haklar\u0131n\u0131 Bilen \u00c7ocuklar"},"content":{"rendered":"<p>\u00c7ocuk Haklar\u0131na Dair S\u00f6zle\u015fme Madde 1: 18 ya\u015f\u0131n alt\u0131ndaki herkes \u00c7OCUKTUR.   18 ya\u015f\u0131n alt\u0131ndaysan sen de bir \u00e7ocuksun ve iyi bir ya\u015fam s\u00fcrmek i\u00e7in HAKLARIN var. Bunlar\u0131n neler oldu\u011funu \u00f6\u011frenmek ister misin?   Kitab\u0131 ailenle birlikte okuyup tart\u0131\u015fabilirsiniz. Kitaptaki baz\u0131 bilgileri anlayamad\u0131\u011f\u0131nda bu\u0308yu\u0308klerinden a\u00e7\u0131klama yapmalar\u0131n\u0131 isteyebilirsin. Kitab\u0131 okuduktan sonra, birlikte \u00e7ocuk haklar\u0131n\u0131n korunmas\u0131yla ilgili yeni ve farkl\u0131 projeler de u\u0308retebilirsiniz.   Bu kitap, sana do\u011fu\u015ftan sahip oldu\u011fun temel haklar\u0131n\u0131 a\u00e7\u0131klamak i\u00e7in haz\u0131rlanm\u0131\u015f, e\u011flenceli aktiviteler ve \u00e7izimlerle dolu benzersiz bir kaynak kitap!  <\/p>\n","protected":false},"excerpt":{"rendered":"<p>\u00c7ocuk Haklar\u0131na Dair S\u00f6zle\u015fme Madde 1: 18 ya\u015f\u0131n alt\u0131ndaki herkes \u00c7OCUKTUR. 18 ya\u015f\u0131n alt\u0131ndaysan sen de bir \u00e7ocuksun ve iyi bir ya\u015fam s\u00fcrmek i\u00e7in HAKLARIN var.<span class=\"excerpt-hellip\"> [\u2026]<\/span><\/p>\n","protected":false},"featured_media":0,"template":"","meta":{"_monsterinsights_skip_tracking":false,"_monsterinsights_sitenote_active":false,"_monsterinsights_sitenote_note":"","_monsterinsights_sitenote_category":0},"product_brand":[],"product_cat":[12274,15842],"product_tag":[],"class_list":{"0":"post-724399","1":"product","2":"type-product","3":"status-publish","5":"product_cat-cocuk-ve-genclik-kitaplari","6":"product_cat-egitici-kitaplar","7":"pa_cilt-ciltsiz","8":"pa_tur-kitap","9":"pa_yayinevi-beta-kids","10":"pa_yazar-muruvet-esra-yildirim-ozgur-sensoy","12":"first","13":"instock","14":"sale","15":"shipping-taxable","16":"purchasable","17":"product-type-simple"},"_links":{"self":[{"href":"https:\/\/roveyayinevi.com.tr\/index.php\/wp-json\/wp\/v2\/product\/724399","targetHints":{"allow":["GET"]}}],"collection":[{"href":"https:\/\/roveyayinevi.com.tr\/index.php\/wp-json\/wp\/v2\/product"}],"about":[{"href":"https:\/\/roveyayinevi.com.tr\/index.php\/wp-json\/wp\/v2\/types\/product"}],"wp:attachment":[{"href":"https:\/\/roveyayinevi.com.tr\/index.php\/wp-json\/wp\/v2\/media?parent=724399"}],"wp:term":[{"taxonomy":"product_brand","embeddable":true,"href":"https:\/\/roveyayinevi.com.tr\/index.php\/wp-json\/wp\/v2\/product_brand?post=724399"},{"taxonomy":"product_cat","embeddable":true,"href":"https:\/\/roveyayinevi.com.tr\/index.php\/wp-json\/wp\/v2\/product_cat?post=724399"},{"taxonomy":"product_tag","embeddable":true,"href":"https:\/\/roveyayinevi.com.tr\/index.php\/wp-json\/wp\/v2\/product_tag?post=724399"}],"curies":[{"name":"wp","href":"https:\/\/api.w.org\/{rel}","templated":true}]}}