{"id":724398,"date":"2025-08-27T19:33:53","date_gmt":"2025-08-27T16:33:53","guid":{"rendered":"https:\/\/roveyayinevi.com.tr\/index.php\/urun\/kisisel-gelisimde-bilgelik-atlasi\/"},"modified":"2026-04-12T02:38:44","modified_gmt":"2026-04-11T23:38:44","slug":"kisisel-gelisimde-bilgelik-atlasi","status":"publish","type":"product","link":"https:\/\/roveyayinevi.com.tr\/index.php\/urun\/kisisel-gelisimde-bilgelik-atlasi\/","title":{"rendered":"Ki\u015fisel Geli\u015fimde Bilgelik Atlas\u0131"},"content":{"rendered":"<p>Bu kitap, \u00f6zl\u00fc s\u00f6zlerin derlendi\u011fi ve kavram alanlar\u0131na g\u00f6re s\u0131n\u0131fland\u0131r\u0131ld\u0131\u011f\u0131 bir kitapt\u0131r. Herhangi bir kavramla ilgili kimler neler s\u00f6ylemi\u015f diye merak edenler, bu kitapta \u00e7e\u015fitli kavramlarla ilgili bir\u00e7ok \u00f6zl\u00fc s\u00f6z bulabilecektir. Say\u0131n M\u00fcjdat Kayayerli, zahmetli bir derleme sonunda \u00f6zl\u00fc s\u00f6zleri bir araya getirmi\u015f, bunlar\u0131 s\u0131n\u0131fland\u0131rarak okuyucunun yarar\u0131na sunmu\u015ftur. Bu \u00f6zl\u00fc s\u00f6zleri okumak yetmez, okuduktan sonra da \u00fczerinde uzun uzun d\u00fc\u015f\u00fcnmek gerekir. D\u00fc\u015f\u00fcnce d\u00fcnyam\u0131za yararl\u0131 olmas\u0131 dile\u011fiyle\u2026Prof. Dr. Leyl\u00e2 Karahan<\/p>\n","protected":false},"excerpt":{"rendered":"<p>Bu kitap, \u00f6zl\u00fc s\u00f6zlerin derlendi\u011fi ve kavram alanlar\u0131na g\u00f6re s\u0131n\u0131fland\u0131r\u0131ld\u0131\u011f\u0131 bir kitapt\u0131r. Herhangi bir kavramla ilgili kimler neler s\u00f6ylemi\u015f diye merak edenler, bu kitapta \u00e7e\u015fitli kavramlarla<span class=\"excerpt-hellip\"> [\u2026]<\/span><\/p>\n","protected":false},"featured_media":0,"template":"","meta":{"_monsterinsights_skip_tracking":false,"_monsterinsights_sitenote_active":false,"_monsterinsights_sitenote_note":"","_monsterinsights_sitenote_category":0},"product_brand":[],"product_cat":[12364,12376],"product_tag":[],"class_list":{"0":"post-724398","1":"product","2":"type-product","3":"status-publish","5":"product_cat-genel-konular","6":"product_cat-kisisel-gelisim","7":"pa_cilt-ciltsiz","8":"pa_tur-kitap","9":"pa_yayinevi-omca-yayinlari","10":"pa_yazar-mujdat-kayayerli","12":"first","13":"instock","14":"sale","15":"shipping-taxable","16":"purchasable","17":"product-type-simple"},"_links":{"self":[{"href":"https:\/\/roveyayinevi.com.tr\/index.php\/wp-json\/wp\/v2\/product\/724398","targetHints":{"allow":["GET"]}}],"collection":[{"href":"https:\/\/roveyayinevi.com.tr\/index.php\/wp-json\/wp\/v2\/product"}],"about":[{"href":"https:\/\/roveyayinevi.com.tr\/index.php\/wp-json\/wp\/v2\/types\/product"}],"wp:attachment":[{"href":"https:\/\/roveyayinevi.com.tr\/index.php\/wp-json\/wp\/v2\/media?parent=724398"}],"wp:term":[{"taxonomy":"product_brand","embeddable":true,"href":"https:\/\/roveyayinevi.com.tr\/index.php\/wp-json\/wp\/v2\/product_brand?post=724398"},{"taxonomy":"product_cat","embeddable":true,"href":"https:\/\/roveyayinevi.com.tr\/index.php\/wp-json\/wp\/v2\/product_cat?post=724398"},{"taxonomy":"product_tag","embeddable":true,"href":"https:\/\/roveyayinevi.com.tr\/index.php\/wp-json\/wp\/v2\/product_tag?post=724398"}],"curies":[{"name":"wp","href":"https:\/\/api.w.org\/{rel}","templated":true}]}}