{"id":724397,"date":"2025-08-27T19:33:52","date_gmt":"2025-08-27T16:33:52","guid":{"rendered":"https:\/\/roveyayinevi.com.tr\/index.php\/urun\/elif-carsiya-gidiyor-ilk-okuma-kitabim\/"},"modified":"2026-04-16T02:32:19","modified_gmt":"2026-04-15T23:32:19","slug":"elif-carsiya-gidiyor-ilk-okuma-kitabim","status":"publish","type":"product","link":"https:\/\/roveyayinevi.com.tr\/index.php\/urun\/elif-carsiya-gidiyor-ilk-okuma-kitabim\/","title":{"rendered":"Elif \u00c7ar\u015f\u0131ya Gidiyor \u0130lk Okuma Kitab\u0131m"},"content":{"rendered":"<p>Elif, babaannesinin do\u011fum g\u00fcn\u00fc yakla\u015ft\u0131\u011f\u0131 i\u00e7in \u00e7ok heyecanl\u0131yd\u0131. Babaannesine pasta yapmak i\u00e7in \u00f6nce markete gitmeleri gerekiyordu. Annesinin al\u0131\u015fveri\u015f listesi \u00e7ok uzundu. Elif markette muzlar\u0131 ve elmalar\u0131 se\u00e7erek annesine yard\u0131m etti. <\/p>\n","protected":false},"excerpt":{"rendered":"<p>Elif, babaannesinin do\u011fum g\u00fcn\u00fc yakla\u015ft\u0131\u011f\u0131 i\u00e7in \u00e7ok heyecanl\u0131yd\u0131. Babaannesine pasta yapmak i\u00e7in \u00f6nce markete gitmeleri gerekiyordu. Annesinin al\u0131\u015fveri\u015f listesi \u00e7ok uzundu. Elif markette muzlar\u0131 ve elmalar\u0131<span class=\"excerpt-hellip\"> [\u2026]<\/span><\/p>\n","protected":false},"featured_media":0,"template":"","meta":{"_monsterinsights_skip_tracking":false,"_monsterinsights_sitenote_active":false,"_monsterinsights_sitenote_note":"","_monsterinsights_sitenote_category":0},"product_brand":[],"product_cat":[12274,12518],"product_tag":[],"class_list":{"0":"post-724397","1":"product","2":"type-product","3":"status-publish","5":"product_cat-cocuk-ve-genclik-kitaplari","6":"product_cat-okul-oncesi-kitaplar","7":"pa_cilt-ciltsiz","8":"pa_tur-kitap","9":"pa_yayinevi-is-bankasi-kultur-yayinlari","10":"pa_yazar-liane-schneider","12":"first","13":"instock","14":"sale","15":"shipping-taxable","16":"purchasable","17":"product-type-simple"},"_links":{"self":[{"href":"https:\/\/roveyayinevi.com.tr\/index.php\/wp-json\/wp\/v2\/product\/724397","targetHints":{"allow":["GET"]}}],"collection":[{"href":"https:\/\/roveyayinevi.com.tr\/index.php\/wp-json\/wp\/v2\/product"}],"about":[{"href":"https:\/\/roveyayinevi.com.tr\/index.php\/wp-json\/wp\/v2\/types\/product"}],"wp:attachment":[{"href":"https:\/\/roveyayinevi.com.tr\/index.php\/wp-json\/wp\/v2\/media?parent=724397"}],"wp:term":[{"taxonomy":"product_brand","embeddable":true,"href":"https:\/\/roveyayinevi.com.tr\/index.php\/wp-json\/wp\/v2\/product_brand?post=724397"},{"taxonomy":"product_cat","embeddable":true,"href":"https:\/\/roveyayinevi.com.tr\/index.php\/wp-json\/wp\/v2\/product_cat?post=724397"},{"taxonomy":"product_tag","embeddable":true,"href":"https:\/\/roveyayinevi.com.tr\/index.php\/wp-json\/wp\/v2\/product_tag?post=724397"}],"curies":[{"name":"wp","href":"https:\/\/api.w.org\/{rel}","templated":true}]}}