{"id":724395,"date":"2025-08-27T19:33:51","date_gmt":"2025-08-27T16:33:51","guid":{"rendered":"https:\/\/roveyayinevi.com.tr\/index.php\/urun\/ucak-tren-ve-gemi-dunyayi-ogreniyorum\/"},"modified":"2026-04-16T02:32:19","modified_gmt":"2026-04-15T23:32:19","slug":"ucak-tren-ve-gemi-dunyayi-ogreniyorum","status":"publish","type":"product","link":"https:\/\/roveyayinevi.com.tr\/index.php\/urun\/ucak-tren-ve-gemi-dunyayi-ogreniyorum\/","title":{"rendered":"U\u00e7ak, Tren Ve Gemi D\u00fcnyayi \u00d6\u011freniyorum"},"content":{"rendered":"<p>Motoru olmayan bir plan\u00f6r u\u00e7ak nas\u0131l u\u00e7abilir? Bir konteyner gemisine ka\u00e7 adet konteyner s\u0131\u011fabilir? H\u0131zl\u0131 tren ne kadar h\u0131zl\u0131d\u0131r? H\u0131zl\u0131 trenler elektrik enerjisini nas\u0131l al\u0131rlar? T\u00fcm bu sorular\u0131n yan\u0131t\u0131n\u0131 ve \u00e7e\u015fitli ara\u00e7lar hakk\u0131nda merak ettiklerini bu kitapta bulabilirsin. <\/p>\n","protected":false},"excerpt":{"rendered":"<p>Motoru olmayan bir plan\u00f6r u\u00e7ak nas\u0131l u\u00e7abilir? Bir konteyner gemisine ka\u00e7 adet konteyner s\u0131\u011fabilir? H\u0131zl\u0131 tren ne kadar h\u0131zl\u0131d\u0131r? H\u0131zl\u0131 trenler elektrik enerjisini nas\u0131l al\u0131rlar? T\u00fcm<span class=\"excerpt-hellip\"> [\u2026]<\/span><\/p>\n","protected":false},"featured_media":0,"template":"","meta":{"_monsterinsights_skip_tracking":false,"_monsterinsights_sitenote_active":false,"_monsterinsights_sitenote_note":"","_monsterinsights_sitenote_category":0},"product_brand":[],"product_cat":[12274,12518],"product_tag":[],"class_list":{"0":"post-724395","1":"product","2":"type-product","3":"status-publish","5":"product_cat-cocuk-ve-genclik-kitaplari","6":"product_cat-okul-oncesi-kitaplar","7":"pa_cilt-ciltsiz","8":"pa_tur-kitap","9":"pa_yayinevi-is-bankasi-kultur-yayinlari","10":"pa_yazar-frank-littek","12":"first","13":"instock","14":"sale","15":"shipping-taxable","16":"purchasable","17":"product-type-simple"},"_links":{"self":[{"href":"https:\/\/roveyayinevi.com.tr\/index.php\/wp-json\/wp\/v2\/product\/724395","targetHints":{"allow":["GET"]}}],"collection":[{"href":"https:\/\/roveyayinevi.com.tr\/index.php\/wp-json\/wp\/v2\/product"}],"about":[{"href":"https:\/\/roveyayinevi.com.tr\/index.php\/wp-json\/wp\/v2\/types\/product"}],"wp:attachment":[{"href":"https:\/\/roveyayinevi.com.tr\/index.php\/wp-json\/wp\/v2\/media?parent=724395"}],"wp:term":[{"taxonomy":"product_brand","embeddable":true,"href":"https:\/\/roveyayinevi.com.tr\/index.php\/wp-json\/wp\/v2\/product_brand?post=724395"},{"taxonomy":"product_cat","embeddable":true,"href":"https:\/\/roveyayinevi.com.tr\/index.php\/wp-json\/wp\/v2\/product_cat?post=724395"},{"taxonomy":"product_tag","embeddable":true,"href":"https:\/\/roveyayinevi.com.tr\/index.php\/wp-json\/wp\/v2\/product_tag?post=724395"}],"curies":[{"name":"wp","href":"https:\/\/api.w.org\/{rel}","templated":true}]}}