{"id":724394,"date":"2025-08-27T19:33:50","date_gmt":"2025-08-27T16:33:50","guid":{"rendered":"https:\/\/roveyayinevi.com.tr\/index.php\/urun\/karamelin-agaci\/"},"modified":"2026-04-16T02:32:19","modified_gmt":"2026-04-15T23:32:19","slug":"karamelin-agaci","status":"publish","type":"product","link":"https:\/\/roveyayinevi.com.tr\/index.php\/urun\/karamelin-agaci\/","title":{"rendered":"Karamel\u2019in A\u011fac\u0131"},"content":{"rendered":"<p>Karamel, s\u0131rt\u0131n\u0131 ka\u015f\u0131yabilece\u011fi harika bir a\u011fa\u00e7 biliyordu. Gelin g\u00f6r\u00fcn ki, bir g\u00fcn a\u011fa\u00e7 devriliverdi! Yetenekli yazar Victoria Cassanell\u2019in ilk kitab\u0131 Karamel\u2019in A\u011fac\u0131, ba\u015fkalar\u0131na yard\u0131m etmenin nas\u0131l beklenmedik ve m\u00fcthi\u015f sonu\u00e7lar do\u011furabilece\u011fini anlat\u0131yor. <\/p>\n","protected":false},"excerpt":{"rendered":"<p>Karamel, s\u0131rt\u0131n\u0131 ka\u015f\u0131yabilece\u011fi harika bir a\u011fa\u00e7 biliyordu. Gelin g\u00f6r\u00fcn ki, bir g\u00fcn a\u011fa\u00e7 devriliverdi! Yetenekli yazar Victoria Cassanell\u2019in ilk kitab\u0131 Karamel\u2019in A\u011fac\u0131, ba\u015fkalar\u0131na yard\u0131m etmenin nas\u0131l<span class=\"excerpt-hellip\"> [\u2026]<\/span><\/p>\n","protected":false},"featured_media":0,"template":"","meta":{"_monsterinsights_skip_tracking":false,"_monsterinsights_sitenote_active":false,"_monsterinsights_sitenote_note":"","_monsterinsights_sitenote_category":0},"product_brand":[],"product_cat":[12274,12518],"product_tag":[],"class_list":{"0":"post-724394","1":"product","2":"type-product","3":"status-publish","5":"product_cat-cocuk-ve-genclik-kitaplari","6":"product_cat-okul-oncesi-kitaplar","7":"pa_cilt-ciltsiz","8":"pa_tur-kitap","9":"pa_yayinevi-is-bankasi-kultur-yayinlari","10":"pa_yazar-victoria-cassanell","12":"first","13":"instock","14":"sale","15":"shipping-taxable","16":"purchasable","17":"product-type-simple"},"_links":{"self":[{"href":"https:\/\/roveyayinevi.com.tr\/index.php\/wp-json\/wp\/v2\/product\/724394","targetHints":{"allow":["GET"]}}],"collection":[{"href":"https:\/\/roveyayinevi.com.tr\/index.php\/wp-json\/wp\/v2\/product"}],"about":[{"href":"https:\/\/roveyayinevi.com.tr\/index.php\/wp-json\/wp\/v2\/types\/product"}],"wp:attachment":[{"href":"https:\/\/roveyayinevi.com.tr\/index.php\/wp-json\/wp\/v2\/media?parent=724394"}],"wp:term":[{"taxonomy":"product_brand","embeddable":true,"href":"https:\/\/roveyayinevi.com.tr\/index.php\/wp-json\/wp\/v2\/product_brand?post=724394"},{"taxonomy":"product_cat","embeddable":true,"href":"https:\/\/roveyayinevi.com.tr\/index.php\/wp-json\/wp\/v2\/product_cat?post=724394"},{"taxonomy":"product_tag","embeddable":true,"href":"https:\/\/roveyayinevi.com.tr\/index.php\/wp-json\/wp\/v2\/product_tag?post=724394"}],"curies":[{"name":"wp","href":"https:\/\/api.w.org\/{rel}","templated":true}]}}