{"id":724384,"date":"2025-08-27T19:33:41","date_gmt":"2025-08-27T16:33:41","guid":{"rendered":"https:\/\/roveyayinevi.com.tr\/index.php\/urun\/baskalasmis-kadinlar\/"},"modified":"2026-04-16T02:32:19","modified_gmt":"2026-04-15T23:32:19","slug":"baskalasmis-kadinlar","status":"publish","type":"product","link":"https:\/\/roveyayinevi.com.tr\/index.php\/urun\/baskalasmis-kadinlar\/","title":{"rendered":"Ba\u015fkala\u015fm\u0131\u015f Kad\u0131nlar"},"content":{"rendered":"<p>\u201cKad\u0131n\u0131n tekrar asaletine kavu\u015fmas\u0131n\u0131n yollar\u0131\u201d\u201cBu kitap, \u00e7ocuklar ile ilgili s\u00f6ylenecek s\u00f6zlerin muhatab\u0131n\u0131n bulunamamas\u0131 sebebiyle yaz\u0131lm\u0131\u015ft\u0131r. Anneler \u00e7oktan \u201ct\u00fckenmi\u015f\u201dtir. Ge\u00e7mi\u015f zamanlara k\u0131yasla belki de \u201canne\u201dye her zamankinden daha fazla ihtiyac\u0131 olan \u00e7ocuklar\u0131 anneleriyle bulu\u015fturabilmek i\u00e7in yaz\u0131lm\u0131\u015ft\u0131r. Onlar mutlu olsun diye. S\u00f6yleyecek s\u00f6z\u00fc varsa insan\u0131n, mutlaka s\u00f6ylemeli; illa ki duyacak birileri vard\u0131r.\u201dKad\u0131n hakikatin ta kendisidir. Arz ile sema aras\u0131ndaki tek rab\u0131tad\u0131r. Y\u00fccedir, asildir, de\u011feri kendinden menkuld\u00fcr. \u00dcretkenli\u011fi ile tabiat\u0131n ilham kayna\u011f\u0131d\u0131r, hayat\u0131n poetik bir izd\u00fc\u015f\u00fcm\u00fcd\u00fcr. Hakikati temsil g\u00fcc\u00fcn\u00fc ve arz ile sema aras\u0131nda rab\u0131ta olmay\u0131 reddeden kad\u0131n ise, ba\u015fkala\u015fm\u0131\u015f kad\u0131nd\u0131r. Evet, belki biyolojik anlamda h\u00e2l\u00e2 kad\u0131nd\u0131r ama kendi tabiat\u0131na, f\u0131trat\u0131na, asaletine yabanc\u0131la\u015fm\u0131\u015ft\u0131r.Beri yandan, kad\u0131n demek anne demektir, anne demek \u00e7ocuk demektir. Bu tesels\u00fcl\u00fcn bir devam\u0131 olarak; be\u015fer\u00ee saadetinin \u00f6nko\u015fulu olan mutlu \u00e7ocuklar ve mutlu \u00e7ocuklar da ger\u00e7ek anneler sayesinde m\u00fcmk\u00fcnd\u00fcr. E\u011fer iyi bir d\u00fcnya \u00e7ocuklar\u0131n mutlulu\u011funa ba\u011fl\u0131ysa, o halde bu iyi bir d\u00fcnya hayali i\u00e7in her daim ve her \u015fartta m\u00fccadele etmek boynumuzun borcudur. Ba\u015fkala\u015fmadan kalman\u0131n da tek yolu bu m\u00fccadele olsa gerek.Kad\u0131n toplumun aynas\u0131d\u0131r, \u00e7ocuk da o aynadaki g\u00f6r\u00fcnt\u00fcd\u00fcr.Bu kitap, kad\u0131n\u0131n\u0131n bu ba\u015fkala\u015f\u0131m\u0131n\u0131n izini s\u00fcrmekte, tekrar asaletine kavu\u015fmas\u0131n\u0131n yollar\u0131n\u0131 aramaktad\u0131r.<\/p>\n","protected":false},"excerpt":{"rendered":"<p>\u201cKad\u0131n\u0131n tekrar asaletine kavu\u015fmas\u0131n\u0131n yollar\u0131\u201d\u201cBu kitap, \u00e7ocuklar ile ilgili s\u00f6ylenecek s\u00f6zlerin muhatab\u0131n\u0131n bulunamamas\u0131 sebebiyle yaz\u0131lm\u0131\u015ft\u0131r. Anneler \u00e7oktan \u201ct\u00fckenmi\u015f\u201dtir. Ge\u00e7mi\u015f zamanlara k\u0131yasla belki de \u201canne\u201dye her zamankinden<span class=\"excerpt-hellip\"> [\u2026]<\/span><\/p>\n","protected":false},"featured_media":0,"template":"","meta":{"_monsterinsights_skip_tracking":false,"_monsterinsights_sitenote_active":false,"_monsterinsights_sitenote_note":"","_monsterinsights_sitenote_category":0},"product_brand":[],"product_cat":[14741,13488],"product_tag":[],"class_list":{"0":"post-724384","1":"product","2":"type-product","3":"status-publish","5":"product_cat-kadin-sorunlari-feminizm","6":"product_cat-toplum-ve-insan","7":"pa_cilt-ciltsiz","8":"pa_tur-kitap","9":"pa_yayinevi-hayat-yayinlari","10":"pa_yazar-gulsum-mehdiyev","12":"first","13":"instock","14":"sale","15":"shipping-taxable","16":"purchasable","17":"product-type-simple"},"_links":{"self":[{"href":"https:\/\/roveyayinevi.com.tr\/index.php\/wp-json\/wp\/v2\/product\/724384","targetHints":{"allow":["GET"]}}],"collection":[{"href":"https:\/\/roveyayinevi.com.tr\/index.php\/wp-json\/wp\/v2\/product"}],"about":[{"href":"https:\/\/roveyayinevi.com.tr\/index.php\/wp-json\/wp\/v2\/types\/product"}],"wp:attachment":[{"href":"https:\/\/roveyayinevi.com.tr\/index.php\/wp-json\/wp\/v2\/media?parent=724384"}],"wp:term":[{"taxonomy":"product_brand","embeddable":true,"href":"https:\/\/roveyayinevi.com.tr\/index.php\/wp-json\/wp\/v2\/product_brand?post=724384"},{"taxonomy":"product_cat","embeddable":true,"href":"https:\/\/roveyayinevi.com.tr\/index.php\/wp-json\/wp\/v2\/product_cat?post=724384"},{"taxonomy":"product_tag","embeddable":true,"href":"https:\/\/roveyayinevi.com.tr\/index.php\/wp-json\/wp\/v2\/product_tag?post=724384"}],"curies":[{"name":"wp","href":"https:\/\/api.w.org\/{rel}","templated":true}]}}