{"id":724383,"date":"2025-08-27T19:33:40","date_gmt":"2025-08-27T16:33:40","guid":{"rendered":"https:\/\/roveyayinevi.com.tr\/index.php\/urun\/krem\/"},"modified":"2026-04-16T02:32:19","modified_gmt":"2026-04-15T23:32:19","slug":"krem","status":"publish","type":"product","link":"https:\/\/roveyayinevi.com.tr\/index.php\/urun\/krem\/","title":{"rendered":"Krem"},"content":{"rendered":"<p>Ge\u00e7mi\u015fin izleri, hayal k\u0131r\u0131kl\u0131klar\u0131 ve bug\u00fcn\u00fcn dertleri de t\u0131pk\u0131 y\u00fcz\u00fcm\u00fczdeki \u00e7izgiler gibi bir kremle silinip gidebilir mi? Birbirinden habersiz i\u00e7 i\u00e7e ge\u00e7mi\u015f hayatlar, bir \u201ckrem\u201dle tamamen de\u011fi\u015fiyor! Yaln\u0131z bir kad\u0131n, bir patron, bir reklam duayeni, ke\u015ffedilmeyi bekleyen bir oyuncu ve di\u011ferleri&#8230; \u0130stanbul\u2019un s\u0131radan sakinleri toplumsal bask\u0131lar\u0131n r\u00fczgar\u0131nda savrulurken, ya\u015famlar\u0131 bir y\u00fcz kremiyle beklenmedik bir \u015fekilde kesi\u015fecek. \u015ea\u015f\u0131rt\u0131c\u0131 bir kurgu ile okuru s\u00fcr\u00fckleyen bu hik\u00e2ye, okuyan herkesi kendi hayat\u0131nda bir d\u00f6n\u00fc\u015f\u00fcme davet ediyor! T\u0131pk\u0131 bu e\u015fsiz kremin reklam\u0131nda dendi\u011fi gibi: \u201cKorkmay\u0131n. De\u011fi\u015fime haz\u0131r olun!\u201d   * Tolga H\u0131rsova\u2019n\u0131n \u0130ll\u00fcstrasyonlar\u0131yla<\/p>\n","protected":false},"excerpt":{"rendered":"<p>Ge\u00e7mi\u015fin izleri, hayal k\u0131r\u0131kl\u0131klar\u0131 ve bug\u00fcn\u00fcn dertleri de t\u0131pk\u0131 y\u00fcz\u00fcm\u00fczdeki \u00e7izgiler gibi bir kremle silinip gidebilir mi? Birbirinden habersiz i\u00e7 i\u00e7e ge\u00e7mi\u015f hayatlar, bir \u201ckrem\u201dle tamamen<span class=\"excerpt-hellip\"> [\u2026]<\/span><\/p>\n","protected":false},"featured_media":0,"template":"","meta":{"_monsterinsights_skip_tracking":false,"_monsterinsights_sitenote_active":false,"_monsterinsights_sitenote_note":"","_monsterinsights_sitenote_category":0},"product_brand":[],"product_cat":[12291,12711],"product_tag":[],"class_list":{"0":"post-724383","1":"product","2":"type-product","3":"status-publish","5":"product_cat-edebiyat","6":"product_cat-roman-oyku","7":"pa_cilt-ciltsiz","8":"pa_tur-kitap","9":"pa_yayinevi-kara-karga-yayinlari","10":"pa_yazar-irem-erman","12":"first","13":"instock","14":"sale","15":"shipping-taxable","16":"purchasable","17":"product-type-simple"},"_links":{"self":[{"href":"https:\/\/roveyayinevi.com.tr\/index.php\/wp-json\/wp\/v2\/product\/724383","targetHints":{"allow":["GET"]}}],"collection":[{"href":"https:\/\/roveyayinevi.com.tr\/index.php\/wp-json\/wp\/v2\/product"}],"about":[{"href":"https:\/\/roveyayinevi.com.tr\/index.php\/wp-json\/wp\/v2\/types\/product"}],"wp:attachment":[{"href":"https:\/\/roveyayinevi.com.tr\/index.php\/wp-json\/wp\/v2\/media?parent=724383"}],"wp:term":[{"taxonomy":"product_brand","embeddable":true,"href":"https:\/\/roveyayinevi.com.tr\/index.php\/wp-json\/wp\/v2\/product_brand?post=724383"},{"taxonomy":"product_cat","embeddable":true,"href":"https:\/\/roveyayinevi.com.tr\/index.php\/wp-json\/wp\/v2\/product_cat?post=724383"},{"taxonomy":"product_tag","embeddable":true,"href":"https:\/\/roveyayinevi.com.tr\/index.php\/wp-json\/wp\/v2\/product_tag?post=724383"}],"curies":[{"name":"wp","href":"https:\/\/api.w.org\/{rel}","templated":true}]}}