{"id":724382,"date":"2025-08-27T19:33:39","date_gmt":"2025-08-27T16:33:39","guid":{"rendered":"https:\/\/roveyayinevi.com.tr\/index.php\/urun\/bulasici-bir-cizgifilm\/"},"modified":"2025-11-21T06:03:36","modified_gmt":"2025-11-21T03:03:36","slug":"bulasici-bir-cizgifilm","status":"publish","type":"product","link":"https:\/\/roveyayinevi.com.tr\/index.php\/urun\/bulasici-bir-cizgifilm\/","title":{"rendered":"Bula\u015f\u0131c\u0131 Bir \u00c7izgifilm"},"content":{"rendered":"<p>Mert okulunu ve arkada\u015flar\u0131n\u0131 \u00e7ok seven, \u00f6\u011fretmenine hayran 5 ya\u015f\u0131nda bir \u00e7ocuktur. Mert\u2019in okulundan uzak kald\u0131\u011f\u0131 g\u00fcnlerde ya\u015fad\u0131\u011f\u0131 duygular\u0131 hep birlikte \u00f6\u011frenelim mi? Ne dersiniz?<\/p>\n","protected":false},"excerpt":{"rendered":"<p>Mert okulunu ve arkada\u015flar\u0131n\u0131 \u00e7ok seven, \u00f6\u011fretmenine hayran 5 ya\u015f\u0131nda bir \u00e7ocuktur. Mert\u2019in okulundan uzak kald\u0131\u011f\u0131 g\u00fcnlerde ya\u015fad\u0131\u011f\u0131 duygular\u0131 hep birlikte \u00f6\u011frenelim mi? Ne dersiniz?<\/p>\n","protected":false},"featured_media":0,"template":"","meta":{"_monsterinsights_skip_tracking":false,"_monsterinsights_sitenote_active":false,"_monsterinsights_sitenote_note":"","_monsterinsights_sitenote_category":0},"product_brand":[],"product_cat":[12274,12284],"product_tag":[],"class_list":{"0":"post-724382","1":"product","2":"type-product","3":"status-publish","5":"product_cat-cocuk-ve-genclik-kitaplari","6":"product_cat-hikayeler","7":"pa_cilt-ciltsiz","8":"pa_tur-kitap","9":"pa_yayinevi-servet-yayinevi","10":"pa_yazar-yasemin-kaya","12":"first","13":"instock","14":"sale","15":"shipping-taxable","16":"purchasable","17":"product-type-simple"},"_links":{"self":[{"href":"https:\/\/roveyayinevi.com.tr\/index.php\/wp-json\/wp\/v2\/product\/724382","targetHints":{"allow":["GET"]}}],"collection":[{"href":"https:\/\/roveyayinevi.com.tr\/index.php\/wp-json\/wp\/v2\/product"}],"about":[{"href":"https:\/\/roveyayinevi.com.tr\/index.php\/wp-json\/wp\/v2\/types\/product"}],"wp:attachment":[{"href":"https:\/\/roveyayinevi.com.tr\/index.php\/wp-json\/wp\/v2\/media?parent=724382"}],"wp:term":[{"taxonomy":"product_brand","embeddable":true,"href":"https:\/\/roveyayinevi.com.tr\/index.php\/wp-json\/wp\/v2\/product_brand?post=724382"},{"taxonomy":"product_cat","embeddable":true,"href":"https:\/\/roveyayinevi.com.tr\/index.php\/wp-json\/wp\/v2\/product_cat?post=724382"},{"taxonomy":"product_tag","embeddable":true,"href":"https:\/\/roveyayinevi.com.tr\/index.php\/wp-json\/wp\/v2\/product_tag?post=724382"}],"curies":[{"name":"wp","href":"https:\/\/api.w.org\/{rel}","templated":true}]}}