{"id":724380,"date":"2025-08-27T19:33:37","date_gmt":"2025-08-27T16:33:37","guid":{"rendered":"https:\/\/roveyayinevi.com.tr\/index.php\/urun\/ailemizin-mucitleri\/"},"modified":"2026-04-16T02:32:19","modified_gmt":"2026-04-15T23:32:19","slug":"ailemizin-mucitleri","status":"publish","type":"product","link":"https:\/\/roveyayinevi.com.tr\/index.php\/urun\/ailemizin-mucitleri\/","title":{"rendered":"Ailemizin Mucitleri"},"content":{"rendered":"<p>K\u00fc\u00e7\u00fck Altan oldu mu size &#8220;mucit&#8221; Altan! Ailemizin Mucitleri, &#8220;K\u00fc\u00e7\u00fck Y\u0131ld\u0131zlar &#8211; \u0130lk Okuma Kitapl\u0131\u011f\u0131&#8221; serisindeki yerini al\u0131yor.&#8221;Okuma Seviyesi 1&#8243; olarak s\u0131n\u0131fland\u0131r\u0131lan bu merak uyand\u0131r\u0131c\u0131 \u00f6yk\u00fc, 7 ya\u015f ve \u00fczerindeki \u00f6\u011frencileri, bilimin \u0131\u015f\u0131\u011f\u0131nda, hem e\u011flenceli hem de \u00f6\u011fretici bir okuma ser\u00fcvenine \u00e7\u0131kar\u0131yor.Hayat\u0131 kolayla\u015ft\u0131ran icatlar\u0131yla nam salm\u0131\u015f bir mucit ile g\u00f6z\u00fc pek ye\u011feninin ba\u015f\u0131ndan ge\u00e7en heyecan verici olaylar\u0131 konu edinen Ailemizin Mucitleri; yeti\u015fkinlerin \u00e7ocuklar\u0131 yeterince ciddiye almad\u0131\u011f\u0131 ve onlara sorumluluk vermekten ka\u00e7\u0131nd\u0131\u011f\u0131 ger\u00e7e\u011fini, hayallerine ula\u015fmak i\u00e7in bir an \u00f6nce b\u00fcy\u00fcmek isteyen bir \u00e7ocu\u011fun g\u00f6z\u00fcnden anlat\u0131yor.   Altan&#8217;\u0131n mucit halas\u0131 Suna, bir harika! Hemen her g\u00fcn kendisi ve ba\u015fkalar\u0131 i\u00e7in \u015fa\u015f\u0131rt\u0131c\u0131 icatlar geli\u015ftiriyor. D\u00fcnyan\u0131n d\u00f6rt bir yan\u0131ndan s\u00fcrekli yeni sipari\u015fler al\u0131yor. Ama bir g\u00fcn, Oda Toplama Makinesi, Ya\u011fmur Ya\u011fd\u0131rma Makinesi derken, yarat\u0131c\u0131 fikirleri bir anda t\u00fckeniyor. Acaba icat edilecek bir \u015fey mi kalmad\u0131? Bu, tam da Altan&#8217;\u0131n hayalini kurdu\u011fu f\u0131rsat! Yoksa Altan, ailenin yeni mucidi mi oluyor? Halas\u0131na g\u00f6re bu mesle\u011fi yapabilmesi i\u00e7in \u00f6ncelikle b\u00fcy\u00fcmesi gerek. Peki ya parlak fikirleri? Tabii ki halas\u0131na emanet&#8230; Durun bir dakika! Suna Halan\u0131n \u00e7al\u0131\u015fma odas\u0131ndan garip sesler y\u00fckseliyor! O da nesi? Kimsecikler yok ortada! Yeni icad\u0131 \u00fczerinde \u00e7al\u0131\u015f\u0131rken ba\u015f\u0131na bir \u015fey mi geldi? \u0130\u015fte \u015fimdi Altan&#8217;\u0131n, mucitli\u011fini g\u00f6sterme zaman\u0131! Ak\u0131llara durgunluk verecek icatlardan bahsederek \u00e7ocuklar\u0131 merak etmeye ve ara\u015ft\u0131rmaya y\u00f6nlendiren kitap, k\u00fc\u00e7\u00fckleri yarat\u0131c\u0131 d\u00fc\u015f\u00fcnmeye ve yeni ke\u015fiflerin izini s\u00fcrmeye \u00e7a\u011f\u0131r\u0131yor.Ailemizin Mucitleri, son b\u00f6l\u00fcm\u00fcnde yer verdi\u011fi muhte\u015fem bulmacalar, harika oyunlar ve s\u00f6zl\u00fck sayfalar\u0131yla, yeni okurlar\u0131n\u0131n kelime da\u011farc\u0131\u011f\u0131n\u0131 zenginle\u015ftiriyor, okuduklar\u0131n\u0131 daha iyi anlamalar\u0131na ve peki\u015ftirmelerine olanak sa\u011fl\u0131yor. <\/p>\n","protected":false},"excerpt":{"rendered":"<p>K\u00fc\u00e7\u00fck Altan oldu mu size &#8220;mucit&#8221; Altan! Ailemizin Mucitleri, &#8220;K\u00fc\u00e7\u00fck Y\u0131ld\u0131zlar &#8211; \u0130lk Okuma Kitapl\u0131\u011f\u0131&#8221; serisindeki yerini al\u0131yor.&#8221;Okuma Seviyesi 1&#8243; olarak s\u0131n\u0131fland\u0131r\u0131lan bu merak uyand\u0131r\u0131c\u0131 \u00f6yk\u00fc,<span class=\"excerpt-hellip\"> [\u2026]<\/span><\/p>\n","protected":false},"featured_media":0,"template":"","meta":{"_monsterinsights_skip_tracking":false,"_monsterinsights_sitenote_active":false,"_monsterinsights_sitenote_note":"","_monsterinsights_sitenote_category":0},"product_brand":[],"product_cat":[12274,12284],"product_tag":[],"class_list":{"0":"post-724380","1":"product","2":"type-product","3":"status-publish","5":"product_cat-cocuk-ve-genclik-kitaplari","6":"product_cat-hikayeler","7":"pa_cilt-ciltsiz","8":"pa_tur-kitap","9":"pa_yayinevi-tudem-yayinlari","10":"pa_yazar-heike-wiechmann","12":"first","13":"instock","14":"sale","15":"shipping-taxable","16":"purchasable","17":"product-type-simple"},"_links":{"self":[{"href":"https:\/\/roveyayinevi.com.tr\/index.php\/wp-json\/wp\/v2\/product\/724380","targetHints":{"allow":["GET"]}}],"collection":[{"href":"https:\/\/roveyayinevi.com.tr\/index.php\/wp-json\/wp\/v2\/product"}],"about":[{"href":"https:\/\/roveyayinevi.com.tr\/index.php\/wp-json\/wp\/v2\/types\/product"}],"wp:attachment":[{"href":"https:\/\/roveyayinevi.com.tr\/index.php\/wp-json\/wp\/v2\/media?parent=724380"}],"wp:term":[{"taxonomy":"product_brand","embeddable":true,"href":"https:\/\/roveyayinevi.com.tr\/index.php\/wp-json\/wp\/v2\/product_brand?post=724380"},{"taxonomy":"product_cat","embeddable":true,"href":"https:\/\/roveyayinevi.com.tr\/index.php\/wp-json\/wp\/v2\/product_cat?post=724380"},{"taxonomy":"product_tag","embeddable":true,"href":"https:\/\/roveyayinevi.com.tr\/index.php\/wp-json\/wp\/v2\/product_tag?post=724380"}],"curies":[{"name":"wp","href":"https:\/\/api.w.org\/{rel}","templated":true}]}}