{"id":724378,"date":"2025-08-27T19:33:35","date_gmt":"2025-08-27T16:33:35","guid":{"rendered":"https:\/\/roveyayinevi.com.tr\/index.php\/urun\/arife-evde-cat-basina\/"},"modified":"2026-04-16T02:32:19","modified_gmt":"2026-04-15T23:32:19","slug":"arife-evde-cat-basina","status":"publish","type":"product","link":"https:\/\/roveyayinevi.com.tr\/index.php\/urun\/arife-evde-cat-basina\/","title":{"rendered":"Arife &#8211; Evde Cat Ba\u015f\u0131na"},"content":{"rendered":"<p>bazen kaybolur kedibulamazs\u0131nne sesi gelirsuyu d\u00f6ven dilininne a\u011f\u0131zda \u00e7\u0131t\u0131rday\u0131\u015f\u0131 maman\u0131nkar\u0131l\u0131\u015f\u0131 da susar kumunt\u0131rmalan\u0131\u015f\u0131 da mobilyan\u0131nduyamazs\u0131nsonra kedi gelir birdenkendi sessizli\u011finin i\u00e7indenkurulur bir k\u00f6\u015feyesiler kaybolu\u015funu t\u00fcylerindenbakmalara doyamazs\u0131nve sadece kedilere\u2018NEREDEYD\u0130N\u2019 diyesoramazs\u0131n<\/p>\n","protected":false},"excerpt":{"rendered":"<p>bazen kaybolur kedibulamazs\u0131nne sesi gelirsuyu d\u00f6ven dilininne a\u011f\u0131zda \u00e7\u0131t\u0131rday\u0131\u015f\u0131 maman\u0131nkar\u0131l\u0131\u015f\u0131 da susar kumunt\u0131rmalan\u0131\u015f\u0131 da mobilyan\u0131nduyamazs\u0131nsonra kedi gelir birdenkendi sessizli\u011finin i\u00e7indenkurulur bir k\u00f6\u015feyesiler kaybolu\u015funu t\u00fcylerindenbakmalara doyamazs\u0131nve sadece<span class=\"excerpt-hellip\"> [\u2026]<\/span><\/p>\n","protected":false},"featured_media":0,"template":"","meta":{"_monsterinsights_skip_tracking":false,"_monsterinsights_sitenote_active":false,"_monsterinsights_sitenote_note":"","_monsterinsights_sitenote_category":0},"product_brand":[],"product_cat":[12416,12291],"product_tag":[],"class_list":{"0":"post-724378","1":"product","2":"type-product","3":"status-publish","5":"product_cat-cizgi-roman","6":"product_cat-edebiyat","7":"pa_cilt-ciltsiz","8":"pa_tur-kitap","9":"pa_yayinevi-alfa-yayinlari","10":"pa_yazar-rewhat","12":"first","13":"instock","14":"sale","15":"shipping-taxable","16":"purchasable","17":"product-type-simple"},"_links":{"self":[{"href":"https:\/\/roveyayinevi.com.tr\/index.php\/wp-json\/wp\/v2\/product\/724378","targetHints":{"allow":["GET"]}}],"collection":[{"href":"https:\/\/roveyayinevi.com.tr\/index.php\/wp-json\/wp\/v2\/product"}],"about":[{"href":"https:\/\/roveyayinevi.com.tr\/index.php\/wp-json\/wp\/v2\/types\/product"}],"wp:attachment":[{"href":"https:\/\/roveyayinevi.com.tr\/index.php\/wp-json\/wp\/v2\/media?parent=724378"}],"wp:term":[{"taxonomy":"product_brand","embeddable":true,"href":"https:\/\/roveyayinevi.com.tr\/index.php\/wp-json\/wp\/v2\/product_brand?post=724378"},{"taxonomy":"product_cat","embeddable":true,"href":"https:\/\/roveyayinevi.com.tr\/index.php\/wp-json\/wp\/v2\/product_cat?post=724378"},{"taxonomy":"product_tag","embeddable":true,"href":"https:\/\/roveyayinevi.com.tr\/index.php\/wp-json\/wp\/v2\/product_tag?post=724378"}],"curies":[{"name":"wp","href":"https:\/\/api.w.org\/{rel}","templated":true}]}}