{"id":724376,"date":"2025-08-27T19:33:34","date_gmt":"2025-08-27T16:33:34","guid":{"rendered":"https:\/\/roveyayinevi.com.tr\/index.php\/urun\/sufilerin-edepleri\/"},"modified":"2026-04-16T02:32:19","modified_gmt":"2026-04-15T23:32:19","slug":"sufilerin-edepleri","status":"publish","type":"product","link":"https:\/\/roveyayinevi.com.tr\/index.php\/urun\/sufilerin-edepleri\/","title":{"rendered":"Sufilerin Edepleri"},"content":{"rendered":"<p>Bu kitap, d\u00fcnyada huzur i\u00e7inde ya\u015faman\u0131n ve \u00f6l\u00fcm korkusunu \u00fczerinden atman\u0131n alt\u0131n anahtarlar\u0131n\u0131 veren e\u015fsiz bir eserdir.Peygamberimiz aleyhissel\u00e2m buyurdular: \u201cBir kimse, ibadet etmemesine ra\u011fmen, g\u00fczel ahl\u00e2k\u0131 sayesinde cennette en \u00fcst derecelere eri\u015fir. Durmadan ibadet eden kimse de, s\u0131rf k\u00f6t\u00fc ahl\u00e2k\u0131 y\u00fcz\u00fcnden cehennemin dibini boylar.\u201dBir s\u00fbf\u00eeye g\u00f6re g\u00fczel ahl\u00e2k: \u201cHem insanlara eziyet etmemek, hem de eziyetlerine katlanmakt\u0131r.\u201dEbubekir el-Kett\u00e2n\u00ee: \u201cBir m\u00fcminin g\u00f6nl\u00fcn\u00fc ho\u015f etmem, bana kabul edilmi\u015f bir hacdan daha sevimli gelir.\u201d<\/p>\n","protected":false},"excerpt":{"rendered":"<p>Bu kitap, d\u00fcnyada huzur i\u00e7inde ya\u015faman\u0131n ve \u00f6l\u00fcm korkusunu \u00fczerinden atman\u0131n alt\u0131n anahtarlar\u0131n\u0131 veren e\u015fsiz bir eserdir.Peygamberimiz aleyhissel\u00e2m buyurdular: \u201cBir kimse, ibadet etmemesine ra\u011fmen, g\u00fczel ahl\u00e2k\u0131<span class=\"excerpt-hellip\"> [\u2026]<\/span><\/p>\n","protected":false},"featured_media":0,"template":"","meta":{"_monsterinsights_skip_tracking":false,"_monsterinsights_sitenote_active":false,"_monsterinsights_sitenote_note":"","_monsterinsights_sitenote_category":0},"product_brand":[],"product_cat":[12718,12719,12720],"product_tag":[],"class_list":{"0":"post-724376","1":"product","2":"type-product","3":"status-publish","5":"product_cat-din","6":"product_cat-islam","7":"product_cat-tasavvuf-mezhepler-tarikatlar","8":"pa_cilt-ciltsiz","9":"pa_tur-kitap","10":"pa_yayinevi-sufi-kitap","11":"pa_yazar-ebu-abdurrahman-es-sulemi","13":"first","14":"instock","15":"sale","16":"shipping-taxable","17":"purchasable","18":"product-type-simple"},"_links":{"self":[{"href":"https:\/\/roveyayinevi.com.tr\/index.php\/wp-json\/wp\/v2\/product\/724376","targetHints":{"allow":["GET"]}}],"collection":[{"href":"https:\/\/roveyayinevi.com.tr\/index.php\/wp-json\/wp\/v2\/product"}],"about":[{"href":"https:\/\/roveyayinevi.com.tr\/index.php\/wp-json\/wp\/v2\/types\/product"}],"wp:attachment":[{"href":"https:\/\/roveyayinevi.com.tr\/index.php\/wp-json\/wp\/v2\/media?parent=724376"}],"wp:term":[{"taxonomy":"product_brand","embeddable":true,"href":"https:\/\/roveyayinevi.com.tr\/index.php\/wp-json\/wp\/v2\/product_brand?post=724376"},{"taxonomy":"product_cat","embeddable":true,"href":"https:\/\/roveyayinevi.com.tr\/index.php\/wp-json\/wp\/v2\/product_cat?post=724376"},{"taxonomy":"product_tag","embeddable":true,"href":"https:\/\/roveyayinevi.com.tr\/index.php\/wp-json\/wp\/v2\/product_tag?post=724376"}],"curies":[{"name":"wp","href":"https:\/\/api.w.org\/{rel}","templated":true}]}}