{"id":724375,"date":"2025-08-27T19:33:33","date_gmt":"2025-08-27T16:33:33","guid":{"rendered":"https:\/\/roveyayinevi.com.tr\/index.php\/urun\/eski-anadolu-ve-on-asyada-at-ve-kikkulinin-kaleminden-dunyanin-en-eski-at-egitim-merkezi\/"},"modified":"2026-04-16T02:32:19","modified_gmt":"2026-04-15T23:32:19","slug":"eski-anadolu-ve-on-asyada-at-ve-kikkulinin-kaleminden-dunyanin-en-eski-at-egitim-merkezi","status":"publish","type":"product","link":"https:\/\/roveyayinevi.com.tr\/index.php\/urun\/eski-anadolu-ve-on-asyada-at-ve-kikkulinin-kaleminden-dunyanin-en-eski-at-egitim-merkezi\/","title":{"rendered":"Eski Anadolu ve \u00d6n Asya&#8217;da At ve Kikkuli&#8217;nin Kaleminden D\u00fcnyan\u0131n En Eski At E\u011fitim Merkezi"},"content":{"rendered":"<p>\u0130nsan asla hayvans\u0131z yapamaz ama hayvan pekala insans\u0131z ya\u015fayabilir, hem de \u00e7ok daha mesut ve rahat! Kimisi et, s\u00fct, deri, y\u00fcn, k\u0131l ve kemik vermi\u015f, kimisi yolda\u015fl\u0131k ve korumac\u0131l\u0131k yapm\u0131\u015f ve en \u00f6nemlisi ula\u015f\u0131m ve a\u011f\u0131r i\u015flerin ba\u015far\u0131lmas\u0131nda hep insan\u0131n yan\u0131nda olagelmi\u015ftir. Ancak gel g\u00f6r ki bilimsel ara\u015ft\u0131rmalarda hiyerar\u015fi ve fonksiyon s\u0131ras\u0131na g\u00f6re adaletlice incelenecekleri yerde, prestijlerine ve insanla olan sadakatevsayanan samimi ili\u015fkilerine bakarak de\u011ferlendirilirler. Biraz da cazibe ve asaletlerinin \u00f6ne \u00e7\u0131kmas\u0131 gayet tabiidir. \u00d6rne\u011fin g\u0131da de\u011feri olmayan at ve k\u00f6pekle ilgili say\u0131s\u0131z ara\u015ft\u0131rma, doktora ve do\u00e7entlik tezleri ile son derece pahal\u0131 resimli kitaplar raflar\u0131 doldururken, s\u0131\u011f\u0131r, koyun, ke\u00e7i ve domuz ile ko\u015fum ve ta\u015f\u0131mac\u0131l\u0131kta esasl\u0131 \u00f6nem arzeden e\u015fek ve kat\u0131r bu kadar ilgi g\u00f6rmez. Sadece evcil hayvanlar\u0131 kastetti\u011fimizden, aslan, kaplan ve kartal gibiyaban\u0131l hayvanlar bak\u0131\u015f a\u00e7\u0131m\u0131z d\u0131\u015f\u0131nda kal\u0131yor! Peki ata olan bu dengesizilgi niye? Pratikteki benzersiz kullan\u0131m ve faydas\u0131d\u0131r desek, o zaman e\u015fek, kat\u0131r ve \u00f6k\u00fczler \u00e7\u0131ka gelirler ve biz ne g\u00fcne duruyoruz diye an\u0131r\u0131p b\u00f6\u011f\u00fcrerek protesto ederler! Soruyu yinelemek ve yeniden yan\u0131t aramaktan ba\u015fka \u00e7aremiz kalmam\u0131\u015ft\u0131r : Niye sadece o? \u00c7\u00fcnk\u00fc att\u0131r. \u00c7ok ama\u00e7l\u0131 kullan\u0131m\u0131yan\u0131nda asaleti ve esteti\u011fi vard\u0131r. Konuyu yaban hayvanlar\u0131na aktar\u0131r, niye va\u015fak, s\u0131rtlan ve \u00e7akal de\u011fil de aslan, kaplan ve kartal diye sorarsak daha a\u00e7\u0131k se\u00e7ik anlatm\u0131\u015f oluruz.<\/p>\n","protected":false},"excerpt":{"rendered":"<p>\u0130nsan asla hayvans\u0131z yapamaz ama hayvan pekala insans\u0131z ya\u015fayabilir, hem de \u00e7ok daha mesut ve rahat! Kimisi et, s\u00fct, deri, y\u00fcn, k\u0131l ve kemik vermi\u015f, kimisi<span class=\"excerpt-hellip\"> [\u2026]<\/span><\/p>\n","protected":false},"featured_media":0,"template":"","meta":{"_monsterinsights_skip_tracking":false,"_monsterinsights_sitenote_active":false,"_monsterinsights_sitenote_note":"","_monsterinsights_sitenote_category":0},"product_brand":[],"product_cat":[12370,12304],"product_tag":[],"class_list":{"0":"post-724375","1":"product","2":"type-product","3":"status-publish","5":"product_cat-arastirma-inceleme","6":"product_cat-tarih","7":"pa_cilt-ciltsiz","8":"pa_tur-kitap","9":"pa_yayinevi-bilgin-kultur-sanat","10":"pa_yazar-ahmet-unal","12":"first","13":"instock","14":"sale","15":"shipping-taxable","16":"purchasable","17":"product-type-simple"},"_links":{"self":[{"href":"https:\/\/roveyayinevi.com.tr\/index.php\/wp-json\/wp\/v2\/product\/724375","targetHints":{"allow":["GET"]}}],"collection":[{"href":"https:\/\/roveyayinevi.com.tr\/index.php\/wp-json\/wp\/v2\/product"}],"about":[{"href":"https:\/\/roveyayinevi.com.tr\/index.php\/wp-json\/wp\/v2\/types\/product"}],"wp:attachment":[{"href":"https:\/\/roveyayinevi.com.tr\/index.php\/wp-json\/wp\/v2\/media?parent=724375"}],"wp:term":[{"taxonomy":"product_brand","embeddable":true,"href":"https:\/\/roveyayinevi.com.tr\/index.php\/wp-json\/wp\/v2\/product_brand?post=724375"},{"taxonomy":"product_cat","embeddable":true,"href":"https:\/\/roveyayinevi.com.tr\/index.php\/wp-json\/wp\/v2\/product_cat?post=724375"},{"taxonomy":"product_tag","embeddable":true,"href":"https:\/\/roveyayinevi.com.tr\/index.php\/wp-json\/wp\/v2\/product_tag?post=724375"}],"curies":[{"name":"wp","href":"https:\/\/api.w.org\/{rel}","templated":true}]}}