{"id":724369,"date":"2025-08-27T19:33:29","date_gmt":"2025-08-27T16:33:29","guid":{"rendered":"https:\/\/roveyayinevi.com.tr\/index.php\/urun\/ask-ile-ani-seyretmek\/"},"modified":"2026-04-16T02:32:19","modified_gmt":"2026-04-15T23:32:19","slug":"ask-ile-ani-seyretmek","status":"publish","type":"product","link":"https:\/\/roveyayinevi.com.tr\/index.php\/urun\/ask-ile-ani-seyretmek\/","title":{"rendered":"A\u015fk ile An\u0131 Seyretmek"},"content":{"rendered":"<p>Evden ayr\u0131lal\u0131 bir hayli vakit ge\u00e7ti, geriye d\u00f6nmek i\u00e7in \u00e7ok mu ge\u00e7 oldu? D\u00f6nmeye niyet etsek acaba yolu bulabilecek miyiz?\u201cSakin, m\u00fctevekkil ve munis bir inanm\u0131\u015fl\u0131\u011f\u0131n insan y\u00fcre\u011fini geni\u015fletti\u011fi bir ya\u015fay\u0131\u015f ve d\u00fc\u015f\u00fcn\u00fc\u015f tarz\u0131 bu m\u00fcbarek topraklarda, ne zaman kay\u0131p gidecek olsak elimizden tutuyor. O y\u00fczden, \u2018Bizi bize b\u0131rakma,\u2019diye niyaz ediyoruz, \u2018Ne olur, tut demeden, tut elimizi.\u2019 Bu sohbetlerde, kaybetti\u011fimiz bir \u00e2lemi bug\u00fcne ekleyen hat\u0131ralar\u0131n kutsi saati var.\u201dSadettin \u00d6kten ve Kemal Sayar\u2019\u0131n \u015fiirin kanatlar\u0131na tutunarak ger\u00e7ekle\u015ftirdikleri uzun soluklusohbetlerinin ikinci cildi olan A\u015fk ile \u00c2n\u0131 Seyretmek, bizleri bir kez daha sevginin, sayg\u0131n\u0131n ve bilgeli\u011fine\u015flik etti\u011fi bir yolculu\u011fa \u00e7\u0131kar\u0131yor. Hem de tam koronavir\u00fcs salg\u0131n\u0131n\u0131n d\u00fcnyay\u0131, insandaki manas\u0131z b\u00fcy\u00fcklenmeyi hizaya \u00e7ekti\u011fi, radikal bir belirsizli\u011fin ruhlar\u0131 yayg\u0131n bir endi\u015feye d\u00fc\u00e7ar etti\u011fi g\u00fcnlerde\u2026Bug\u00fcn bizim i\u00e7in neyin de\u011ferli oldu\u011funu anlama zaman\u0131\u2026A\u015fk ile \u00c2n\u0131 Seyretmek hi\u00e7 bu kadar anlaml\u0131 olmam\u0131\u015ft\u0131!<\/p>\n","protected":false},"excerpt":{"rendered":"<p>Evden ayr\u0131lal\u0131 bir hayli vakit ge\u00e7ti, geriye d\u00f6nmek i\u00e7in \u00e7ok mu ge\u00e7 oldu? D\u00f6nmeye niyet etsek acaba yolu bulabilecek miyiz?\u201cSakin, m\u00fctevekkil ve munis bir inanm\u0131\u015fl\u0131\u011f\u0131n insan<span class=\"excerpt-hellip\"> [\u2026]<\/span><\/p>\n","protected":false},"featured_media":0,"template":"","meta":{"_monsterinsights_skip_tracking":false,"_monsterinsights_sitenote_active":false,"_monsterinsights_sitenote_note":"","_monsterinsights_sitenote_category":0},"product_brand":[],"product_cat":[12291,30969],"product_tag":[],"class_list":{"0":"post-724369","1":"product","2":"type-product","3":"status-publish","5":"product_cat-edebiyat","6":"product_cat-soylesi-edebiyat","7":"pa_cilt-ciltsiz","8":"pa_tur-kitap","9":"pa_yayinevi-turkuvaz-kitap","10":"pa_yazar-sadettin-okten-kemal-sayar","12":"first","13":"instock","14":"sale","15":"shipping-taxable","16":"purchasable","17":"product-type-simple"},"_links":{"self":[{"href":"https:\/\/roveyayinevi.com.tr\/index.php\/wp-json\/wp\/v2\/product\/724369","targetHints":{"allow":["GET"]}}],"collection":[{"href":"https:\/\/roveyayinevi.com.tr\/index.php\/wp-json\/wp\/v2\/product"}],"about":[{"href":"https:\/\/roveyayinevi.com.tr\/index.php\/wp-json\/wp\/v2\/types\/product"}],"wp:attachment":[{"href":"https:\/\/roveyayinevi.com.tr\/index.php\/wp-json\/wp\/v2\/media?parent=724369"}],"wp:term":[{"taxonomy":"product_brand","embeddable":true,"href":"https:\/\/roveyayinevi.com.tr\/index.php\/wp-json\/wp\/v2\/product_brand?post=724369"},{"taxonomy":"product_cat","embeddable":true,"href":"https:\/\/roveyayinevi.com.tr\/index.php\/wp-json\/wp\/v2\/product_cat?post=724369"},{"taxonomy":"product_tag","embeddable":true,"href":"https:\/\/roveyayinevi.com.tr\/index.php\/wp-json\/wp\/v2\/product_tag?post=724369"}],"curies":[{"name":"wp","href":"https:\/\/api.w.org\/{rel}","templated":true}]}}