{"id":724368,"date":"2025-08-27T19:33:28","date_gmt":"2025-08-27T16:33:28","guid":{"rendered":"https:\/\/roveyayinevi.com.tr\/index.php\/urun\/bir-gun-mutlaka\/"},"modified":"2026-04-16T02:32:19","modified_gmt":"2026-04-15T23:32:19","slug":"bir-gun-mutlaka","status":"publish","type":"product","link":"https:\/\/roveyayinevi.com.tr\/index.php\/urun\/bir-gun-mutlaka\/","title":{"rendered":"Bir G\u00fcn Mutlaka"},"content":{"rendered":"<p>Y\u0131lmaz G\u00fcney, Bir G\u00fcn Mutlaka\u2019da devrimci m\u00fccadelenin \u00f6nemini ve toplumu i\u00e7ten i\u00e7e \u00e7\u00fcr\u00fcten yozla\u015fman\u0131n \u00f6n\u00fcne ge\u00e7ebilmek i\u00e7in neler yap\u0131labilece\u011fini g\u00f6steriyor. Filmin g\u00f6sterime girdi\u011fi d\u00f6nemde ya\u015fanan bask\u0131larsa Bir G\u00fcn Mutlaka\u2019n\u0131n amac\u0131na ula\u015ft\u0131\u011f\u0131n\u0131 ve ba\u015fka bir yolun her zaman m\u00fcmk\u00fcn oldu\u011funu kan\u0131tl\u0131yor.   D\u00f6neminin en radikal sanat at\u0131l\u0131mlar\u0131ndan biri olan Bir G\u00fcn Mutlaka herkesin okumas\u0131 ve \u00fczerined\u00fc\u015f\u00fcnmesi gereken bir eser. <\/p>\n","protected":false},"excerpt":{"rendered":"<p>Y\u0131lmaz G\u00fcney, Bir G\u00fcn Mutlaka\u2019da devrimci m\u00fccadelenin \u00f6nemini ve toplumu i\u00e7ten i\u00e7e \u00e7\u00fcr\u00fcten yozla\u015fman\u0131n \u00f6n\u00fcne ge\u00e7ebilmek i\u00e7in neler yap\u0131labilece\u011fini g\u00f6steriyor. Filmin g\u00f6sterime girdi\u011fi d\u00f6nemde ya\u015fanan bask\u0131larsa<span class=\"excerpt-hellip\"> [\u2026]<\/span><\/p>\n","protected":false},"featured_media":0,"template":"","meta":{"_monsterinsights_skip_tracking":false,"_monsterinsights_sitenote_active":false,"_monsterinsights_sitenote_note":"","_monsterinsights_sitenote_category":0},"product_brand":[],"product_cat":[12409,12408],"product_tag":[],"class_list":{"0":"post-724368","1":"product","2":"type-product","3":"status-publish","5":"product_cat-fotograf-sinema-tiyatro","6":"product_cat-sanat","7":"pa_cilt-ciltsiz","8":"pa_tur-kitap","9":"pa_yayinevi-ithaki-yayinlari","10":"pa_yazar-yilmaz-guney","12":"first","13":"instock","14":"sale","15":"shipping-taxable","16":"purchasable","17":"product-type-simple"},"_links":{"self":[{"href":"https:\/\/roveyayinevi.com.tr\/index.php\/wp-json\/wp\/v2\/product\/724368","targetHints":{"allow":["GET"]}}],"collection":[{"href":"https:\/\/roveyayinevi.com.tr\/index.php\/wp-json\/wp\/v2\/product"}],"about":[{"href":"https:\/\/roveyayinevi.com.tr\/index.php\/wp-json\/wp\/v2\/types\/product"}],"wp:attachment":[{"href":"https:\/\/roveyayinevi.com.tr\/index.php\/wp-json\/wp\/v2\/media?parent=724368"}],"wp:term":[{"taxonomy":"product_brand","embeddable":true,"href":"https:\/\/roveyayinevi.com.tr\/index.php\/wp-json\/wp\/v2\/product_brand?post=724368"},{"taxonomy":"product_cat","embeddable":true,"href":"https:\/\/roveyayinevi.com.tr\/index.php\/wp-json\/wp\/v2\/product_cat?post=724368"},{"taxonomy":"product_tag","embeddable":true,"href":"https:\/\/roveyayinevi.com.tr\/index.php\/wp-json\/wp\/v2\/product_tag?post=724368"}],"curies":[{"name":"wp","href":"https:\/\/api.w.org\/{rel}","templated":true}]}}