{"id":724367,"date":"2025-08-27T19:33:27","date_gmt":"2025-08-27T16:33:27","guid":{"rendered":"https:\/\/roveyayinevi.com.tr\/index.php\/urun\/astiktan-sonra\/"},"modified":"2026-04-16T02:32:19","modified_gmt":"2026-04-15T23:32:19","slug":"astiktan-sonra","status":"publish","type":"product","link":"https:\/\/roveyayinevi.com.tr\/index.php\/urun\/astiktan-sonra\/","title":{"rendered":"Ast\u0131ktan Sonra"},"content":{"rendered":"<p>\u00dcstat Glokta kendini zor bir durumun i\u00e7inde bulmu\u015ftu. \u00dcstad\u0131 olmas\u0131 i\u00e7in g\u00f6nderildi\u011fi Dagoska \u015fehri G\u00fcney\u2019in en b\u00fcy\u00fck imparatorlu\u011fu taraf\u0131ndan ku\u015fat\u0131lm\u0131\u015ft\u0131. \u015eehrin i\u00e7i hain kayn\u0131yor, bir yandan da kendisinden \u00f6nceki \u00dcstat\u2019\u0131n hangi \u015fartlar alt\u0131nda ortadan kayboldu\u011funu bulmas\u0131 gerekiyordu. Bir de \u015fehri kurtarmas\u0131. Ancak hi\u00e7bir m\u00fcttefikine g\u00fcvenemezken bunu nas\u0131l yapaca\u011f\u0131na dair en ufak bir fikri yoktu.   Kuzey\u2019de Bethod\u2019un kurdu\u011fu ordu \u0130ttifak topraklar\u0131na girmi\u015f, ard\u0131nda y\u0131k\u0131m ve \u00f6l\u00fcm b\u0131rakarak ilerliyordu. Taht\u0131n v\u00e2risi Prens Ladisla onlar\u0131 \u0130ttifak topraklar\u0131ndan kovup b\u00fcy\u00fck bir zafer kazanman\u0131n pe\u015findeydi. Tek sorun, Prens Ladisla komutas\u0131ndaki ordu d\u00fcnyan\u0131n en haz\u0131rl\u0131ks\u0131z, en da\u011f\u0131n\u0131k ve en k\u00f6t\u00fc komuta edilen ordusuydu.   Ve Mecuslar\u0131n \u0130lki Bayaz, cesur macerac\u0131lardan olu\u015fan bir grupla beraber ge\u00e7mi\u015fin g\u00f6m\u00fcl\u00fc kalmas\u0131 gereken y\u0131k\u0131nt\u0131lar\u0131na do\u011fru bir yolculu\u011fa \u00e7\u0131km\u0131\u015ft\u0131. G\u00fcney\u2019in nefret edilen kad\u0131n\u0131n\u0131, Kuzey\u2019in en korkulan adam\u0131n\u0131 ve \u0130ttifak\u2019\u0131n en bencil o\u011flan\u0131n\u0131 yan\u0131na alm\u0131\u015ft\u0131. Hepsinin oynayacak bir rol\u00fc vard\u0131 ancak bunun i\u00e7in beraber \u00e7al\u0131\u015fmalar\u0131 gerekiyordu. Birbirlerinden \u00f6l\u00fcm\u00fcne nefret ederlerken bu \u00e7ok kolay olacak gibi g\u00f6r\u00fcnm\u00fcyordu.  Kadim s\u0131rlar ortaya \u00e7\u0131kacakt\u0131. Kanl\u0131 sava\u015flar verilecekti. Ve d\u00fc\u015fmanlar affedilecekti \u2013 tabii onlar\u0131 ast\u0131ktan sonra.   \u201cFazlas\u0131yla ger\u00e7ek\u00e7i ve bir o kadar da karanl\u0131k.\u201d \u2013Patrick Rothfuss   \u201cJoe Abercrombie bundan sonra benim ba\u015f d\u00fc\u015fman\u0131md\u0131r. Kitaplar\u0131 fazlas\u0131yla iyi.\u201d \u2013Peter V. Brett <\/p>\n","protected":false},"excerpt":{"rendered":"<p>\u00dcstat Glokta kendini zor bir durumun i\u00e7inde bulmu\u015ftu. \u00dcstad\u0131 olmas\u0131 i\u00e7in g\u00f6nderildi\u011fi Dagoska \u015fehri G\u00fcney\u2019in en b\u00fcy\u00fck imparatorlu\u011fu taraf\u0131ndan ku\u015fat\u0131lm\u0131\u015ft\u0131. \u015eehrin i\u00e7i hain kayn\u0131yor, bir yandan<span class=\"excerpt-hellip\"> [\u2026]<\/span><\/p>\n","protected":false},"featured_media":0,"template":"","meta":{"_monsterinsights_skip_tracking":false,"_monsterinsights_sitenote_active":false,"_monsterinsights_sitenote_note":"","_monsterinsights_sitenote_category":0},"product_brand":[],"product_cat":[12291,14777],"product_tag":[],"class_list":{"0":"post-724367","1":"product","2":"type-product","3":"status-publish","5":"product_cat-edebiyat","6":"product_cat-fantastik","7":"pa_cilt-ciltsiz","8":"pa_tur-kitap","9":"pa_yayinevi-ithaki-yayinlari","10":"pa_yazar-joe-abercrombie","12":"first","13":"instock","14":"sale","15":"shipping-taxable","16":"purchasable","17":"product-type-simple"},"_links":{"self":[{"href":"https:\/\/roveyayinevi.com.tr\/index.php\/wp-json\/wp\/v2\/product\/724367","targetHints":{"allow":["GET"]}}],"collection":[{"href":"https:\/\/roveyayinevi.com.tr\/index.php\/wp-json\/wp\/v2\/product"}],"about":[{"href":"https:\/\/roveyayinevi.com.tr\/index.php\/wp-json\/wp\/v2\/types\/product"}],"wp:attachment":[{"href":"https:\/\/roveyayinevi.com.tr\/index.php\/wp-json\/wp\/v2\/media?parent=724367"}],"wp:term":[{"taxonomy":"product_brand","embeddable":true,"href":"https:\/\/roveyayinevi.com.tr\/index.php\/wp-json\/wp\/v2\/product_brand?post=724367"},{"taxonomy":"product_cat","embeddable":true,"href":"https:\/\/roveyayinevi.com.tr\/index.php\/wp-json\/wp\/v2\/product_cat?post=724367"},{"taxonomy":"product_tag","embeddable":true,"href":"https:\/\/roveyayinevi.com.tr\/index.php\/wp-json\/wp\/v2\/product_tag?post=724367"}],"curies":[{"name":"wp","href":"https:\/\/api.w.org\/{rel}","templated":true}]}}