{"id":724363,"date":"2025-08-27T19:33:24","date_gmt":"2025-08-27T16:33:24","guid":{"rendered":"https:\/\/roveyayinevi.com.tr\/index.php\/urun\/karanlik-bir-dunyada-bilimin-mum-isigi\/"},"modified":"2026-04-16T02:32:18","modified_gmt":"2026-04-15T23:32:18","slug":"karanlik-bir-dunyada-bilimin-mum-isigi","status":"publish","type":"product","link":"https:\/\/roveyayinevi.com.tr\/index.php\/urun\/karanlik-bir-dunyada-bilimin-mum-isigi\/","title":{"rendered":"Karanl\u0131k Bir D\u00fcnyada Bilimin Mum Is\u0327\u0131g\u0306\u0131"},"content":{"rendered":"<p>Bilimsel d\u00fc\u015f\u00fcnce insana hakikat ile refah vaat etti ve bu vaadini yerine getirdi\u011fi i\u00e7in insanl\u0131\u011f\u0131n b\u00fcy\u00fck k\u0131sm\u0131 taraf\u0131ndan k\u0131lavuz olarak kabul edildi. Fakat bilimin \u0131\u015f\u0131\u011f\u0131, \u00e7evresini saran karanl\u0131\u011f\u0131n b\u00fcy\u00fckl\u00fc\u011f\u00fc kar\u015f\u0131s\u0131nda bir mum alevi kadar c\u0131l\u0131z ve savunmas\u0131z. Bu alevin s\u00f6nmemesi i\u00e7in bilim insanlar\u0131n\u0131n bu karanl\u0131kla ve ondan \u00e7\u0131kar sa\u011flayanlarla m\u00fccadeleyi s\u00fcrd\u00fcrmesi gerek.   Carl Sagan, sahte bilim, Yeni \u00c7a\u011f inan\u00e7lar\u0131 ve k\u00f6ktendinci fanatizm gibi d\u00fc\u015f\u00fcnme bi\u00e7imlerinin \u00fcretti\u011fi mitleri s\u0131nanabilir bilimsel varsay\u0131mlardan ay\u0131rt edemezsek, hakikat ve refah yolunda ilerlemeye nas\u0131l devam edebilece\u011fimizi soruyor.   Sagan\u2019a g\u00f6re, bilimi kendimize k\u0131lavuz edinmezsek kendi ad\u0131m\u0131za d\u00fc\u015f\u00fcnemeyiz, otoriteyi sorgulayamay\u0131z ve sonu\u00e7ta devletleri y\u00f6netenlerin ellerinde oyun hamuruna d\u00f6neriz; ancak yurtta\u015flar bilimsel bir e\u011fitim ald\u0131klar\u0131nda ve kendi fikirlerini \u00fcretebildiklerinde, devletleri y\u00f6netenler kendileri i\u00e7in de\u011fil halk i\u00e7in \u00e7al\u0131\u015facakt\u0131r.     \u201cBilimin ne oldu\u011funu ve neden fark yaratt\u0131\u011f\u0131n\u0131 a\u00e7\u0131k\u00e7a ifade ediyor&#8230; Bilimin g\u00fcc\u00fcne bir \u00f6vg\u00fc ve a\u015f\u0131r\u0131 safl\u0131\u011f\u0131n tehlikeleri kar\u015f\u0131s\u0131nda bir uyar\u0131&#8230;\u201d \u2014 The Sciences <\/p>\n","protected":false},"excerpt":{"rendered":"<p>Bilimsel d\u00fc\u015f\u00fcnce insana hakikat ile refah vaat etti ve bu vaadini yerine getirdi\u011fi i\u00e7in insanl\u0131\u011f\u0131n b\u00fcy\u00fck k\u0131sm\u0131 taraf\u0131ndan k\u0131lavuz olarak kabul edildi. Fakat bilimin \u0131\u015f\u0131\u011f\u0131, \u00e7evresini<span class=\"excerpt-hellip\"> [\u2026]<\/span><\/p>\n","protected":false},"featured_media":0,"template":"","meta":{"_monsterinsights_skip_tracking":false,"_monsterinsights_sitenote_active":false,"_monsterinsights_sitenote_note":"","_monsterinsights_sitenote_category":0},"product_brand":[],"product_cat":[13005,13006],"product_tag":[],"class_list":{"0":"post-724363","1":"product","2":"type-product","3":"status-publish","5":"product_cat-bilim-muhendislik","6":"product_cat-populer-bilim","7":"pa_cilt-ciltsiz","8":"pa_tur-kitap","9":"pa_yayinevi-say-yayinlari","10":"pa_yazar-carl-sagan","12":"first","13":"instock","14":"sale","15":"shipping-taxable","16":"purchasable","17":"product-type-simple"},"_links":{"self":[{"href":"https:\/\/roveyayinevi.com.tr\/index.php\/wp-json\/wp\/v2\/product\/724363","targetHints":{"allow":["GET"]}}],"collection":[{"href":"https:\/\/roveyayinevi.com.tr\/index.php\/wp-json\/wp\/v2\/product"}],"about":[{"href":"https:\/\/roveyayinevi.com.tr\/index.php\/wp-json\/wp\/v2\/types\/product"}],"wp:attachment":[{"href":"https:\/\/roveyayinevi.com.tr\/index.php\/wp-json\/wp\/v2\/media?parent=724363"}],"wp:term":[{"taxonomy":"product_brand","embeddable":true,"href":"https:\/\/roveyayinevi.com.tr\/index.php\/wp-json\/wp\/v2\/product_brand?post=724363"},{"taxonomy":"product_cat","embeddable":true,"href":"https:\/\/roveyayinevi.com.tr\/index.php\/wp-json\/wp\/v2\/product_cat?post=724363"},{"taxonomy":"product_tag","embeddable":true,"href":"https:\/\/roveyayinevi.com.tr\/index.php\/wp-json\/wp\/v2\/product_tag?post=724363"}],"curies":[{"name":"wp","href":"https:\/\/api.w.org\/{rel}","templated":true}]}}