{"id":724361,"date":"2025-08-27T19:33:22","date_gmt":"2025-08-27T16:33:22","guid":{"rendered":"https:\/\/roveyayinevi.com.tr\/index.php\/urun\/13-bilet\/"},"modified":"2026-04-16T02:32:18","modified_gmt":"2026-04-15T23:32:18","slug":"13-bilet","status":"publish","type":"product","link":"https:\/\/roveyayinevi.com.tr\/index.php\/urun\/13-bilet\/","title":{"rendered":"13 Bilet"},"content":{"rendered":"<p>Luna Yay\u0131nlar\u0131\u2019n\u0131n edebiyata yeni kalemler kazand\u0131rmak gayesiyle d\u00fczenlemi\u015f oldu\u011fu Luna Yay\u0131nlar\u0131 \u00d6yk\u00fc ve K\u00fc\u00e7\u00fcrek \u00d6yk\u00fc Yar\u0131\u015fmas\u0131\u2019na ba\u015fvuran 954 \u00f6yk\u00fc aras\u0131ndan se\u00e7ici kurul, ilk a\u015famada 110 \u00f6yk\u00fcy\u00fc finalist olarak belirledi. Rekabetin \u00fcst d\u00fczeyde oldu\u011fu ikinci a\u015famada ise 10 \u00f6yk\u00fc mansiyon \u00f6d\u00fcl\u00fc olmak \u00fczere toplamda 13 \u00f6yk\u00fc dereceye girmeye hak kazand\u0131.   Her biri birbirinden farkl\u0131 temalar i\u00e7eren \u00f6yk\u00fcler bu kitapta bir k\u00fclt\u00fcr mozai\u011fi gibi seriliveriyor \u00f6n\u00fcm\u00fcze ve bu \u00f6yk\u00fc yolculu\u011funa \u00e7\u0131kacak okuruna da birbirinden g\u00fczel 13 bilet sunuyor. <\/p>\n","protected":false},"excerpt":{"rendered":"<p>Luna Yay\u0131nlar\u0131\u2019n\u0131n edebiyata yeni kalemler kazand\u0131rmak gayesiyle d\u00fczenlemi\u015f oldu\u011fu Luna Yay\u0131nlar\u0131 \u00d6yk\u00fc ve K\u00fc\u00e7\u00fcrek \u00d6yk\u00fc Yar\u0131\u015fmas\u0131\u2019na ba\u015fvuran 954 \u00f6yk\u00fc aras\u0131ndan se\u00e7ici kurul, ilk a\u015famada 110 \u00f6yk\u00fcy\u00fc<span class=\"excerpt-hellip\"> [\u2026]<\/span><\/p>\n","protected":false},"featured_media":0,"template":"","meta":{"_monsterinsights_skip_tracking":false,"_monsterinsights_sitenote_active":false,"_monsterinsights_sitenote_note":"","_monsterinsights_sitenote_category":0},"product_brand":[],"product_cat":[12291,12711],"product_tag":[],"class_list":{"0":"post-724361","1":"product","2":"type-product","3":"status-publish","5":"product_cat-edebiyat","6":"product_cat-roman-oyku","7":"pa_cilt-ciltsiz","8":"pa_tur-kitap","9":"pa_yayinevi-luna-yayinlari","10":"pa_yazar-kolektif","12":"first","13":"instock","14":"sale","15":"shipping-taxable","16":"purchasable","17":"product-type-simple"},"_links":{"self":[{"href":"https:\/\/roveyayinevi.com.tr\/index.php\/wp-json\/wp\/v2\/product\/724361","targetHints":{"allow":["GET"]}}],"collection":[{"href":"https:\/\/roveyayinevi.com.tr\/index.php\/wp-json\/wp\/v2\/product"}],"about":[{"href":"https:\/\/roveyayinevi.com.tr\/index.php\/wp-json\/wp\/v2\/types\/product"}],"wp:attachment":[{"href":"https:\/\/roveyayinevi.com.tr\/index.php\/wp-json\/wp\/v2\/media?parent=724361"}],"wp:term":[{"taxonomy":"product_brand","embeddable":true,"href":"https:\/\/roveyayinevi.com.tr\/index.php\/wp-json\/wp\/v2\/product_brand?post=724361"},{"taxonomy":"product_cat","embeddable":true,"href":"https:\/\/roveyayinevi.com.tr\/index.php\/wp-json\/wp\/v2\/product_cat?post=724361"},{"taxonomy":"product_tag","embeddable":true,"href":"https:\/\/roveyayinevi.com.tr\/index.php\/wp-json\/wp\/v2\/product_tag?post=724361"}],"curies":[{"name":"wp","href":"https:\/\/api.w.org\/{rel}","templated":true}]}}