{"id":724359,"date":"2025-08-27T19:33:21","date_gmt":"2025-08-27T16:33:21","guid":{"rendered":"https:\/\/roveyayinevi.com.tr\/index.php\/urun\/dahilere-gerek-yok\/"},"modified":"2026-04-16T02:32:18","modified_gmt":"2026-04-15T23:32:18","slug":"dahilere-gerek-yok","status":"publish","type":"product","link":"https:\/\/roveyayinevi.com.tr\/index.php\/urun\/dahilere-gerek-yok\/","title":{"rendered":"Dahilere Gerek Yok"},"content":{"rendered":"<p>\u201cCumhuriyetin d\u00e2hilere ihtiyac\u0131 yok.\u201d Bu ifadeler 19. y\u00fczy\u0131l Fransa\u2019s\u0131n\u0131n en b\u00fcy\u00fck bilim insanlar\u0131ndan birini giyotine mahk\u00fbm eden yarg\u0131ca ait. Steve Jones kitab\u0131nda bu s\u00f6zlerden yola \u00e7\u0131karak, okurlar\u0131n\u0131 aksini g\u00f6zler \u00f6n\u00fcne seren bir yolculu\u011fa davet ediyor. Modern fizi\u011fin, kimyan\u0131n ve biyolojinin temellerinin birbiri ard\u0131na at\u0131ld\u0131\u011f\u0131 devrim g\u00fcnlerinde, Frans\u0131z bilim insanlar\u0131 salt Paris\u2019i d\u00fcnyan\u0131n d\u00f6nemin bilim merkezine d\u00f6n\u00fc\u015ft\u00fcren yeniliklere imza atmakla kalmam\u0131\u015flar, ayn\u0131 zamanda i\u00e7inde bulunduklar\u0131 toplumu d\u00f6n\u00fc\u015ft\u00fcrecek politik aktivitelerde de yer alm\u0131\u015flard\u0131r. Jones\u2019un kendileri i\u00e7in \u201cbug\u00fcn ya\u015fasalard\u0131 Nobel \u00d6d\u00fcl\u00fcn\u00fc hak ederlerdi\u201d dedi\u011fi modern bilimin \u00f6nc\u00fcleri Lavoisier, Bailly, Marat ve daha nicesi i\u00e7in Ter\u00f6r d\u00f6nemi, zamanlar\u0131n hem en iyisi hem de en k\u00f6t\u00fcs\u00fc olacakt\u0131. Bilimsel \u00e7al\u0131\u015fmalar\u0131 onlara \u00fcn ve servet kazand\u0131racak, politik aktiviteleri ise y\u0131k\u0131ma g\u00f6t\u00fcrecekti. D\u00e2hilere Gerek Yok, u\u00e7an balonlar\u0131n ilk ke\u015ffinden patlay\u0131c\u0131lar\u0131n kitlesel imha ara\u00e7lar\u0131 olarak kullan\u0131lmalar\u0131na; patatesin Eski D\u00fcnya\u2019daki a\u00e7l\u0131\u011fa \u00e7are olu\u015fundan kimya bilimiyle atletizmin evlili\u011fine kadar; d\u00f6nemin bilimsel geli\u015fmelerini ve Frans\u0131z Devrimi\u2019ni s\u0131ra d\u0131\u015f\u0131 bir a\u00e7\u0131dan incelemek isteyenler i\u00e7in keyifle okunabilecek bir kaynak \u00e7al\u0131\u015fma&#8230; <\/p>\n","protected":false},"excerpt":{"rendered":"<p>\u201cCumhuriyetin d\u00e2hilere ihtiyac\u0131 yok.\u201d Bu ifadeler 19. y\u00fczy\u0131l Fransa\u2019s\u0131n\u0131n en b\u00fcy\u00fck bilim insanlar\u0131ndan birini giyotine mahk\u00fbm eden yarg\u0131ca ait. Steve Jones kitab\u0131nda bu s\u00f6zlerden yola \u00e7\u0131karak,<span class=\"excerpt-hellip\"> [\u2026]<\/span><\/p>\n","protected":false},"featured_media":0,"template":"","meta":{"_monsterinsights_skip_tracking":false,"_monsterinsights_sitenote_active":false,"_monsterinsights_sitenote_note":"","_monsterinsights_sitenote_category":0},"product_brand":[],"product_cat":[13005,15998],"product_tag":[],"class_list":{"0":"post-724359","1":"product","2":"type-product","3":"status-publish","5":"product_cat-bilim-muhendislik","6":"product_cat-bilim-tarihi","7":"pa_cilt-ciltsiz","8":"pa_tur-kitap","9":"pa_yayinevi-ayrinti-yayinlari","10":"pa_yazar-steve-jones","12":"first","13":"instock","14":"sale","15":"shipping-taxable","16":"purchasable","17":"product-type-simple"},"_links":{"self":[{"href":"https:\/\/roveyayinevi.com.tr\/index.php\/wp-json\/wp\/v2\/product\/724359","targetHints":{"allow":["GET"]}}],"collection":[{"href":"https:\/\/roveyayinevi.com.tr\/index.php\/wp-json\/wp\/v2\/product"}],"about":[{"href":"https:\/\/roveyayinevi.com.tr\/index.php\/wp-json\/wp\/v2\/types\/product"}],"wp:attachment":[{"href":"https:\/\/roveyayinevi.com.tr\/index.php\/wp-json\/wp\/v2\/media?parent=724359"}],"wp:term":[{"taxonomy":"product_brand","embeddable":true,"href":"https:\/\/roveyayinevi.com.tr\/index.php\/wp-json\/wp\/v2\/product_brand?post=724359"},{"taxonomy":"product_cat","embeddable":true,"href":"https:\/\/roveyayinevi.com.tr\/index.php\/wp-json\/wp\/v2\/product_cat?post=724359"},{"taxonomy":"product_tag","embeddable":true,"href":"https:\/\/roveyayinevi.com.tr\/index.php\/wp-json\/wp\/v2\/product_tag?post=724359"}],"curies":[{"name":"wp","href":"https:\/\/api.w.org\/{rel}","templated":true}]}}