{"id":724358,"date":"2025-08-27T19:33:20","date_gmt":"2025-08-27T16:33:20","guid":{"rendered":"https:\/\/roveyayinevi.com.tr\/index.php\/urun\/anlatinin-soylemi\/"},"modified":"2026-04-16T02:32:18","modified_gmt":"2026-04-15T23:32:18","slug":"anlatinin-soylemi","status":"publish","type":"product","link":"https:\/\/roveyayinevi.com.tr\/index.php\/urun\/anlatinin-soylemi\/","title":{"rendered":"Anlat\u0131n\u0131n S\u00f6ylemi"},"content":{"rendered":"<p>Bu kitab\u0131n \u00f6zel konusu Kay\u0131p Zaman\u0131n \u0130zinde\u2019nin anlat\u0131s\u0131d\u0131r. Okurun da dikkatini \u00e7ekmi\u015f olabilece\u011fi gibi ne ba\u015fl\u0131kta ne de alt ba\u015fl\u0131kta bu kitab\u0131n \u00f6zel konusundan bahsediliyor. As\u0131l mesele \u015fu ki, buradaki Proust anlat\u0131s\u0131 s\u0131k s\u0131k ve baz\u0131 okurlar\u0131n sinirini bozacak \u015fekilde, daha genel hususlara dalmak i\u00e7in g\u00f6z ard\u0131 edilmi\u015f ya da bug\u00fcnlerde denildi\u011fi gibi \u201cedebiyat teorisi\u201d, daha net bir ifadeyle anlat\u0131 teorisi (anlat\u0131bilim) ele\u015ftiriyi bir kenara itmi\u015f g\u00f6r\u00fcnecektir. Kay\u0131p Zaman\u0131n \u0130zinde\u2019yi genel bir anlat\u0131n\u0131n ya da roman anlat\u0131s\u0131n\u0131n, otobiyografik anlat\u0131n\u0131n ya da herhangi ba\u015fka bir s\u0131n\u0131f, t\u00fcr ve \u00e7e\u015fitte anlat\u0131n\u0131n basit bir \u00f6rne\u011fi gibi ele almak benim a\u00e7\u0131mdan pek m\u00fcmk\u00fcn g\u00f6r\u00fcnm\u00fcyor. B\u00fct\u00fcn\u00fc bak\u0131m\u0131ndan al\u0131nd\u0131\u011f\u0131nda Proust anlat\u0131s\u0131n\u0131n \u00f6zg\u00fcll\u00fc\u011f\u00fc ba\u015fka bir \u015feye indirgenemez ve her t\u00fcrl\u00fc \u00e7\u0131karsama bir y\u00f6ntem hatas\u0131 olacakt\u0131r; Kay\u0131p Zaman\u0131n \u0130zinde yaln\u0131zca kendi kendinin \u00f6rne\u011fidir. Ama di\u011fer yandan, bu \u00f6zg\u00fcll\u00fck ayr\u0131\u015ft\u0131r\u0131lamaz de\u011fildir ve onun her analiz edilebilir \u00f6zelli\u011fi bir ba\u011flant\u0131ya, kar\u015f\u0131la\u015ft\u0131rmaya ya da bir perspektife kavu\u015fturulmaya elveri\u015flidir. Her eser gibi, her organizma gibi, evrensel ya da en az\u0131ndan bireysel \u00f6tesi bile\u015fenlerden m\u00fcrekkeptir ama o bunlar\u0131 \u00f6zel bir sentezde, kendine \u00f6zg\u00fc bir b\u00fct\u00fcnl\u00fckte bir araya getirmi\u015ftir. <\/p>\n","protected":false},"excerpt":{"rendered":"<p>Bu kitab\u0131n \u00f6zel konusu Kay\u0131p Zaman\u0131n \u0130zinde\u2019nin anlat\u0131s\u0131d\u0131r. Okurun da dikkatini \u00e7ekmi\u015f olabilece\u011fi gibi ne ba\u015fl\u0131kta ne de alt ba\u015fl\u0131kta bu kitab\u0131n \u00f6zel konusundan bahsediliyor. As\u0131l<span class=\"excerpt-hellip\"> [\u2026]<\/span><\/p>\n","protected":false},"featured_media":0,"template":"","meta":{"_monsterinsights_skip_tracking":false,"_monsterinsights_sitenote_active":false,"_monsterinsights_sitenote_note":"","_monsterinsights_sitenote_category":0},"product_brand":[],"product_cat":[12365,12364],"product_tag":[],"class_list":{"0":"post-724358","1":"product","2":"type-product","3":"status-publish","5":"product_cat-diger-genel-konular","6":"product_cat-genel-konular","7":"pa_cilt-ciltsiz","8":"pa_tur-kitap","9":"pa_yayinevi-ayrinti-yayinlari","10":"pa_yazar-gerard-genette","12":"first","13":"instock","14":"sale","15":"shipping-taxable","16":"purchasable","17":"product-type-simple"},"_links":{"self":[{"href":"https:\/\/roveyayinevi.com.tr\/index.php\/wp-json\/wp\/v2\/product\/724358","targetHints":{"allow":["GET"]}}],"collection":[{"href":"https:\/\/roveyayinevi.com.tr\/index.php\/wp-json\/wp\/v2\/product"}],"about":[{"href":"https:\/\/roveyayinevi.com.tr\/index.php\/wp-json\/wp\/v2\/types\/product"}],"wp:attachment":[{"href":"https:\/\/roveyayinevi.com.tr\/index.php\/wp-json\/wp\/v2\/media?parent=724358"}],"wp:term":[{"taxonomy":"product_brand","embeddable":true,"href":"https:\/\/roveyayinevi.com.tr\/index.php\/wp-json\/wp\/v2\/product_brand?post=724358"},{"taxonomy":"product_cat","embeddable":true,"href":"https:\/\/roveyayinevi.com.tr\/index.php\/wp-json\/wp\/v2\/product_cat?post=724358"},{"taxonomy":"product_tag","embeddable":true,"href":"https:\/\/roveyayinevi.com.tr\/index.php\/wp-json\/wp\/v2\/product_tag?post=724358"}],"curies":[{"name":"wp","href":"https:\/\/api.w.org\/{rel}","templated":true}]}}