{"id":724357,"date":"2025-08-27T19:33:20","date_gmt":"2025-08-27T16:33:20","guid":{"rendered":"https:\/\/roveyayinevi.com.tr\/index.php\/urun\/on-asyanin-anahtari-kibris\/"},"modified":"2026-04-16T02:32:18","modified_gmt":"2026-04-15T23:32:18","slug":"on-asyanin-anahtari-kibris","status":"publish","type":"product","link":"https:\/\/roveyayinevi.com.tr\/index.php\/urun\/on-asyanin-anahtari-kibris\/","title":{"rendered":"\u00d6n Asya&#8217;n\u0131n Anahtar\u0131 K\u0131br\u0131s"},"content":{"rendered":"<p>Bu eser 1571\u2019den g\u00fcn\u00fcm\u00fcze, K\u0131br\u0131s Davas\u0131n\u0131n \u00f6nemli olaylar\u0131n\u0131n ele al\u0131nd\u0131\u011f\u0131 sekiz makaleden olu\u015fmaktad\u0131r. Kadim T\u00fcrk Yurdu Anadolu\u2019nun co\u011frafi ve tarihi bir par\u00e7as\u0131 olan K\u0131br\u0131s adas\u0131n\u0131n tarihi, diplomatik ve siyasi entrikalarla doludur.   T\u00fcrk Milleti\u2019ne 19. ve 20. y\u00fczy\u0131lda Bat\u0131 ve \u0130ngiltere destekli Yunanistan taraf\u0131ndan uygulanmak istenen b\u00fcy\u00fck haks\u0131zl\u0131klar\u0131n di\u011fer bir \u00f6rne\u011fi de 1878-1974 y\u0131llar\u0131 aras\u0131nda K\u0131br\u0131s\u2019ta bir avu\u00e7 K\u0131br\u0131s T\u00fcrk\u00fcne uygulam\u0131\u015ft\u0131r.   Bu \u00e7al\u0131\u015fmada K\u0131br\u0131s\u2019ta meydana gelen siyasi, askeri ve diplomasi faaliyetleri anlat\u0131lmaktad\u0131r. <\/p>\n","protected":false},"excerpt":{"rendered":"<p>Bu eser 1571\u2019den g\u00fcn\u00fcm\u00fcze, K\u0131br\u0131s Davas\u0131n\u0131n \u00f6nemli olaylar\u0131n\u0131n ele al\u0131nd\u0131\u011f\u0131 sekiz makaleden olu\u015fmaktad\u0131r. Kadim T\u00fcrk Yurdu Anadolu\u2019nun co\u011frafi ve tarihi bir par\u00e7as\u0131 olan K\u0131br\u0131s adas\u0131n\u0131n tarihi,<span class=\"excerpt-hellip\"> [\u2026]<\/span><\/p>\n","protected":false},"featured_media":0,"template":"","meta":{"_monsterinsights_skip_tracking":false,"_monsterinsights_sitenote_active":false,"_monsterinsights_sitenote_note":"","_monsterinsights_sitenote_category":0},"product_brand":[],"product_cat":[12370,12304],"product_tag":[],"class_list":{"0":"post-724357","1":"product","2":"type-product","3":"status-publish","5":"product_cat-arastirma-inceleme","6":"product_cat-tarih","7":"pa_cilt-ciltsiz","8":"pa_tur-kitap","9":"pa_yayinevi-biyografi-net-yayincilik","10":"pa_yazar-ergenekon-savrun","12":"first","13":"instock","14":"sale","15":"shipping-taxable","16":"purchasable","17":"product-type-simple"},"_links":{"self":[{"href":"https:\/\/roveyayinevi.com.tr\/index.php\/wp-json\/wp\/v2\/product\/724357","targetHints":{"allow":["GET"]}}],"collection":[{"href":"https:\/\/roveyayinevi.com.tr\/index.php\/wp-json\/wp\/v2\/product"}],"about":[{"href":"https:\/\/roveyayinevi.com.tr\/index.php\/wp-json\/wp\/v2\/types\/product"}],"wp:attachment":[{"href":"https:\/\/roveyayinevi.com.tr\/index.php\/wp-json\/wp\/v2\/media?parent=724357"}],"wp:term":[{"taxonomy":"product_brand","embeddable":true,"href":"https:\/\/roveyayinevi.com.tr\/index.php\/wp-json\/wp\/v2\/product_brand?post=724357"},{"taxonomy":"product_cat","embeddable":true,"href":"https:\/\/roveyayinevi.com.tr\/index.php\/wp-json\/wp\/v2\/product_cat?post=724357"},{"taxonomy":"product_tag","embeddable":true,"href":"https:\/\/roveyayinevi.com.tr\/index.php\/wp-json\/wp\/v2\/product_tag?post=724357"}],"curies":[{"name":"wp","href":"https:\/\/api.w.org\/{rel}","templated":true}]}}