{"id":724355,"date":"2025-08-27T19:33:18","date_gmt":"2025-08-27T16:33:18","guid":{"rendered":"https:\/\/roveyayinevi.com.tr\/index.php\/urun\/mekanik\/"},"modified":"2026-04-16T02:32:18","modified_gmt":"2026-04-15T23:32:18","slug":"mekanik","status":"publish","type":"product","link":"https:\/\/roveyayinevi.com.tr\/index.php\/urun\/mekanik\/","title":{"rendered":"Mekanik"},"content":{"rendered":"<p>Amazon UK Y\u0131l\u0131n Kitaplar\u0131 Se\u00e7kisiAmazon US Y\u0131l\u0131n Kitaplar\u0131 Se\u00e7kisiBarnes &amp; Noble En \u0130yi Bilimkurgu Se\u00e7kisiWaterStones En \u0130yi Fantastik Bilimkurgu Se\u00e7kisiAd\u0131m Jax.Bu ismi bana efendilerim bah\u015fetti.Ben bir k\u00f6leyim.\u015eimdilik.Spek\u00fclatif kurmacan\u0131n usta yazar\u0131 Ian Tregillis\u2019le tan\u0131\u015f\u0131n.Fonda felsefi punk g\u00f6sterisi var.Kar\u015f\u0131n\u0131zdaysa simya d\u00fc\u015fleri, mekanik adamlar ve olas\u0131 gelecek.Asimov\u2019un izinde Tregillis, robotiksle tarihi kurmacay\u0131 birle\u015ftiriyor.\u00d6zg\u00fcr irade ve insanl\u0131\u011f\u0131 sorguluyor.Mekanik yaln\u0131zca bir ba\u015flang\u0131\u00e7.&#8221;Etkileyici ve tek kelimeyle m\u00fcthi\u015f.&#8221;- Kirkus&#8221;Temposu y\u00fcksek ve dokunakl\u0131.&#8221;- Publishers Weekly&#8221;Ola\u011fan\u00fcst\u00fc.&#8221;- Cory Doctorow&#8221;Ba\u011f\u0131ml\u0131s\u0131 olacaks\u0131n\u0131z. Zekice.&#8221;- \u0130o9.com<\/p>\n","protected":false},"excerpt":{"rendered":"<p>Amazon UK Y\u0131l\u0131n Kitaplar\u0131 Se\u00e7kisiAmazon US Y\u0131l\u0131n Kitaplar\u0131 Se\u00e7kisiBarnes &amp; Noble En \u0130yi Bilimkurgu Se\u00e7kisiWaterStones En \u0130yi Fantastik Bilimkurgu Se\u00e7kisiAd\u0131m Jax.Bu ismi bana efendilerim bah\u015fetti.Ben bir<span class=\"excerpt-hellip\"> [\u2026]<\/span><\/p>\n","protected":false},"featured_media":0,"template":"","meta":{"_monsterinsights_skip_tracking":false,"_monsterinsights_sitenote_active":false,"_monsterinsights_sitenote_note":"","_monsterinsights_sitenote_category":0},"product_brand":[],"product_cat":[12291,12711],"product_tag":[],"class_list":{"0":"post-724355","1":"product","2":"type-product","3":"status-publish","5":"product_cat-edebiyat","6":"product_cat-roman-oyku","7":"pa_cilt-ciltsiz","8":"pa_tur-kitap","9":"pa_yayinevi-april-yayincilik","10":"pa_yazar-ian-tregillis","12":"first","13":"instock","14":"sale","15":"shipping-taxable","16":"purchasable","17":"product-type-simple"},"_links":{"self":[{"href":"https:\/\/roveyayinevi.com.tr\/index.php\/wp-json\/wp\/v2\/product\/724355","targetHints":{"allow":["GET"]}}],"collection":[{"href":"https:\/\/roveyayinevi.com.tr\/index.php\/wp-json\/wp\/v2\/product"}],"about":[{"href":"https:\/\/roveyayinevi.com.tr\/index.php\/wp-json\/wp\/v2\/types\/product"}],"wp:attachment":[{"href":"https:\/\/roveyayinevi.com.tr\/index.php\/wp-json\/wp\/v2\/media?parent=724355"}],"wp:term":[{"taxonomy":"product_brand","embeddable":true,"href":"https:\/\/roveyayinevi.com.tr\/index.php\/wp-json\/wp\/v2\/product_brand?post=724355"},{"taxonomy":"product_cat","embeddable":true,"href":"https:\/\/roveyayinevi.com.tr\/index.php\/wp-json\/wp\/v2\/product_cat?post=724355"},{"taxonomy":"product_tag","embeddable":true,"href":"https:\/\/roveyayinevi.com.tr\/index.php\/wp-json\/wp\/v2\/product_tag?post=724355"}],"curies":[{"name":"wp","href":"https:\/\/api.w.org\/{rel}","templated":true}]}}