{"id":724353,"date":"2025-08-27T19:33:16","date_gmt":"2025-08-27T16:33:16","guid":{"rendered":"https:\/\/roveyayinevi.com.tr\/index.php\/urun\/handbook-for-teaching-foreign-languages-to-young-learners-in-primary-schools\/"},"modified":"2026-04-16T02:32:18","modified_gmt":"2026-04-15T23:32:18","slug":"handbook-for-teaching-foreign-languages-to-young-learners-in-primary-schools","status":"publish","type":"product","link":"https:\/\/roveyayinevi.com.tr\/index.php\/urun\/handbook-for-teaching-foreign-languages-to-young-learners-in-primary-schools\/","title":{"rendered":"Handbook For Teaching Foreign Languages To Young Learners In Primary Schools"},"content":{"rendered":"<p>Bu kitab\u0131n temel amac\u0131, \u00e7ocuklara yabanc\u0131\/ikinci dil \u00f6\u011fretimi alan\u0131nda son y\u0131llarda kaydedilen kuramsal geli\u015fmeleri ve bu geli\u015fmeler \u0131\u015f\u0131\u011f\u0131nda haz\u0131rlanm\u0131\u015f \u00f6zel teknik, \u00f6rnek etkinlikler ve\/veya ders planlar\u0131n\u0131 kapsayan s\u0131n\u0131f i\u00e7i uygulamalara y\u00f6nelik \u00f6nerileri halen ilk\u00f6\u011fretim okullar\u0131nda g\u00f6rev yapmakta olan \u00f6\u011fretmenlerin, \u00fcniversitelerde \u00f6\u011frenim g\u00f6ren \u00f6\u011fretmen adaylar\u0131n\u0131n ve alanda \u00e7al\u0131\u015fan akademisyenlerin hizmetine sunmakt\u0131r. T\u00fcrkiye \u00f6l\u00e7e\u011finde \u00f6\u011fretmen yeterlili\u011fi ve dil \u00f6\u011frenim hedeflerinin ve standartlar\u0131n\u0131n belirlenmesi konusundaki eksiklikler d\u00fc\u015f\u00fcn\u00fcld\u00fc\u011f\u00fcnde, kitab\u0131m\u0131z bu alanda hem kuramsal hem de y\u00f6ntemsel a\u00e7\u0131dan \u00f6nemli bir bo\u015flu\u011fu doldurmaya adayd\u0131r.<\/p>\n","protected":false},"excerpt":{"rendered":"<p>Bu kitab\u0131n temel amac\u0131, \u00e7ocuklara yabanc\u0131\/ikinci dil \u00f6\u011fretimi alan\u0131nda son y\u0131llarda kaydedilen kuramsal geli\u015fmeleri ve bu geli\u015fmeler \u0131\u015f\u0131\u011f\u0131nda haz\u0131rlanm\u0131\u015f \u00f6zel teknik, \u00f6rnek etkinlikler ve\/veya ders planlar\u0131n\u0131<span class=\"excerpt-hellip\"> [\u2026]<\/span><\/p>\n","protected":false},"featured_media":0,"template":"","meta":{"_monsterinsights_skip_tracking":false,"_monsterinsights_sitenote_active":false,"_monsterinsights_sitenote_note":"","_monsterinsights_sitenote_category":0},"product_brand":[],"product_cat":[14597,12566],"product_tag":[],"class_list":{"0":"post-724353","1":"product","2":"type-product","3":"status-publish","5":"product_cat-dil-ogrenimi","6":"product_cat-egitim","7":"pa_cilt-ciltsiz","8":"pa_tur-kitap","9":"pa_yayinevi-ani-yayincilik","10":"pa_yazar-belma-haznedar-hacer-hande-uysal","12":"first","13":"instock","14":"sale","15":"shipping-taxable","16":"purchasable","17":"product-type-simple"},"_links":{"self":[{"href":"https:\/\/roveyayinevi.com.tr\/index.php\/wp-json\/wp\/v2\/product\/724353","targetHints":{"allow":["GET"]}}],"collection":[{"href":"https:\/\/roveyayinevi.com.tr\/index.php\/wp-json\/wp\/v2\/product"}],"about":[{"href":"https:\/\/roveyayinevi.com.tr\/index.php\/wp-json\/wp\/v2\/types\/product"}],"wp:attachment":[{"href":"https:\/\/roveyayinevi.com.tr\/index.php\/wp-json\/wp\/v2\/media?parent=724353"}],"wp:term":[{"taxonomy":"product_brand","embeddable":true,"href":"https:\/\/roveyayinevi.com.tr\/index.php\/wp-json\/wp\/v2\/product_brand?post=724353"},{"taxonomy":"product_cat","embeddable":true,"href":"https:\/\/roveyayinevi.com.tr\/index.php\/wp-json\/wp\/v2\/product_cat?post=724353"},{"taxonomy":"product_tag","embeddable":true,"href":"https:\/\/roveyayinevi.com.tr\/index.php\/wp-json\/wp\/v2\/product_tag?post=724353"}],"curies":[{"name":"wp","href":"https:\/\/api.w.org\/{rel}","templated":true}]}}