{"id":724352,"date":"2025-08-27T19:33:15","date_gmt":"2025-08-27T16:33:15","guid":{"rendered":"https:\/\/roveyayinevi.com.tr\/index.php\/urun\/sevgili-peygamberimizin-cocuk-arkadaslari-6li-oyku-seti\/"},"modified":"2026-04-16T02:32:18","modified_gmt":"2026-04-15T23:32:18","slug":"sevgili-peygamberimizin-cocuk-arkadaslari-6li-oyku-seti","status":"publish","type":"product","link":"https:\/\/roveyayinevi.com.tr\/index.php\/urun\/sevgili-peygamberimizin-cocuk-arkadaslari-6li-oyku-seti\/","title":{"rendered":"Sevgili Peygamberimizin C\u0327ocuk Arkadas\u0327lar\u0131 6&#8217;l\u0131 \u00d6yk\u00fc Seti"},"content":{"rendered":"<p>Peygamberimiz Hz. Muhammed\u2019in t\u00fcm insanl\u0131\u011fa \u00f6rnek olan \u015fefkati, m\u00fcminlere olan d\u00fc\u015fk\u00fcnl\u00fc\u011f\u00fc herkes\u00e7e bilinen bir ger\u00e7ektir. Bununla birlikte bir\u00e7ok sahabe, Hz. Peygamberin kendi \u00e7ocuklar\u0131 yan\u0131nda t\u00fcm \u00e7ocuklara nas\u0131l de\u011fer verdi\u011fini, sevdi\u011fini, onlarla nas\u0131l ilgilendi\u011fini ve oyunlar oynad\u0131\u011f\u0131n\u0131 aktarm\u0131\u015ft\u0131r.  Bu bilgilerden yola \u00e7\u0131karak Sevgili Peygamberimizin \u00c7ocuk Arkada\u015flar\u0131 6\u2019l\u0131 \u00d6yk\u00fc Seti\u2019ni haz\u0131rlad\u0131k. Sevgi ve \u015fefkat peygamberi d\u00f6neminde ya\u015fayan miniklerin birbirinden g\u00fczel an\u0131lar\u0131n\u0131n yer ald\u0131\u011f\u0131 alt\u0131 alt\u0131n kitap. \u00c7ocuklar\u0131m\u0131z\u0131n Peygamber Efendimizi daha iyi tan\u0131yacaklar\u0131 ve onu daha \u00e7ok sevecekleri hik\u00e2yeler bu seride.    PEDAGOG PS\u0130KOLOJ\u0130K DANI\u015eMAN  REHBER \u00d6\u011eRETMEN  \u00c7OCUK GEL\u0130\u015e\u0130M\u0130 UZMANI ONAYLI   SEVG\u0130L\u0130 PEYGAMBER\u0130M\u0130Z\u0130N \u00c7OCUK ARKADA\u015eLARI 6&#8217;LI \u00d6YK\u00dc SET\u0130\u2019NDE YER ALAN K\u0130TAPLAR:   1.      Kocaman Y\u00fcrekli \u00c7ocuk Ali 2.      \u0130lk \u0130man Eden Nurlu Gen\u00e7 Zeyd 3.      Peygamberin K\u00fc\u00e7\u00fck Dostu Enes 4.      Peygamberin G\u00fclleri Hasan ve H\u00fcseyin 5.      Mutlu Yetim 6.      Minik Ku\u015fun Babas\u0131 Eba Umeyr <\/p>\n","protected":false},"excerpt":{"rendered":"<p>Peygamberimiz Hz. Muhammed\u2019in t\u00fcm insanl\u0131\u011fa \u00f6rnek olan \u015fefkati, m\u00fcminlere olan d\u00fc\u015fk\u00fcnl\u00fc\u011f\u00fc herkes\u00e7e bilinen bir ger\u00e7ektir. Bununla birlikte bir\u00e7ok sahabe, Hz. Peygamberin kendi \u00e7ocuklar\u0131 yan\u0131nda t\u00fcm \u00e7ocuklara<span class=\"excerpt-hellip\"> [\u2026]<\/span><\/p>\n","protected":false},"featured_media":0,"template":"","meta":{"_monsterinsights_skip_tracking":false,"_monsterinsights_sitenote_active":false,"_monsterinsights_sitenote_note":"","_monsterinsights_sitenote_category":0},"product_brand":[],"product_cat":[12274,18802],"product_tag":[],"class_list":{"0":"post-724352","1":"product","2":"type-product","3":"status-publish","5":"product_cat-cocuk-ve-genclik-kitaplari","6":"product_cat-din-egitimi","7":"pa_cilt-ciltsiz","8":"pa_tur-kitap","9":"pa_yayinevi-hayykitap","10":"pa_yazar-ayse-hale","12":"first","13":"instock","14":"sale","15":"shipping-taxable","16":"purchasable","17":"product-type-simple"},"_links":{"self":[{"href":"https:\/\/roveyayinevi.com.tr\/index.php\/wp-json\/wp\/v2\/product\/724352","targetHints":{"allow":["GET"]}}],"collection":[{"href":"https:\/\/roveyayinevi.com.tr\/index.php\/wp-json\/wp\/v2\/product"}],"about":[{"href":"https:\/\/roveyayinevi.com.tr\/index.php\/wp-json\/wp\/v2\/types\/product"}],"wp:attachment":[{"href":"https:\/\/roveyayinevi.com.tr\/index.php\/wp-json\/wp\/v2\/media?parent=724352"}],"wp:term":[{"taxonomy":"product_brand","embeddable":true,"href":"https:\/\/roveyayinevi.com.tr\/index.php\/wp-json\/wp\/v2\/product_brand?post=724352"},{"taxonomy":"product_cat","embeddable":true,"href":"https:\/\/roveyayinevi.com.tr\/index.php\/wp-json\/wp\/v2\/product_cat?post=724352"},{"taxonomy":"product_tag","embeddable":true,"href":"https:\/\/roveyayinevi.com.tr\/index.php\/wp-json\/wp\/v2\/product_tag?post=724352"}],"curies":[{"name":"wp","href":"https:\/\/api.w.org\/{rel}","templated":true}]}}