{"id":724350,"date":"2025-08-27T19:33:14","date_gmt":"2025-08-27T16:33:14","guid":{"rendered":"https:\/\/roveyayinevi.com.tr\/index.php\/urun\/ol-dedi-oldum\/"},"modified":"2026-04-15T02:42:50","modified_gmt":"2026-04-14T23:42:50","slug":"ol-dedi-oldum","status":"publish","type":"product","link":"https:\/\/roveyayinevi.com.tr\/index.php\/urun\/ol-dedi-oldum\/","title":{"rendered":"Ol Dedi Oldum"},"content":{"rendered":"<p>\u201cAllah\u2019\u0131m, ben bilmiyordum\u201d demeyi d\u00fc\u015f\u00fcn\u00fcyorsan\u0131z art\u0131k mazeretiniz kalmad\u0131! Vallahi Allah var ve vallahi hesaba \u00e7ekilece\u011fiz. \u015eimdiye kadar, \u201cben bilmiyordum, Allah\u2019\u0131m affet beni\u201d demeyi d\u00fc\u015f\u00fcn\u00fcyorduysan\u0131z bu kitab\u0131 okuduktan sonra mazeretiniz de kalmad\u0131. L\u00fctfen, Kur\u2019an\u2019\u0131 anlayaca\u011f\u0131n\u0131z ve hayat\u0131n\u0131za ge\u00e7irece\u011finiz \u015fekilde okuyun.   Yar\u0131m saatte yiyip bitirece\u011fimiz bir yeme\u011fi yapmak i\u00e7in bile internette onlarca tarif okuyan bizler, t\u00fcm hayat\u0131m\u0131z\u0131 anlaml\u0131 k\u0131lmak i\u00e7in Rabbimizin bize g\u00f6nderdi\u011fi ya\u015fam tarifini okumaktan aciz miyiz? <\/p>\n","protected":false},"excerpt":{"rendered":"<p>\u201cAllah\u2019\u0131m, ben bilmiyordum\u201d demeyi d\u00fc\u015f\u00fcn\u00fcyorsan\u0131z art\u0131k mazeretiniz kalmad\u0131! Vallahi Allah var ve vallahi hesaba \u00e7ekilece\u011fiz. \u015eimdiye kadar, \u201cben bilmiyordum, Allah\u2019\u0131m affet beni\u201d demeyi d\u00fc\u015f\u00fcn\u00fcyorduysan\u0131z bu kitab\u0131<span class=\"excerpt-hellip\"> [\u2026]<\/span><\/p>\n","protected":false},"featured_media":0,"template":"","meta":{"_monsterinsights_skip_tracking":false,"_monsterinsights_sitenote_active":false,"_monsterinsights_sitenote_note":"","_monsterinsights_sitenote_category":0},"product_brand":[],"product_cat":[12364,12376],"product_tag":[],"class_list":{"0":"post-724350","1":"product","2":"type-product","3":"status-publish","5":"product_cat-genel-konular","6":"product_cat-kisisel-gelisim","7":"pa_cilt-ciltsiz","8":"pa_tur-kitap","9":"pa_yayinevi-hayykitap","10":"pa_yazar-mehmet-salim-oztoksoy","12":"first","13":"instock","14":"sale","15":"shipping-taxable","16":"purchasable","17":"product-type-simple"},"_links":{"self":[{"href":"https:\/\/roveyayinevi.com.tr\/index.php\/wp-json\/wp\/v2\/product\/724350","targetHints":{"allow":["GET"]}}],"collection":[{"href":"https:\/\/roveyayinevi.com.tr\/index.php\/wp-json\/wp\/v2\/product"}],"about":[{"href":"https:\/\/roveyayinevi.com.tr\/index.php\/wp-json\/wp\/v2\/types\/product"}],"wp:attachment":[{"href":"https:\/\/roveyayinevi.com.tr\/index.php\/wp-json\/wp\/v2\/media?parent=724350"}],"wp:term":[{"taxonomy":"product_brand","embeddable":true,"href":"https:\/\/roveyayinevi.com.tr\/index.php\/wp-json\/wp\/v2\/product_brand?post=724350"},{"taxonomy":"product_cat","embeddable":true,"href":"https:\/\/roveyayinevi.com.tr\/index.php\/wp-json\/wp\/v2\/product_cat?post=724350"},{"taxonomy":"product_tag","embeddable":true,"href":"https:\/\/roveyayinevi.com.tr\/index.php\/wp-json\/wp\/v2\/product_tag?post=724350"}],"curies":[{"name":"wp","href":"https:\/\/api.w.org\/{rel}","templated":true}]}}