{"id":724348,"date":"2025-08-27T19:33:12","date_gmt":"2025-08-27T16:33:12","guid":{"rendered":"https:\/\/roveyayinevi.com.tr\/index.php\/urun\/80-dakikada-devr-i-alem\/"},"modified":"2025-11-05T06:06:16","modified_gmt":"2025-11-05T03:06:16","slug":"80-dakikada-devr-i-alem","status":"publish","type":"product","link":"https:\/\/roveyayinevi.com.tr\/index.php\/urun\/80-dakikada-devr-i-alem\/","title":{"rendered":"80 Dakikada Devr-i Alem"},"content":{"rendered":"<p>Ak\u0131l ve Kalpte Bir Seyahat Seksen dakikada okunacak, ancak bitmeyecek bir kitap bu&#8230; Denizler, \u00e7\u00f6ller ve k\u0131talar\u0131 ziyaret edip,\u00e7i\u00e7eklere, kelebeklere ve kendinize de bir \u201cmerhaba\u201d diyerek \u201cdevr-i \u00e2lem\u201d yapmak isterseniz bu kitap tam size g\u00f6re.Bir y\u00f6n\u00fcyle \u00e7ok k\u0131sa, bir y\u00f6n\u00fcyle \u00e7ok uzun s\u00fcrecek bir yolculuk. Belki de kitap bitince ba\u015flayacak veya devam edecek.Ak\u0131l ve kalpte yap\u0131lan devr-i \u00e2lem, yolculuklar\u0131n en \u00f6nemlisi.Dilerseniz gelin, b\u00f6yle bir yolculu\u011fa \u00e7\u0131kal\u0131m. Bak\u0131p ge\u00e7ti\u011fimiz, ekip bi\u00e7ti\u011fimiz, yery\u00fcz\u00fc denilen sanat m\u00fczesinde.Fark\u0131ndal\u0131\u011f\u0131m\u0131z\u0131 artt\u0131rarak, d\u00fc\u015f\u00fcnce merdivenlerinde y\u00fckselelim.Ne dersiniz? <\/p>\n","protected":false},"excerpt":{"rendered":"<p>Ak\u0131l ve Kalpte Bir Seyahat Seksen dakikada okunacak, ancak bitmeyecek bir kitap bu&#8230; Denizler, \u00e7\u00f6ller ve k\u0131talar\u0131 ziyaret edip,\u00e7i\u00e7eklere, kelebeklere ve kendinize de bir \u201cmerhaba\u201d diyerek<span class=\"excerpt-hellip\"> [\u2026]<\/span><\/p>\n","protected":false},"featured_media":0,"template":"","meta":{"_monsterinsights_skip_tracking":false,"_monsterinsights_sitenote_active":false,"_monsterinsights_sitenote_note":"","_monsterinsights_sitenote_category":0},"product_brand":[],"product_cat":[12364,12376],"product_tag":[],"class_list":{"0":"post-724348","1":"product","2":"type-product","3":"status-publish","5":"product_cat-genel-konular","6":"product_cat-kisisel-gelisim","7":"pa_cilt-ciltsiz","8":"pa_tur-kitap","9":"pa_yayinevi-hayykitap","10":"pa_yazar-adnan-simsek","12":"first","13":"instock","14":"sale","15":"shipping-taxable","16":"purchasable","17":"product-type-simple"},"_links":{"self":[{"href":"https:\/\/roveyayinevi.com.tr\/index.php\/wp-json\/wp\/v2\/product\/724348","targetHints":{"allow":["GET"]}}],"collection":[{"href":"https:\/\/roveyayinevi.com.tr\/index.php\/wp-json\/wp\/v2\/product"}],"about":[{"href":"https:\/\/roveyayinevi.com.tr\/index.php\/wp-json\/wp\/v2\/types\/product"}],"wp:attachment":[{"href":"https:\/\/roveyayinevi.com.tr\/index.php\/wp-json\/wp\/v2\/media?parent=724348"}],"wp:term":[{"taxonomy":"product_brand","embeddable":true,"href":"https:\/\/roveyayinevi.com.tr\/index.php\/wp-json\/wp\/v2\/product_brand?post=724348"},{"taxonomy":"product_cat","embeddable":true,"href":"https:\/\/roveyayinevi.com.tr\/index.php\/wp-json\/wp\/v2\/product_cat?post=724348"},{"taxonomy":"product_tag","embeddable":true,"href":"https:\/\/roveyayinevi.com.tr\/index.php\/wp-json\/wp\/v2\/product_tag?post=724348"}],"curies":[{"name":"wp","href":"https:\/\/api.w.org\/{rel}","templated":true}]}}