{"id":724347,"date":"2025-08-27T19:33:11","date_gmt":"2025-08-27T16:33:11","guid":{"rendered":"https:\/\/roveyayinevi.com.tr\/index.php\/urun\/kazim-karabekirin-siyasi-faaliyetleri1938-1948\/"},"modified":"2026-04-16T02:32:18","modified_gmt":"2026-04-15T23:32:18","slug":"kazim-karabekirin-siyasi-faaliyetleri1938-1948","status":"publish","type":"product","link":"https:\/\/roveyayinevi.com.tr\/index.php\/urun\/kazim-karabekirin-siyasi-faaliyetleri1938-1948\/","title":{"rendered":"Kaz\u0131m Karabekir\u2019in Siyasi Faaliyetleri(1938-1948)"},"content":{"rendered":"<p>Yak\u0131n T\u00fcrk tarihine damgas\u0131n\u0131 vuran Kaz\u0131m Karabekir T\u00fcrkiye\u2019nin ilk muhalefet partisi olan Terakkiperver Cumhuriyet F\u0131rkas\u0131\u2019n\u0131n genel ba\u015fkan\u0131 olarak iyi bir politikac\u0131d\u0131r. Bunun yan\u0131 s\u0131ra, iyi bir diplomat, e\u011fitimci ve m\u00fczisyendir. 1926 y\u0131l\u0131nda Gazi Mustafa Kemal Pa\u015fa ile ters d\u00fc\u015ferek yakla\u015f\u0131k 10 y\u0131ll\u0131k bir menkubiyet hayat\u0131 s\u00fcren Kaz\u0131m Karabekir Pa\u015fa, 1938 y\u0131l\u0131n\u0131n sonlar\u0131nda \u0130smet \u0130n\u00f6n\u00fc taraf\u0131ndan onore edilerek, milletvekilli\u011fine getirilmi\u015f, e\u011fitim ba\u015fta olmak \u00fczere bir\u00e7ok farkl\u0131 konuda g\u00f6r\u00fc\u015flerini TBMM\u2019de a\u00e7\u0131k\u00e7a dile getirmi\u015f ve Rus diktat\u00f6r Stalin\u2019in g\u00f6z dikti\u011fi T\u00fcrk topraklar\u0131 ile ilgili olarak olduk\u00e7a ate\u015fli bir konu\u015fma yapm\u0131\u015ft\u0131r. Bu konu\u015fma d\u00f6nemin gazetelerinde kendine geni\u015f yer bulmu\u015ftur. Karabekir, \u00f6ld\u00fc\u011f\u00fc tarih olan 1948 y\u0131l\u0131na dek milletvekili olarak kalm\u0131\u015f ve TBMM Ba\u015fkan\u0131 g\u00f6revini de \u00fcstlenmi\u015ftir. <\/p>\n","protected":false},"excerpt":{"rendered":"<p>Yak\u0131n T\u00fcrk tarihine damgas\u0131n\u0131 vuran Kaz\u0131m Karabekir T\u00fcrkiye\u2019nin ilk muhalefet partisi olan Terakkiperver Cumhuriyet F\u0131rkas\u0131\u2019n\u0131n genel ba\u015fkan\u0131 olarak iyi bir politikac\u0131d\u0131r. Bunun yan\u0131 s\u0131ra, iyi bir<span class=\"excerpt-hellip\"> [\u2026]<\/span><\/p>\n","protected":false},"featured_media":0,"template":"","meta":{"_monsterinsights_skip_tracking":false,"_monsterinsights_sitenote_active":false,"_monsterinsights_sitenote_note":"","_monsterinsights_sitenote_category":0},"product_brand":[],"product_cat":[12370,12304],"product_tag":[],"class_list":{"0":"post-724347","1":"product","2":"type-product","3":"status-publish","5":"product_cat-arastirma-inceleme","6":"product_cat-tarih","7":"pa_cilt-ciltsiz","8":"pa_tur-kitap","9":"pa_yayinevi-yeditepe-yayinevi","10":"pa_yazar-zeynel-abidin-polat","12":"first","13":"instock","14":"sale","15":"shipping-taxable","16":"purchasable","17":"product-type-simple"},"_links":{"self":[{"href":"https:\/\/roveyayinevi.com.tr\/index.php\/wp-json\/wp\/v2\/product\/724347","targetHints":{"allow":["GET"]}}],"collection":[{"href":"https:\/\/roveyayinevi.com.tr\/index.php\/wp-json\/wp\/v2\/product"}],"about":[{"href":"https:\/\/roveyayinevi.com.tr\/index.php\/wp-json\/wp\/v2\/types\/product"}],"wp:attachment":[{"href":"https:\/\/roveyayinevi.com.tr\/index.php\/wp-json\/wp\/v2\/media?parent=724347"}],"wp:term":[{"taxonomy":"product_brand","embeddable":true,"href":"https:\/\/roveyayinevi.com.tr\/index.php\/wp-json\/wp\/v2\/product_brand?post=724347"},{"taxonomy":"product_cat","embeddable":true,"href":"https:\/\/roveyayinevi.com.tr\/index.php\/wp-json\/wp\/v2\/product_cat?post=724347"},{"taxonomy":"product_tag","embeddable":true,"href":"https:\/\/roveyayinevi.com.tr\/index.php\/wp-json\/wp\/v2\/product_tag?post=724347"}],"curies":[{"name":"wp","href":"https:\/\/api.w.org\/{rel}","templated":true}]}}