{"id":724336,"date":"2025-08-27T19:33:03","date_gmt":"2025-08-27T16:33:03","guid":{"rendered":"https:\/\/roveyayinevi.com.tr\/index.php\/urun\/din-bu-3\/"},"modified":"2026-04-16T02:32:17","modified_gmt":"2026-04-15T23:32:17","slug":"din-bu-3","status":"publish","type":"product","link":"https:\/\/roveyayinevi.com.tr\/index.php\/urun\/din-bu-3\/","title":{"rendered":"Din Bu -3"},"content":{"rendered":"<p>Kaynak Yay\u0131nlar\u0131, b\u00fcy\u00fck ayd\u0131nlanmac\u0131m\u0131z ve milletimizin unutulmaz \u00f6\u011fretmeni Turan Dursun\u2019u tekrar okuyucular\u0131yla bulu\u015fturuyor.T\u00fcrkiye\u2019nin ayd\u0131nlanma kitapl\u0131\u011f\u0131ndaki e\u015fsiz yerini koruyan Din Bu yeniden d\u00fczenlenmi\u015f bi\u00e7imi ve Dursun\u2019un kaleminden \u00e7\u0131km\u0131\u015f haliyle tekrar yay\u0131mlan\u0131yor.Dursun\u2019un yaz\u0131lar\u0131 2000\u2019e Do\u011fru dergisinde yay\u0131mlan\u0131rken yer yer k\u0131salt\u0131lm\u0131\u015f ve ifadelerinde baz\u0131 de\u011fi\u015fiklikler yap\u0131lm\u0131\u015ft\u0131. De\u011fi\u015fiklikler, Dursun\u2019un izniyle Cemal S\u00fcreya taraf\u0131ndan yap\u0131lm\u0131\u015ft\u0131. Turan Dursun, Din Bu\u2019nun ilk kitab\u0131n\u0131 yay\u0131mlarken2000\u2019e Do\u011fru\u2019daki metinleri esas almay\u0131 uygun g\u00f6rm\u00fc\u015ft\u00fc. Karanl\u0131k g\u00fc\u00e7ler taraf\u0131ndan katledilen Dursun\u2019un di\u011fer ciltler \u00fczerinde bir d\u00fczeltme yapma \u015fans\u0131 bulunmuyordu.C\u0130LT 3Kaynak Yay\u0131nlar\u0131, Din Bu ad\u0131yla kaleme al\u0131nan yaz\u0131lar\u0131 \u00fc\u00e7 cilt halinde yay\u0131ml\u0131yor. 1. Ciltte genel olarak Tanr\u0131 ve Kur\u2019an\u2019daki Tanr\u0131 kavram\u0131 ele al\u0131nmaktad\u0131r.- \u0130slam\u2019da toplum &#8211; \u0130slam\u2019da kad\u0131n &#8211; Laiklik konusu &#8211; G\u00fcncel konulara ili\u015fkin Turan Dursun\u2019un verdi\u011fi yan\u0131tlar ve mektuplar<\/p>\n","protected":false},"excerpt":{"rendered":"<p>Kaynak Yay\u0131nlar\u0131, b\u00fcy\u00fck ayd\u0131nlanmac\u0131m\u0131z ve milletimizin unutulmaz \u00f6\u011fretmeni Turan Dursun\u2019u tekrar okuyucular\u0131yla bulu\u015fturuyor.T\u00fcrkiye\u2019nin ayd\u0131nlanma kitapl\u0131\u011f\u0131ndaki e\u015fsiz yerini koruyan Din Bu yeniden d\u00fczenlenmi\u015f bi\u00e7imi ve Dursun\u2019un kaleminden<span class=\"excerpt-hellip\"> [\u2026]<\/span><\/p>\n","protected":false},"featured_media":0,"template":"","meta":{"_monsterinsights_skip_tracking":false,"_monsterinsights_sitenote_active":false,"_monsterinsights_sitenote_note":"","_monsterinsights_sitenote_category":0},"product_brand":[],"product_cat":[16789,12718,12719],"product_tag":[],"class_list":{"0":"post-724336","1":"product","2":"type-product","3":"status-publish","5":"product_cat-diger-islam","6":"product_cat-din","7":"product_cat-islam","8":"pa_cilt-ciltsiz","9":"pa_tur-kitap","10":"pa_yayinevi-kaynak-yayinlari","11":"pa_yazar-turan-dursun","13":"first","14":"instock","15":"sale","16":"shipping-taxable","17":"purchasable","18":"product-type-simple"},"_links":{"self":[{"href":"https:\/\/roveyayinevi.com.tr\/index.php\/wp-json\/wp\/v2\/product\/724336","targetHints":{"allow":["GET"]}}],"collection":[{"href":"https:\/\/roveyayinevi.com.tr\/index.php\/wp-json\/wp\/v2\/product"}],"about":[{"href":"https:\/\/roveyayinevi.com.tr\/index.php\/wp-json\/wp\/v2\/types\/product"}],"wp:attachment":[{"href":"https:\/\/roveyayinevi.com.tr\/index.php\/wp-json\/wp\/v2\/media?parent=724336"}],"wp:term":[{"taxonomy":"product_brand","embeddable":true,"href":"https:\/\/roveyayinevi.com.tr\/index.php\/wp-json\/wp\/v2\/product_brand?post=724336"},{"taxonomy":"product_cat","embeddable":true,"href":"https:\/\/roveyayinevi.com.tr\/index.php\/wp-json\/wp\/v2\/product_cat?post=724336"},{"taxonomy":"product_tag","embeddable":true,"href":"https:\/\/roveyayinevi.com.tr\/index.php\/wp-json\/wp\/v2\/product_tag?post=724336"}],"curies":[{"name":"wp","href":"https:\/\/api.w.org\/{rel}","templated":true}]}}