{"id":724335,"date":"2025-08-27T19:33:02","date_gmt":"2025-08-27T16:33:02","guid":{"rendered":"https:\/\/roveyayinevi.com.tr\/index.php\/urun\/ibranice-ilk-adim\/"},"modified":"2026-04-16T02:32:17","modified_gmt":"2026-04-15T23:32:17","slug":"ibranice-ilk-adim","status":"publish","type":"product","link":"https:\/\/roveyayinevi.com.tr\/index.php\/urun\/ibranice-ilk-adim\/","title":{"rendered":"\u0130branice \u0130lk Ad\u0131m"},"content":{"rendered":"<p>\u00d6zg\u00fcn diyaloglar\u0131, anla\u015f\u0131lmas\u0131 kolay dilbilgisi (anlat\u0131m\u0131), yo\u011fun kelime bilgisi, dikkat \u00e7ekici al\u0131\u015ft\u0131rmalar\u0131yla bu kitap \u0130branicede iyi ileti\u015fim kurabilmek i\u00e7in \u00f6\u011frencilerine gerekli becerileri sunmaktad\u0131r. Bu kitap \u00f6\u011frencilerin yazma, okuma ve konu\u015fmada donan\u0131m kazanmalar\u0131 i\u00e7in geli\u015ftirilmi\u015ftir. Bu kitap, ileri d\u00fczey \u0130branice \u00e7al\u0131\u015fmalar\u0131 i\u00e7in bir temel olu\u015fturmaktad\u0131r. Kitap esas olarak, ba\u015flang\u0131\u00e7 seviyesi \u0130branice materyal i\u00e7eren 10 \u00fcniteden olu\u015fmaktad\u0131r. Kitab\u0131n sonunda ayr\u0131ca, \u00f6\u011frencilerin kat\u0131l\u0131m sa\u011flayabilece\u011fi 6 durum diyalogunu i\u00e7eren ilave bir \u00fcnite bulunmaktad\u0131r. T\u00fcrk\u00e7e-\u0130branice ve \u0130branice-T\u00fcrk\u00e7e \u00e7al\u0131\u015fma s\u00f6zl\u00fcklerinin yan\u0131 s\u0131ra \u0130brani Dili\u2019ne \u00f6zel birtak\u0131m fiil yap\u0131lar\u0131, yine kitab\u0131n sonunda yer almaktad\u0131r. Her bir b\u00f6l\u00fcm orijinal \u0130branice yaz\u0131m\u0131, Latin Alfabesiyle yaz\u0131lm\u0131\u015f okunu\u015fu ve T\u00fcrk\u00e7e \u00e7evirisinden olu\u015fmaktad\u0131r. Her bir \u00fcnite, otelde konaklamaktan ak\u015fam yeme\u011fi i\u00e7in arkada\u015flar\u0131 ziyaret etmeye ve seyahat etmeye kadar bir\u00e7ok farkl\u0131 hikaye bar\u0131nd\u0131rmaktad\u0131r. Bu kapsaml\u0131 kitapta, \u0130srail topraklar\u0131, k\u00fclt\u00fcr\u00fc ve insanlar\u0131yla tan\u0131\u015fma yolculuklar\u0131nda David Malka\u2019ya e\u015flik ediyoruz.T\u00fcrkiye\u2019de haz\u0131rlanan ilk \u0130branice Dilbilgisi ve \u0130branice \u00d6\u011frenenlere Kelime Bankas\u0131 kitaplar\u0131n\u0131n yazar\u0131n\u0131n deneyimiyle.<\/p>\n","protected":false},"excerpt":{"rendered":"<p>\u00d6zg\u00fcn diyaloglar\u0131, anla\u015f\u0131lmas\u0131 kolay dilbilgisi (anlat\u0131m\u0131), yo\u011fun kelime bilgisi, dikkat \u00e7ekici al\u0131\u015ft\u0131rmalar\u0131yla bu kitap \u0130branicede iyi ileti\u015fim kurabilmek i\u00e7in \u00f6\u011frencilerine gerekli becerileri sunmaktad\u0131r. Bu kitap \u00f6\u011frencilerin<span class=\"excerpt-hellip\"> [\u2026]<\/span><\/p>\n","protected":false},"featured_media":0,"template":"","meta":{"_monsterinsights_skip_tracking":false,"_monsterinsights_sitenote_active":false,"_monsterinsights_sitenote_note":"","_monsterinsights_sitenote_category":0},"product_brand":[],"product_cat":[14597,12566],"product_tag":[],"class_list":{"0":"post-724335","1":"product","2":"type-product","3":"status-publish","5":"product_cat-dil-ogrenimi","6":"product_cat-egitim","7":"pa_cilt-ciltsiz","8":"pa_tur-kitap","9":"pa_yayinevi-astana-yayinlari","10":"pa_yazar-ahmet-murat-taser","12":"first","13":"instock","14":"sale","15":"shipping-taxable","16":"purchasable","17":"product-type-simple"},"_links":{"self":[{"href":"https:\/\/roveyayinevi.com.tr\/index.php\/wp-json\/wp\/v2\/product\/724335","targetHints":{"allow":["GET"]}}],"collection":[{"href":"https:\/\/roveyayinevi.com.tr\/index.php\/wp-json\/wp\/v2\/product"}],"about":[{"href":"https:\/\/roveyayinevi.com.tr\/index.php\/wp-json\/wp\/v2\/types\/product"}],"wp:attachment":[{"href":"https:\/\/roveyayinevi.com.tr\/index.php\/wp-json\/wp\/v2\/media?parent=724335"}],"wp:term":[{"taxonomy":"product_brand","embeddable":true,"href":"https:\/\/roveyayinevi.com.tr\/index.php\/wp-json\/wp\/v2\/product_brand?post=724335"},{"taxonomy":"product_cat","embeddable":true,"href":"https:\/\/roveyayinevi.com.tr\/index.php\/wp-json\/wp\/v2\/product_cat?post=724335"},{"taxonomy":"product_tag","embeddable":true,"href":"https:\/\/roveyayinevi.com.tr\/index.php\/wp-json\/wp\/v2\/product_tag?post=724335"}],"curies":[{"name":"wp","href":"https:\/\/api.w.org\/{rel}","templated":true}]}}