{"id":724334,"date":"2025-08-27T19:33:01","date_gmt":"2025-08-27T16:33:01","guid":{"rendered":"https:\/\/roveyayinevi.com.tr\/index.php\/urun\/alesta-ceza-muhakemesi-hukuku\/"},"modified":"2026-04-16T02:32:17","modified_gmt":"2026-04-15T23:32:17","slug":"alesta-ceza-muhakemesi-hukuku","status":"publish","type":"product","link":"https:\/\/roveyayinevi.com.tr\/index.php\/urun\/alesta-ceza-muhakemesi-hukuku\/","title":{"rendered":"Alesta Ceza Muhakemesi Hukuku"},"content":{"rendered":"<p>Elinizdeki kitap akademik bir \u00e7al\u0131\u015fma olmay\u0131p yaln\u0131zca H\u00e2kimlik ve di\u011fer merkezi s\u0131navlara girecek \u00f6\u011frencilere y\u00f6nelik olarak haz\u0131rlanm\u0131\u015ft\u0131r. Bu ama\u00e7la da ge\u00e7mi\u015f y\u0131llar\u0131n \u00f6zellikle de son birka\u00e7 y\u0131l\u0131n \u00e7\u0131km\u0131\u015f sorular\u0131 dikkatle incelenmi\u015ftir. Bu incelemeden \u00e7\u0131kan sonu\u00e7 \u015fudur ki s\u0131nav sorular\u0131nda 5271 say\u0131l\u0131 Ceza Muhakemesi Kanunu (CMK)\u2019na s\u0131k\u0131 s\u0131k\u0131ya ba\u011fl\u0131 kal\u0131nmakta, do\u011frudan bilgi sorular\u0131 soruldu\u011fu gibi \u00f6\u011frencinin soyut bilgiyi somut olaya uygulama kabiliyetini \u00f6l\u00e7en pratik sorular da sorulmaktad\u0131r.Bu \u00e7er\u00e7evede kitap sekiz b\u00f6l\u00fcmden olu\u015fmakta, her bir b\u00f6l\u00fcmde de konu anlat\u0131m\u0131 ve \u00e7al\u0131\u015fma sorular\u0131 yer almaktad\u0131r.Konu anlat\u0131m\u0131nda, CMK\u2019da yer alan kurumlar sistematik ve \u00f6rnekler vererek a\u00e7\u0131klanmaya \u00e7al\u0131\u015f\u0131lm\u0131\u015f, konunun \u00f6z\u00fcn\u00fc ifade eden anahtar kelime ya da kelime gruplar\u0131 koyu renkli kalemle belirtilmi\u015ftir.Soru k\u0131sm\u0131 ise kendi i\u00e7inde \u00e7al\u0131\u015fma sorular\u0131 ve test olmak \u00fczere iki b\u00f6l\u00fcmden olu\u015fmaktad\u0131r. \u00c7al\u0131\u015fma sorular\u0131 ilgili b\u00f6l\u00fcmle ilgili ge\u00e7mi\u015f y\u0131llarda sorulan sorular\u0131n benzerlerinden olu\u015fmaktad\u0131r. Bu sorular ile \u00f6\u011frencinin s\u0131nav sorular\u0131n a\u015fina olmas\u0131 ama\u00e7lanmaktad\u0131r.Testler ise ilgili b\u00f6l\u00fcmle ilgili \u00f6zellikle son birka\u00e7 y\u0131lda sorulan sorular esas al\u0131narak haz\u0131rlanm\u0131\u015f sorulardan olu\u015fmaktad\u0131r. Testin sonunda ayr\u0131ca \u00e7\u00f6z\u00fcmler de verilerek \u00f6\u011frencinin bilgi tekrar\u0131 yapmas\u0131 ama\u00e7lanm\u0131\u015ft\u0131r.Hayat\u0131m\u0131z\u0131n vazge\u00e7ilmezi ancak zorlu bir s\u00fcre\u00e7 olan s\u0131nava haz\u0131rl\u0131k s\u00fcrecinde t\u00fcm \u00f6\u011frencilere kolayl\u0131k, azim ve sab\u0131r diliyor ve s\u0131navlarda ba\u015far\u0131l\u0131 olmalar\u0131n\u0131 t\u00fcm kalbimle temenni ediyorum.<\/p>\n","protected":false},"excerpt":{"rendered":"<p>Elinizdeki kitap akademik bir \u00e7al\u0131\u015fma olmay\u0131p yaln\u0131zca H\u00e2kimlik ve di\u011fer merkezi s\u0131navlara girecek \u00f6\u011frencilere y\u00f6nelik olarak haz\u0131rlanm\u0131\u015ft\u0131r. Bu ama\u00e7la da ge\u00e7mi\u015f y\u0131llar\u0131n \u00f6zellikle de son birka\u00e7<span class=\"excerpt-hellip\"> [\u2026]<\/span><\/p>\n","protected":false},"featured_media":0,"template":"","meta":{"_monsterinsights_skip_tracking":false,"_monsterinsights_sitenote_active":false,"_monsterinsights_sitenote_note":"","_monsterinsights_sitenote_category":0},"product_brand":[],"product_cat":[15350,17602],"product_tag":[],"class_list":{"0":"post-724334","1":"product","2":"type-product","3":"status-publish","5":"product_cat-hukuk","6":"product_cat-hukuk-uzerine","7":"pa_cilt-ciltsiz","8":"pa_tur-kitap","9":"pa_yayinevi-astana-yayinlari","10":"pa_yazar-hakan-serdar","12":"first","13":"instock","14":"sale","15":"shipping-taxable","16":"purchasable","17":"product-type-simple"},"_links":{"self":[{"href":"https:\/\/roveyayinevi.com.tr\/index.php\/wp-json\/wp\/v2\/product\/724334","targetHints":{"allow":["GET"]}}],"collection":[{"href":"https:\/\/roveyayinevi.com.tr\/index.php\/wp-json\/wp\/v2\/product"}],"about":[{"href":"https:\/\/roveyayinevi.com.tr\/index.php\/wp-json\/wp\/v2\/types\/product"}],"wp:attachment":[{"href":"https:\/\/roveyayinevi.com.tr\/index.php\/wp-json\/wp\/v2\/media?parent=724334"}],"wp:term":[{"taxonomy":"product_brand","embeddable":true,"href":"https:\/\/roveyayinevi.com.tr\/index.php\/wp-json\/wp\/v2\/product_brand?post=724334"},{"taxonomy":"product_cat","embeddable":true,"href":"https:\/\/roveyayinevi.com.tr\/index.php\/wp-json\/wp\/v2\/product_cat?post=724334"},{"taxonomy":"product_tag","embeddable":true,"href":"https:\/\/roveyayinevi.com.tr\/index.php\/wp-json\/wp\/v2\/product_tag?post=724334"}],"curies":[{"name":"wp","href":"https:\/\/api.w.org\/{rel}","templated":true}]}}