{"id":724319,"date":"2025-08-27T19:32:49","date_gmt":"2025-08-27T16:32:49","guid":{"rendered":"https:\/\/roveyayinevi.com.tr\/index.php\/urun\/icatlarim\/"},"modified":"2026-04-16T02:32:17","modified_gmt":"2026-04-15T23:32:17","slug":"icatlarim","status":"publish","type":"product","link":"https:\/\/roveyayinevi.com.tr\/index.php\/urun\/icatlarim\/","title":{"rendered":"\u0130catlar\u0131m"},"content":{"rendered":"<p>G\u00fcn\u00fcm\u00fczde \u015fehirlerimizin \u0131\u015f\u0131klar\u0131n\u0131 S\u0131rbistan\u2019\u0131n k\u00fc\u00e7\u00fck bir k\u00f6y\u00fcnde d\u00fcnyaya gelen ve 1800\u2019l\u00fc y\u0131llar\u0131n sonunda Amerika Birle\u015fik Devletleri\u2019ne yerle\u015fen alternatif ak\u0131m\u0131n mucidi ve tam bir d\u00fcnya insan\u0131 olan Nicola Tesla\u2019ya bor\u00e7luyuz.\u0130nsanl\u0131k onun sayesinde radyo dinliyor ve uzaktan kumanda ile elektronik cihazlar\u0131n\u0131 kontrol ediyor. Ayr\u0131ca elektrik sayac\u0131n\u0131, otomobillerin h\u0131z g\u00f6stergesini, r\u00f6ntgen cihaz\u0131n\u0131, radar\u0131 ve elektrik saatlerini de onun icatlar\u0131 sayesinde kullan\u0131yoruz. \u0130nsanl\u0131\u011fa hizmeti tart\u0131\u015f\u0131lamaz boyutta olan Tesla bilim ve teknolojinin bir\u00e7ok alan\u0131nda kullan\u0131lan ve hen\u00fcz kullan\u0131lmam\u0131\u015f y\u00fczlerce icada sahiptir. Bir\u00e7ok bilim insan\u0131n\u0131n \u00e7al\u0131\u015fmalar\u0131 hen\u00fcz mucidi hayatta iken kullan\u0131m d\u0131\u015f\u0131 kalmas\u0131na ra\u011fmen Tesla\u2019n\u0131n icatlar\u0131 \u00fc\u00e7 as\u0131rd\u0131r kullan\u0131lmaktad\u0131r.Bilim g\u00fcn\u00fcm\u00fczde bile onun e\u015fsiz miras\u0131ndan beslenmektedir. Elektro mikroskoplar, televizyon ve cep telefonlar\u0131n\u0131n \u00e7al\u0131\u015fma prensipleri ve lazer gibi bulu\u015flar\u0131n temeli bile Tesla\u2019n\u0131n fikirlerine dayanmaktad\u0131r. Tesla, say\u0131s\u0131z bulu\u015fuyla insanl\u0131\u011fa katk\u0131s\u0131 olmas\u0131na ra\u011fmen hayat\u0131n\u0131 iki temel hedefe adam\u0131\u015ft\u0131, bedava elektrik enerjisi elde etmek ve bunu t\u00fcm gezegene kablosuz olacak \u015fekilde da\u011f\u0131tmak.Hen\u00fcz be\u015f ya\u015f\u0131ndayken icatlar\u0131na ba\u015flayan Tesla, k\u00f6y\u00fcnde bulunan \u00e7arklara hi\u00e7 benzemeyen ve ak\u0131nt\u0131da sorunsuz bir \u015fekilde i\u015fleyen su \u00e7ark\u0131n\u0131 tasarlad\u0131. Daha sonra k\u00fcrdanlardan olu\u015fan ve b\u00f6ceklerin kanat g\u00fcc\u00fcyle \u00e7al\u0131\u015fan mini bir yel de\u011firmeni yapt\u0131. Bu d\u00f6nemde a\u011fabeyinin trajik \u00f6l\u00fcm\u00fcnden sonra b\u00fct\u00fcn ba\u015far\u0131lar\u0131 s\u00f6n\u00fck kalan Tesla, \u201cBu nedenle kendime kar\u015f\u0131 g\u00fcvensiz bir \u00e7ocuk olarak b\u00fcy\u00fcd\u00fcm, fakat kesinlikle aptal bir \u00e7ocuk de\u011fildim\u201d demi\u015ftir.Elinizdeki bu kitapta Tesla\u2019n\u0131n kendi kaleminden \u00e7ocukluk ve gen\u00e7lik y\u0131llar\u0131 dahil hayat\u0131ndan \u00f6nemli kesitleri, icatlar\u0131, bu icatlar\u0131 ger\u00e7ekle\u015ftirirken sahip oldu\u011fu motivasyonlar\u0131, bu yolda kar\u015f\u0131s\u0131na \u00e7\u0131kan zorluklar\u0131 ve bu zorluklar\u0131 nas\u0131l a\u015fmaya \u00e7al\u0131\u015ft\u0131\u011f\u0131n\u0131 okuyacaks\u0131n\u0131z. G\u00fcn\u00fcm\u00fczde temiz enerjiye olan ilgi ve bu ba\u011flamda at\u0131lan ad\u0131mlar Tesla\u2019n\u0131n as\u0131rlar \u00f6nce altyap\u0131s\u0131n\u0131 att\u0131\u011f\u0131 fikirler \u00fczerine in\u015fa edilmektedir.<\/p>\n","protected":false},"excerpt":{"rendered":"<p>G\u00fcn\u00fcm\u00fczde \u015fehirlerimizin \u0131\u015f\u0131klar\u0131n\u0131 S\u0131rbistan\u2019\u0131n k\u00fc\u00e7\u00fck bir k\u00f6y\u00fcnde d\u00fcnyaya gelen ve 1800\u2019l\u00fc y\u0131llar\u0131n sonunda Amerika Birle\u015fik Devletleri\u2019ne yerle\u015fen alternatif ak\u0131m\u0131n mucidi ve tam bir d\u00fcnya insan\u0131 olan<span class=\"excerpt-hellip\"> [\u2026]<\/span><\/p>\n","protected":false},"featured_media":0,"template":"","meta":{"_monsterinsights_skip_tracking":false,"_monsterinsights_sitenote_active":false,"_monsterinsights_sitenote_note":"","_monsterinsights_sitenote_category":0},"product_brand":[],"product_cat":[14009,12291],"product_tag":[],"class_list":{"0":"post-724319","1":"product","2":"type-product","3":"status-publish","5":"product_cat-biyografi-otobiyografi-edebiyat","6":"product_cat-edebiyat","7":"pa_cilt-ciltsiz","8":"pa_tur-kitap","9":"pa_yayinevi-dorlion-yayinevi","10":"pa_yazar-nikola-tesla","12":"first","13":"instock","14":"sale","15":"shipping-taxable","16":"purchasable","17":"product-type-simple"},"_links":{"self":[{"href":"https:\/\/roveyayinevi.com.tr\/index.php\/wp-json\/wp\/v2\/product\/724319","targetHints":{"allow":["GET"]}}],"collection":[{"href":"https:\/\/roveyayinevi.com.tr\/index.php\/wp-json\/wp\/v2\/product"}],"about":[{"href":"https:\/\/roveyayinevi.com.tr\/index.php\/wp-json\/wp\/v2\/types\/product"}],"wp:attachment":[{"href":"https:\/\/roveyayinevi.com.tr\/index.php\/wp-json\/wp\/v2\/media?parent=724319"}],"wp:term":[{"taxonomy":"product_brand","embeddable":true,"href":"https:\/\/roveyayinevi.com.tr\/index.php\/wp-json\/wp\/v2\/product_brand?post=724319"},{"taxonomy":"product_cat","embeddable":true,"href":"https:\/\/roveyayinevi.com.tr\/index.php\/wp-json\/wp\/v2\/product_cat?post=724319"},{"taxonomy":"product_tag","embeddable":true,"href":"https:\/\/roveyayinevi.com.tr\/index.php\/wp-json\/wp\/v2\/product_tag?post=724319"}],"curies":[{"name":"wp","href":"https:\/\/api.w.org\/{rel}","templated":true}]}}