{"id":724317,"date":"2025-08-27T19:32:47","date_gmt":"2025-08-27T16:32:47","guid":{"rendered":"https:\/\/roveyayinevi.com.tr\/index.php\/urun\/soz-dizimi-kuramlari-baglaminda-turkcede-bas-unsur\/"},"modified":"2026-04-16T02:32:17","modified_gmt":"2026-04-15T23:32:17","slug":"soz-dizimi-kuramlari-baglaminda-turkcede-bas-unsur","status":"publish","type":"product","link":"https:\/\/roveyayinevi.com.tr\/index.php\/urun\/soz-dizimi-kuramlari-baglaminda-turkcede-bas-unsur\/","title":{"rendered":"S\u00f6z Dizimi Kuramlar\u0131 Ba\u011flam\u0131nda T\u00fcrk\u00e7ede Ba\u015f Unsur"},"content":{"rendered":"<p>1. Giri\u015f1.1. Dil1.2. S\u00f6z Dizimini Olu\u015fturan Kavramlar2. S\u00f6z Dizimi ile \u0130lgili Kuram ve Yakla\u015f\u0131mlar2.1. Yap\u0131salc\u0131l\u0131k2.2. \u0130\u015flevselcilik2.3. Dizgeci \u0130\u015flevsel Dil Bilgisi2.4. Amerikan Yap\u0131salc\u0131l\u0131\u011f\u01312.5. \u00dcretici D\u00f6n\u00fc\u015f\u00fcmsel Dil Bilgisi Kuram\u01312.6. Ba\u011f\u0131ml\u0131l\u0131k Dil Bilgisi2.7. Genelle\u015ftirilmi\u015f \u00d6bek Yap\u0131 Dil Bilgisi2.8. Ba\u015f S\u00fcr\u00fcml\u00fc \u00d6bek Yap\u0131 Dil Bilgisi2.9. Ba\u011f\u0131nt\u0131sal Dil Bilgisi2.10. E\u015f Ba\u011f Dil Bilgisi2.11. Ba\u011f Dil Bilgisi 2.12. Durum Dil Bilgisi 2.13. Bili\u015fsel Dil Bilgisi 2.14. Kategorik Dil Bilgisi 2.15. Montague Dil Bilgisi 2.16. S\u00f6zc\u00fck Dil Bilgisi 2.17. S\u00f6zc\u00fcksel &#8211; \u0130\u015flevsel Dil Bilgisi 2.18. \u0130\u015flevsel Dil Bilgisi 2.19. Rol ve G\u00f6nderim Dil Bilgisi 2.20. A\u011fa\u00e7 Birle\u015fimli Dil Bilgisi 3. T\u00fcrk\u00e7enin Genel S\u00f6z Dizimi \u00d6zellikleri 3.1. S\u00f6z Diziminin Genel Yap\u0131s\u0131 3.2. S\u00f6z Diziminin Temel Kavramlar\u0131 3.3. T\u00fcmce 3.4. Ba\u015f Unsura Etki Eden Etmenler 4. Sonu\u00e7 5. Kaynak\u00e7a<\/p>\n","protected":false},"excerpt":{"rendered":"<p>1. Giri\u015f1.1. Dil1.2. S\u00f6z Dizimini Olu\u015fturan Kavramlar2. S\u00f6z Dizimi ile \u0130lgili Kuram ve Yakla\u015f\u0131mlar2.1. Yap\u0131salc\u0131l\u0131k2.2. \u0130\u015flevselcilik2.3. Dizgeci \u0130\u015flevsel Dil Bilgisi2.4. Amerikan Yap\u0131salc\u0131l\u0131\u011f\u01312.5. \u00dcretici D\u00f6n\u00fc\u015f\u00fcmsel Dil Bilgisi<span class=\"excerpt-hellip\"> [\u2026]<\/span><\/p>\n","protected":false},"featured_media":0,"template":"","meta":{"_monsterinsights_skip_tracking":false,"_monsterinsights_sitenote_active":false,"_monsterinsights_sitenote_note":"","_monsterinsights_sitenote_category":0},"product_brand":[],"product_cat":[20225,12291],"product_tag":[],"class_list":{"0":"post-724317","1":"product","2":"type-product","3":"status-publish","5":"product_cat-dil-bilim","6":"product_cat-edebiyat","7":"pa_cilt-ciltsiz","8":"pa_tur-kitap","9":"pa_yayinevi-gazi-kitabevi","10":"pa_yazar-secil-hirik","12":"first","13":"instock","14":"sale","15":"shipping-taxable","16":"purchasable","17":"product-type-simple"},"_links":{"self":[{"href":"https:\/\/roveyayinevi.com.tr\/index.php\/wp-json\/wp\/v2\/product\/724317","targetHints":{"allow":["GET"]}}],"collection":[{"href":"https:\/\/roveyayinevi.com.tr\/index.php\/wp-json\/wp\/v2\/product"}],"about":[{"href":"https:\/\/roveyayinevi.com.tr\/index.php\/wp-json\/wp\/v2\/types\/product"}],"wp:attachment":[{"href":"https:\/\/roveyayinevi.com.tr\/index.php\/wp-json\/wp\/v2\/media?parent=724317"}],"wp:term":[{"taxonomy":"product_brand","embeddable":true,"href":"https:\/\/roveyayinevi.com.tr\/index.php\/wp-json\/wp\/v2\/product_brand?post=724317"},{"taxonomy":"product_cat","embeddable":true,"href":"https:\/\/roveyayinevi.com.tr\/index.php\/wp-json\/wp\/v2\/product_cat?post=724317"},{"taxonomy":"product_tag","embeddable":true,"href":"https:\/\/roveyayinevi.com.tr\/index.php\/wp-json\/wp\/v2\/product_tag?post=724317"}],"curies":[{"name":"wp","href":"https:\/\/api.w.org\/{rel}","templated":true}]}}