{"id":724316,"date":"2025-08-27T19:32:46","date_gmt":"2025-08-27T16:32:46","guid":{"rendered":"https:\/\/roveyayinevi.com.tr\/index.php\/urun\/36-yoga-durusu\/"},"modified":"2026-04-16T02:32:17","modified_gmt":"2026-04-15T23:32:17","slug":"36-yoga-durusu","status":"publish","type":"product","link":"https:\/\/roveyayinevi.com.tr\/index.php\/urun\/36-yoga-durusu\/","title":{"rendered":"36 Yoga Duru\u015fu"},"content":{"rendered":"<p>Yoga dinlemekle ba\u015flar. Yogan\u0131n fiziksel uygulamas\u0131 kendi bedenimizi dinledi\u011fimiz ve h\u00e2lihaz\u0131rda i\u00e7imizde olan\u0131 yans\u0131tt\u0131\u011f\u0131m\u0131z bir alana davet sunar. Dinlemek fark\u0131ndal\u0131kt\u0131r. Sonras\u0131nda sorular sormaya ba\u015flar\u0131z. Beni geride tutan ne? Bu yoga duru\u015fu neyi sembolize ediyor? Bu benim ya\u015fam\u0131mla nas\u0131l ili\u015fkilendirilebilir? Bizler asana isimleri ve fiziksel hizalar\u0131n, sembolik oldu\u011funa uyand\u0131\u011f\u0131m\u0131zda yeni bir kap\u0131n\u0131n e\u015fi\u011findeyiz demektir. Kap\u0131y\u0131 a\u00e7an anahtar fark\u0131ndal\u0131\u011f\u0131 geni\u015fletmektir. M\u00e2n\u00e2y\u0131 sembollerde ke\u015ffettik\u00e7e kendimizi daha derin bir gizemin i\u00e7inde buluruz. Beden, zihin ve sembol birli\u011finin fark\u0131nda olmak, asanay\u0131 kendi tad\u0131m\u0131za bakt\u0131\u011f\u0131m\u0131z bir araca d\u00f6n\u00fc\u015ft\u00fcr\u00fcr.B\u00f6ylece yoga fiziksel hareketin \u00f6tesine ge\u00e7er. Mat\u0131n d\u0131\u015f\u0131na ta\u015far. Pratikte elde etti\u011fimiz i\u00e7g\u00f6r\u00fc eyleme ta\u015f\u0131n\u0131r. Ya\u015fam de\u011fi\u015fir. Yoga canlan\u0131r. 36 yoga duru\u015funa derinden n\u00fcfuz eden \u2018\u2019Ruhun Dili: Asanalar\u2019\u2019 fark\u0131ndal\u0131\u011f\u0131m\u0131z\u0131 asanalar\u0131n daha derin katmanlar\u0131na geni\u015fletebilmek ve b\u00f6ylece ya\u015fam\u0131m\u0131z\u0131 d\u00f6n\u00fc\u015ft\u00fcrecek ba\u011flant\u0131lar kurabilmek i\u00e7in bir davet. Bu kitap bakmak ve g\u00f6rmek aras\u0131ndaki ince \u00e7izginin s\u0131n\u0131rlar\u0131n\u0131 geni\u015fletmeye ve g\u00f6r\u00fcnenin \u00f6tesindeki m\u00e2n\u00e2y\u0131 asanalar\u0131n derinlerinde ke\u015ffetmeye kalbinde yer a\u00e7maya cesaret edenler i\u00e7in. <\/p>\n","protected":false},"excerpt":{"rendered":"<p>Yoga dinlemekle ba\u015flar. Yogan\u0131n fiziksel uygulamas\u0131 kendi bedenimizi dinledi\u011fimiz ve h\u00e2lihaz\u0131rda i\u00e7imizde olan\u0131 yans\u0131tt\u0131\u011f\u0131m\u0131z bir alana davet sunar. Dinlemek fark\u0131ndal\u0131kt\u0131r. Sonras\u0131nda sorular sormaya ba\u015flar\u0131z. Beni geride<span class=\"excerpt-hellip\"> [\u2026]<\/span><\/p>\n","protected":false},"featured_media":0,"template":"","meta":{"_monsterinsights_skip_tracking":false,"_monsterinsights_sitenote_active":false,"_monsterinsights_sitenote_note":"","_monsterinsights_sitenote_category":0},"product_brand":[],"product_cat":[13365,19822],"product_tag":[],"class_list":{"0":"post-724316","1":"product","2":"type-product","3":"status-publish","5":"product_cat-saglik","6":"product_cat-yoga-meditasyon","7":"pa_cilt-ciltsiz","8":"pa_tur-kitap","9":"pa_yayinevi-cem-yayinevi","10":"pa_yazar-gulin-zeytunlu","12":"first","13":"instock","14":"sale","15":"shipping-taxable","16":"purchasable","17":"product-type-simple"},"_links":{"self":[{"href":"https:\/\/roveyayinevi.com.tr\/index.php\/wp-json\/wp\/v2\/product\/724316","targetHints":{"allow":["GET"]}}],"collection":[{"href":"https:\/\/roveyayinevi.com.tr\/index.php\/wp-json\/wp\/v2\/product"}],"about":[{"href":"https:\/\/roveyayinevi.com.tr\/index.php\/wp-json\/wp\/v2\/types\/product"}],"wp:attachment":[{"href":"https:\/\/roveyayinevi.com.tr\/index.php\/wp-json\/wp\/v2\/media?parent=724316"}],"wp:term":[{"taxonomy":"product_brand","embeddable":true,"href":"https:\/\/roveyayinevi.com.tr\/index.php\/wp-json\/wp\/v2\/product_brand?post=724316"},{"taxonomy":"product_cat","embeddable":true,"href":"https:\/\/roveyayinevi.com.tr\/index.php\/wp-json\/wp\/v2\/product_cat?post=724316"},{"taxonomy":"product_tag","embeddable":true,"href":"https:\/\/roveyayinevi.com.tr\/index.php\/wp-json\/wp\/v2\/product_tag?post=724316"}],"curies":[{"name":"wp","href":"https:\/\/api.w.org\/{rel}","templated":true}]}}