{"id":724315,"date":"2025-08-27T19:32:45","date_gmt":"2025-08-27T16:32:45","guid":{"rendered":"https:\/\/roveyayinevi.com.tr\/index.php\/urun\/daragaci-kutu-seti\/"},"modified":"2026-04-16T02:32:17","modified_gmt":"2026-04-15T23:32:17","slug":"daragaci-kutu-seti","status":"publish","type":"product","link":"https:\/\/roveyayinevi.com.tr\/index.php\/urun\/daragaci-kutu-seti\/","title":{"rendered":"Dara\u011fac\u0131 Kutu Seti"},"content":{"rendered":"<p>1 Dara\u011fac\u0131 Dans\u01312 Dara\u011fac\u0131 \u015eark\u0131s\u0131\u201cAk\u0131c\u0131 anlat\u0131m\u0131 ve nefes kesici kurgusu\u2026 \u0130\u00e7ine \u00e7ekilmemek i\u00e7in dikkatli olsan\u0131z iyi olur.\u201d \u2014The Bookseller <\/p>\n","protected":false},"excerpt":{"rendered":"<p>1 Dara\u011fac\u0131 Dans\u01312 Dara\u011fac\u0131 \u015eark\u0131s\u0131\u201cAk\u0131c\u0131 anlat\u0131m\u0131 ve nefes kesici kurgusu\u2026 \u0130\u00e7ine \u00e7ekilmemek i\u00e7in dikkatli olsan\u0131z iyi olur.\u201d \u2014The Bookseller<\/p>\n","protected":false},"featured_media":0,"template":"","meta":{"_monsterinsights_skip_tracking":false,"_monsterinsights_sitenote_active":false,"_monsterinsights_sitenote_note":"","_monsterinsights_sitenote_category":0},"product_brand":[],"product_cat":[12540,12291],"product_tag":[],"class_list":{"0":"post-724315","1":"product","2":"type-product","3":"status-publish","5":"product_cat-bilim-kurgu","6":"product_cat-edebiyat","7":"pa_cilt-ciltli","8":"pa_tur-kitap","9":"pa_yayinevi-yabanci-yayinevi","10":"pa_yazar-anna-day","12":"first","13":"instock","14":"sale","15":"shipping-taxable","16":"purchasable","17":"product-type-simple"},"_links":{"self":[{"href":"https:\/\/roveyayinevi.com.tr\/index.php\/wp-json\/wp\/v2\/product\/724315","targetHints":{"allow":["GET"]}}],"collection":[{"href":"https:\/\/roveyayinevi.com.tr\/index.php\/wp-json\/wp\/v2\/product"}],"about":[{"href":"https:\/\/roveyayinevi.com.tr\/index.php\/wp-json\/wp\/v2\/types\/product"}],"wp:attachment":[{"href":"https:\/\/roveyayinevi.com.tr\/index.php\/wp-json\/wp\/v2\/media?parent=724315"}],"wp:term":[{"taxonomy":"product_brand","embeddable":true,"href":"https:\/\/roveyayinevi.com.tr\/index.php\/wp-json\/wp\/v2\/product_brand?post=724315"},{"taxonomy":"product_cat","embeddable":true,"href":"https:\/\/roveyayinevi.com.tr\/index.php\/wp-json\/wp\/v2\/product_cat?post=724315"},{"taxonomy":"product_tag","embeddable":true,"href":"https:\/\/roveyayinevi.com.tr\/index.php\/wp-json\/wp\/v2\/product_tag?post=724315"}],"curies":[{"name":"wp","href":"https:\/\/api.w.org\/{rel}","templated":true}]}}