{"id":724314,"date":"2025-08-27T19:32:44","date_gmt":"2025-08-27T16:32:44","guid":{"rendered":"https:\/\/roveyayinevi.com.tr\/index.php\/urun\/devlet-cocuklari\/"},"modified":"2026-04-08T02:40:26","modified_gmt":"2026-04-07T23:40:26","slug":"devlet-cocuklari","status":"publish","type":"product","link":"https:\/\/roveyayinevi.com.tr\/index.php\/urun\/devlet-cocuklari\/","title":{"rendered":"Devlet \u00c7ocuklar\u0131"},"content":{"rendered":"<p>Size bir hik\u00e2ye anlat\u0131l\u0131yor bu kitapta;   \u015eehirlerin kald\u0131r\u0131m ta\u015flar\u0131n\u0131n aras\u0131na s\u0131k\u0131\u015fm\u0131\u015f, topra\u011fa hi\u00e7 eri\u015femeden, ye\u015ferip, filizlenip g\u00f6\u011fe do\u011fru hi\u00e7 y\u00fckselemeden kurumu\u015f, ufalanm\u0131\u015f, toza dumana kar\u0131\u015fm\u0131\u015f \u00e7ocuklar\u0131n \u00f6yk\u00fcs\u00fc.   Hissizce \u00f6nlerine att\u0131\u011f\u0131m\u0131z demir paralarla, demirden adamlara, kad\u0131nlara \u00e7evirdi\u011fimiz evlatlar\u0131n hik\u00e2yesi\u2026    \u201cLakin \u00f6nce,   Bir gece vakti, en \u00fcrperdi\u011fin anda \u0131\u015f\u0131klar\u0131 kapat, kapat ki karanl\u0131\u011f\u0131 anla!   Ci\u011ferlerini donduran bir ayazda soyun, so\u011fu\u011fu bir g\u00fczel tan\u0131mla.   Atma o doyurucu son lokmay\u0131 a\u011fz\u0131na, ger\u00e7ek a\u00e7l\u0131\u011f\u0131 hat\u0131rla!   G\u00f6r, hisset, anla\u2026   Ama korkma!\u201d diyor yazar.   \u201cBiz seninle istersek, tohumu topra\u011fa kavu\u015fturur, ya\u011fmuru \u00fcst\u00fcne indirir, ye\u015fil filizleri g\u00f6\u011fe do\u011fru y\u00fckseltiriz.   Size bir hik\u00e2ye anlataca\u011f\u0131m.   Uyan ey \u015fehir!    Payla\u015facak koca bir hik\u00e2yemiz, kuracak s\u0131cac\u0131k bir hayalimiz var\u201d diye de ekliyor.   Korkmuyor ve \u00fc\u015f\u00fcm\u00fcyordu. O gecenin masal\u0131nda, annesinin kollar\u0131nda kal\u0131p, uyur uyan\u0131k eski hayallere kap\u0131ld\u0131. Annesi, Muzo, Vedat, Asl\u0131, Saime Teyze, \u0131hlamur, ye\u015fil sabun kokusu, hayaletli gardrobu, \u00e7at\u0131s\u0131 damlayan eski evi, i\u00e7indeki k\u0131r\u0131k penceresi\u2026 Sahi, kanamam\u0131\u015f m\u0131yd\u0131 h\u00e2l\u00e2 i\u00e7i? <\/p>\n","protected":false},"excerpt":{"rendered":"<p>Size bir hik\u00e2ye anlat\u0131l\u0131yor bu kitapta; \u015eehirlerin kald\u0131r\u0131m ta\u015flar\u0131n\u0131n aras\u0131na s\u0131k\u0131\u015fm\u0131\u015f, topra\u011fa hi\u00e7 eri\u015femeden, ye\u015ferip, filizlenip g\u00f6\u011fe do\u011fru hi\u00e7 y\u00fckselemeden kurumu\u015f, ufalanm\u0131\u015f, toza dumana kar\u0131\u015fm\u0131\u015f \u00e7ocuklar\u0131n<span class=\"excerpt-hellip\"> [\u2026]<\/span><\/p>\n","protected":false},"featured_media":0,"template":"","meta":{"_monsterinsights_skip_tracking":false,"_monsterinsights_sitenote_active":false,"_monsterinsights_sitenote_note":"","_monsterinsights_sitenote_category":0},"product_brand":[],"product_cat":[12291,12711],"product_tag":[],"class_list":{"0":"post-724314","1":"product","2":"type-product","3":"status-publish","5":"product_cat-edebiyat","6":"product_cat-roman-oyku","7":"pa_cilt-ciltsiz","8":"pa_tur-kitap","9":"pa_yayinevi-muptela-yayinevi","10":"pa_yazar-fatma-nur-ceboglu","12":"first","13":"instock","14":"sale","15":"shipping-taxable","16":"purchasable","17":"product-type-simple"},"_links":{"self":[{"href":"https:\/\/roveyayinevi.com.tr\/index.php\/wp-json\/wp\/v2\/product\/724314","targetHints":{"allow":["GET"]}}],"collection":[{"href":"https:\/\/roveyayinevi.com.tr\/index.php\/wp-json\/wp\/v2\/product"}],"about":[{"href":"https:\/\/roveyayinevi.com.tr\/index.php\/wp-json\/wp\/v2\/types\/product"}],"wp:attachment":[{"href":"https:\/\/roveyayinevi.com.tr\/index.php\/wp-json\/wp\/v2\/media?parent=724314"}],"wp:term":[{"taxonomy":"product_brand","embeddable":true,"href":"https:\/\/roveyayinevi.com.tr\/index.php\/wp-json\/wp\/v2\/product_brand?post=724314"},{"taxonomy":"product_cat","embeddable":true,"href":"https:\/\/roveyayinevi.com.tr\/index.php\/wp-json\/wp\/v2\/product_cat?post=724314"},{"taxonomy":"product_tag","embeddable":true,"href":"https:\/\/roveyayinevi.com.tr\/index.php\/wp-json\/wp\/v2\/product_tag?post=724314"}],"curies":[{"name":"wp","href":"https:\/\/api.w.org\/{rel}","templated":true}]}}