{"id":724313,"date":"2025-08-27T19:32:43","date_gmt":"2025-08-27T16:32:43","guid":{"rendered":"https:\/\/roveyayinevi.com.tr\/index.php\/urun\/findikli-pasta\/"},"modified":"2026-04-16T02:32:17","modified_gmt":"2026-04-15T23:32:17","slug":"findikli-pasta","status":"publish","type":"product","link":"https:\/\/roveyayinevi.com.tr\/index.php\/urun\/findikli-pasta\/","title":{"rendered":"F\u0131nd\u0131kl\u0131 Pasta"},"content":{"rendered":"<p>Anne Sincap \u00f6zel bir g\u00fcn i\u00e7in bir sepet dolusu f\u0131nd\u0131k toplam\u0131\u015ft\u0131. Sormadan almak ho\u015f bir davran\u0131\u015f de\u011fildir ama Sincap \u015eakac\u0131 ile Kuzgun Ne\u015feli sadece birka\u00e7 tane al\u0131rsa sorun olmaz, de\u011fil mi? Ama o da ne? F\u0131nd\u0131klar \u00e7ok \u00e7abuk bitti! Ve \u015fimdi onlar i\u00e7in neler oldu\u011funu itiraf etmek \u00e7ok korkutucu! Gen\u00e7 yazar Benas B\u0117rantas ve \u00e7izer Vilija Kvieskait\u0117\u2019nin bu ilk kitab\u0131, hem k\u00fc\u00e7\u00fck okurlar\u0131n hem de onlara do\u011fru yolu g\u00f6steren b\u00fcy\u00fcklerin g\u00f6nl\u00fcn\u00fc kazanacak. <\/p>\n","protected":false},"excerpt":{"rendered":"<p>Anne Sincap \u00f6zel bir g\u00fcn i\u00e7in bir sepet dolusu f\u0131nd\u0131k toplam\u0131\u015ft\u0131. Sormadan almak ho\u015f bir davran\u0131\u015f de\u011fildir ama Sincap \u015eakac\u0131 ile Kuzgun Ne\u015feli sadece birka\u00e7 tane<span class=\"excerpt-hellip\"> [\u2026]<\/span><\/p>\n","protected":false},"featured_media":0,"template":"","meta":{"_monsterinsights_skip_tracking":false,"_monsterinsights_sitenote_active":false,"_monsterinsights_sitenote_note":"","_monsterinsights_sitenote_category":0},"product_brand":[],"product_cat":[12274,12284],"product_tag":[],"class_list":{"0":"post-724313","1":"product","2":"type-product","3":"status-publish","5":"product_cat-cocuk-ve-genclik-kitaplari","6":"product_cat-hikayeler","7":"pa_cilt-ciltsiz","8":"pa_tur-kitap","9":"pa_yayinevi-ithaki-yayinlari","10":"pa_yazar-benas-berantas","12":"first","13":"instock","14":"sale","15":"shipping-taxable","16":"purchasable","17":"product-type-simple"},"_links":{"self":[{"href":"https:\/\/roveyayinevi.com.tr\/index.php\/wp-json\/wp\/v2\/product\/724313","targetHints":{"allow":["GET"]}}],"collection":[{"href":"https:\/\/roveyayinevi.com.tr\/index.php\/wp-json\/wp\/v2\/product"}],"about":[{"href":"https:\/\/roveyayinevi.com.tr\/index.php\/wp-json\/wp\/v2\/types\/product"}],"wp:attachment":[{"href":"https:\/\/roveyayinevi.com.tr\/index.php\/wp-json\/wp\/v2\/media?parent=724313"}],"wp:term":[{"taxonomy":"product_brand","embeddable":true,"href":"https:\/\/roveyayinevi.com.tr\/index.php\/wp-json\/wp\/v2\/product_brand?post=724313"},{"taxonomy":"product_cat","embeddable":true,"href":"https:\/\/roveyayinevi.com.tr\/index.php\/wp-json\/wp\/v2\/product_cat?post=724313"},{"taxonomy":"product_tag","embeddable":true,"href":"https:\/\/roveyayinevi.com.tr\/index.php\/wp-json\/wp\/v2\/product_tag?post=724313"}],"curies":[{"name":"wp","href":"https:\/\/api.w.org\/{rel}","templated":true}]}}