{"id":724310,"date":"2025-08-27T19:32:40","date_gmt":"2025-08-27T16:32:40","guid":{"rendered":"https:\/\/roveyayinevi.com.tr\/index.php\/urun\/donusum-25\/"},"modified":"2026-04-12T02:38:41","modified_gmt":"2026-04-11T23:38:41","slug":"donusum-25","status":"publish","type":"product","link":"https:\/\/roveyayinevi.com.tr\/index.php\/urun\/donusum-25\/","title":{"rendered":"D\u00f6n\u00fc\u015f\u00fcm"},"content":{"rendered":"<p>\u201cD\u00f6n\u00fc\u015f\u00fcm\u2019\u00fcn ilk c\u00fcmlesini okudu\u011fumda kendi kendime, birilerinin \u015feyleri bu \u015fekilde yazabilece\u011fini bilmiyordum dedim. E\u011fer bilseydim yazmaya \u00e7ok uzun zaman \u00f6nce ba\u015flard\u0131m.\u201d \u2013Gabriel Garc\u00eda M\u00e1rquez  \u0130lk defa 1915 y\u0131l\u0131nda yay\u0131mlanan D\u00f6n\u00fc\u015f\u00fcm, Franz Kafka&#8217;n\u0131n anlat\u0131m sanat\u0131n\u0131n doruklar\u0131na vard\u0131\u011f\u0131 bir yap\u0131tt\u0131r. K\u00fc\u00e7\u00fck burjuva \u00e7evrelerindeki tiksindirici aile ili\u015fkilerini en ince ayr\u0131nt\u0131lar\u0131na kadar irdeleyen anlat\u0131s\u0131nda Kafka, ayn\u0131 zamanda toplumun kal\u0131pla\u015fm\u0131\u015f ve i\u015flevini \u00e7oktan yitirmi\u015f ak\u0131\u015f\u0131na bilin\u00e7 d\u00fczeyinde ba\u015fkald\u0131ran bireyin tragedyas\u0131n\u0131 dile getirir. Okura farkl\u0131 perspektiflerden bakabilece\u011fi bir manzara sunar.   Hik\u00e2yeyi bir sabah uyand\u0131\u011f\u0131nda kendini dev bir b\u00f6ce\u011fe d\u00f6n\u00fc\u015fm\u00fc\u015f bulan Gregor Samsa bizzat anlat\u0131r. <\/p>\n","protected":false},"excerpt":{"rendered":"<p>\u201cD\u00f6n\u00fc\u015f\u00fcm\u2019\u00fcn ilk c\u00fcmlesini okudu\u011fumda kendi kendime, birilerinin \u015feyleri bu \u015fekilde yazabilece\u011fini bilmiyordum dedim. E\u011fer bilseydim yazmaya \u00e7ok uzun zaman \u00f6nce ba\u015flard\u0131m.\u201d \u2013Gabriel Garc\u00eda M\u00e1rquez \u0130lk defa<span class=\"excerpt-hellip\"> [\u2026]<\/span><\/p>\n","protected":false},"featured_media":0,"template":"","meta":{"_monsterinsights_skip_tracking":false,"_monsterinsights_sitenote_active":false,"_monsterinsights_sitenote_note":"","_monsterinsights_sitenote_category":0},"product_brand":[],"product_cat":[12291,12711],"product_tag":[],"class_list":{"0":"post-724310","1":"product","2":"type-product","3":"status-publish","5":"product_cat-edebiyat","6":"product_cat-roman-oyku","7":"pa_cilt-ciltsiz","8":"pa_tur-kitap","9":"pa_yayinevi-ithaki-yayinlari","10":"pa_yazar-franz-kafka","12":"first","13":"instock","14":"sale","15":"shipping-taxable","16":"purchasable","17":"product-type-simple"},"_links":{"self":[{"href":"https:\/\/roveyayinevi.com.tr\/index.php\/wp-json\/wp\/v2\/product\/724310","targetHints":{"allow":["GET"]}}],"collection":[{"href":"https:\/\/roveyayinevi.com.tr\/index.php\/wp-json\/wp\/v2\/product"}],"about":[{"href":"https:\/\/roveyayinevi.com.tr\/index.php\/wp-json\/wp\/v2\/types\/product"}],"wp:attachment":[{"href":"https:\/\/roveyayinevi.com.tr\/index.php\/wp-json\/wp\/v2\/media?parent=724310"}],"wp:term":[{"taxonomy":"product_brand","embeddable":true,"href":"https:\/\/roveyayinevi.com.tr\/index.php\/wp-json\/wp\/v2\/product_brand?post=724310"},{"taxonomy":"product_cat","embeddable":true,"href":"https:\/\/roveyayinevi.com.tr\/index.php\/wp-json\/wp\/v2\/product_cat?post=724310"},{"taxonomy":"product_tag","embeddable":true,"href":"https:\/\/roveyayinevi.com.tr\/index.php\/wp-json\/wp\/v2\/product_tag?post=724310"}],"curies":[{"name":"wp","href":"https:\/\/api.w.org\/{rel}","templated":true}]}}