{"id":724309,"date":"2025-08-27T19:32:39","date_gmt":"2025-08-27T16:32:39","guid":{"rendered":"https:\/\/roveyayinevi.com.tr\/index.php\/urun\/odd-ve-ayaz-devleri\/"},"modified":"2026-04-16T02:32:16","modified_gmt":"2026-04-15T23:32:16","slug":"odd-ve-ayaz-devleri","status":"publish","type":"product","link":"https:\/\/roveyayinevi.com.tr\/index.php\/urun\/odd-ve-ayaz-devleri\/","title":{"rendered":"Odd ve Ayaz Devleri"},"content":{"rendered":"<p>D\u00dcNYA FANTAZ\u0130 EN \u0130Y\u0130 NOVELLA \u00d6D\u00dcL\u00dc ADAYI   B\u0130LGE K\u0130\u015e\u0130LER NE ZAMAN SUSACAKLARINI B\u0130L\u0130RLER. SADECE AHMAKLAR B\u0130LD\u0130KLER\u0130 HER \u015eEY\u0130 BA\u015eKALARINA ANLATIR.   Son zamanlarda Odd\u2019un \u015fans\u0131 hi\u00e7 mi hi\u00e7 yaver gitmiyordu. Babas\u0131 gemiden d\u00fc\u015fen bir koyunu kurtarmak isterken hayat\u0131n\u0131 kaybetmi\u015fti. Bunun ard\u0131ndan annesi \u015fark\u0131 s\u00f6ylemez olmu\u015ftu. Odd da as\u0131l mesle\u011fi odunculuk olan babas\u0131n\u0131n koca baltas\u0131n\u0131 al\u0131p kesti\u011fi a\u011fac\u0131n \u00fczerine y\u0131k\u0131lmas\u0131yla baca\u011f\u0131n\u0131 sakatlam\u0131\u015ft\u0131. Art\u0131k her yere bir de\u011fnekle gidiyor, k\u00f6y\u00fcn \u00e7ocuklar\u0131 onunla alay ediyordu. Hal b\u00f6yleyken, \u00e7oktan yerini ilkbahara b\u0131rakmas\u0131 gereken k\u0131\u015f bir t\u00fcrl\u00fc sona ermemi\u015fti. Odd\u2019un \u015fans\u0131 ger\u00e7ekten de hi\u00e7 yaver gitmiyordu.   \u00c7areyi k\u00f6y\u00fcn\u00fc terk edip babas\u0131n\u0131n eski oduncu kul\u00fcbesine yerle\u015fmekte bulan Odd, orada biri tilki, biri ay\u0131, biri de kartal olan \u00fc\u00e7 arkada\u015f edinecek, bu arkada\u015flar\u0131 sayesinde sadece annesinin anlatt\u0131\u011f\u0131 masallarda dinledi\u011fi efsanevi bir hik\u00e2yenin i\u00e7inde bulacakt\u0131 kendisini. <\/p>\n","protected":false},"excerpt":{"rendered":"<p>D\u00dcNYA FANTAZ\u0130 EN \u0130Y\u0130 NOVELLA \u00d6D\u00dcL\u00dc ADAYI B\u0130LGE K\u0130\u015e\u0130LER NE ZAMAN SUSACAKLARINI B\u0130L\u0130RLER. SADECE AHMAKLAR B\u0130LD\u0130KLER\u0130 HER \u015eEY\u0130 BA\u015eKALARINA ANLATIR. Son zamanlarda Odd\u2019un \u015fans\u0131 hi\u00e7 mi<span class=\"excerpt-hellip\"> [\u2026]<\/span><\/p>\n","protected":false},"featured_media":0,"template":"","meta":{"_monsterinsights_skip_tracking":false,"_monsterinsights_sitenote_active":false,"_monsterinsights_sitenote_note":"","_monsterinsights_sitenote_category":0},"product_brand":[],"product_cat":[12291,14777],"product_tag":[],"class_list":{"0":"post-724309","1":"product","2":"type-product","3":"status-publish","5":"product_cat-edebiyat","6":"product_cat-fantastik","7":"pa_cilt-ciltsiz","8":"pa_tur-kitap","9":"pa_yayinevi-ithaki-yayinlari","10":"pa_yazar-neil-gaiman","12":"first","13":"instock","14":"sale","15":"shipping-taxable","16":"purchasable","17":"product-type-simple"},"_links":{"self":[{"href":"https:\/\/roveyayinevi.com.tr\/index.php\/wp-json\/wp\/v2\/product\/724309","targetHints":{"allow":["GET"]}}],"collection":[{"href":"https:\/\/roveyayinevi.com.tr\/index.php\/wp-json\/wp\/v2\/product"}],"about":[{"href":"https:\/\/roveyayinevi.com.tr\/index.php\/wp-json\/wp\/v2\/types\/product"}],"wp:attachment":[{"href":"https:\/\/roveyayinevi.com.tr\/index.php\/wp-json\/wp\/v2\/media?parent=724309"}],"wp:term":[{"taxonomy":"product_brand","embeddable":true,"href":"https:\/\/roveyayinevi.com.tr\/index.php\/wp-json\/wp\/v2\/product_brand?post=724309"},{"taxonomy":"product_cat","embeddable":true,"href":"https:\/\/roveyayinevi.com.tr\/index.php\/wp-json\/wp\/v2\/product_cat?post=724309"},{"taxonomy":"product_tag","embeddable":true,"href":"https:\/\/roveyayinevi.com.tr\/index.php\/wp-json\/wp\/v2\/product_tag?post=724309"}],"curies":[{"name":"wp","href":"https:\/\/api.w.org\/{rel}","templated":true}]}}