{"id":724308,"date":"2025-08-27T19:32:38","date_gmt":"2025-08-27T16:32:38","guid":{"rendered":"https:\/\/roveyayinevi.com.tr\/index.php\/urun\/aydaki-ilk-insanlar\/"},"modified":"2026-04-16T02:32:16","modified_gmt":"2026-04-15T23:32:16","slug":"aydaki-ilk-insanlar","status":"publish","type":"product","link":"https:\/\/roveyayinevi.com.tr\/index.php\/urun\/aydaki-ilk-insanlar\/","title":{"rendered":"Ay\u2019daki \u0130lk \u0130nsanlar"},"content":{"rendered":"<p>H. G. Wells\u2019in \u201cfantastik hika\u0302yelerinden\u201d sayd\u0131g\u0306\u0131, 1901 y\u0131l\u0131nda yay\u0131mland\u0131g\u0306\u0131nda C. S. Lewis\u2019i derinden etkileyen Ay\u2019daki I\u0307lk I\u0307nsanlar, yerc\u0327ekimini tersine c\u0327eviren bir maddeyi kes\u0327fettikten sonra Ay\u2019a seyahat eden iki karakterin maceralar\u0131n\u0131 anlat\u0131yor.   Ticari c\u0327abalar\u0131 hu\u0308sranla sonuc\u0327lanan Bedford eksantrik biliminsan\u0131 Cavor\u2019la tan\u0131s\u0327t\u0131g\u0306\u0131nda bu sohbetin onu Ay\u2019a kadar go\u0308tu\u0308receg\u0306ini elbette du\u0308s\u0327u\u0308nmez, akl\u0131 fikri para kazanmaktad\u0131r. Fakat Cavor yepyeni bir maddenin kes\u0327finden bahsedince, Cavor dikkat kesilir. Bu uyumsuz ikili Cavorite ismini verdikleri madde sayesinde Ay\u2019a gidip orada bambas\u0327ka bir medeniyetle, Selenlilerle kars\u0327\u0131las\u0327acaklard\u0131r.   Gu\u0308nu\u0308mu\u0308zden bak\u0131nca baz\u0131 o\u0308g\u0306eleri gerc\u0327ekten \u201cfantastik\u201d olsa da H. G. Wells, Ay\u2019daki I\u0307lk I\u0307nsanlar\u2019da hem eg\u0306leniyor hem de is\u0327tah\u0131 hic\u0327 kesilmeyen sermaye ve toplum mu\u0308hendislig\u0306inin sonuc\u0327lar\u0131 gibi konular\u0131 irdeliyor.                                         \u201cWells bir biliminsan\u0131 olarak kurgu eserler kaleme alan kayda deg\u0306er ilk yazard\u0131, on dokuzuncu yu\u0308zy\u0131l\u0131n bilimsel devriminin ayd\u0131nlanmalar\u0131na ve sonuc\u0327lar\u0131na heyecanla ya da kay\u0131ts\u0131zl\u0131kla ya da korkuyla d\u0131s\u0327ar\u0131dan bakan biri deg\u0306il bilimin ic\u0327indendi. Percy Shelley bilimin ac\u0327\u0131g\u0306a c\u0327\u0131kard\u0131g\u0306\u0131 gu\u0308zellig\u0306i, Mary Shelley ahlaki belirsizlig\u0306i, Jules Verne bitmek bilmeyen teknolojik bir kos\u0327uyu go\u0308rmu\u0308s\u0327tu\u0308 ama Wells bilimin go\u0308zlerinden bak\u0131yordu.\u201d \u2013Ursula K. Le Guin   Ursula K. Le Guin\u2019in sons\u00f6z\u00fcyle Claude A. Shepperson\u2019\u0131n resimleriyle <\/p>\n","protected":false},"excerpt":{"rendered":"<p>H. G. Wells\u2019in \u201cfantastik hika\u0302yelerinden\u201d sayd\u0131g\u0306\u0131, 1901 y\u0131l\u0131nda yay\u0131mland\u0131g\u0306\u0131nda C. S. Lewis\u2019i derinden etkileyen Ay\u2019daki I\u0307lk I\u0307nsanlar, yerc\u0327ekimini tersine c\u0327eviren bir maddeyi kes\u0327fettikten sonra Ay\u2019a seyahat<span class=\"excerpt-hellip\"> [\u2026]<\/span><\/p>\n","protected":false},"featured_media":0,"template":"","meta":{"_monsterinsights_skip_tracking":false,"_monsterinsights_sitenote_active":false,"_monsterinsights_sitenote_note":"","_monsterinsights_sitenote_category":0},"product_brand":[],"product_cat":[12540,12291],"product_tag":[],"class_list":{"0":"post-724308","1":"product","2":"type-product","3":"status-publish","5":"product_cat-bilim-kurgu","6":"product_cat-edebiyat","7":"pa_cilt-ciltsiz","8":"pa_tur-kitap","9":"pa_yayinevi-ithaki-yayinlari","10":"pa_yazar-h-g-wells","12":"first","13":"instock","14":"sale","15":"shipping-taxable","16":"purchasable","17":"product-type-simple"},"_links":{"self":[{"href":"https:\/\/roveyayinevi.com.tr\/index.php\/wp-json\/wp\/v2\/product\/724308","targetHints":{"allow":["GET"]}}],"collection":[{"href":"https:\/\/roveyayinevi.com.tr\/index.php\/wp-json\/wp\/v2\/product"}],"about":[{"href":"https:\/\/roveyayinevi.com.tr\/index.php\/wp-json\/wp\/v2\/types\/product"}],"wp:attachment":[{"href":"https:\/\/roveyayinevi.com.tr\/index.php\/wp-json\/wp\/v2\/media?parent=724308"}],"wp:term":[{"taxonomy":"product_brand","embeddable":true,"href":"https:\/\/roveyayinevi.com.tr\/index.php\/wp-json\/wp\/v2\/product_brand?post=724308"},{"taxonomy":"product_cat","embeddable":true,"href":"https:\/\/roveyayinevi.com.tr\/index.php\/wp-json\/wp\/v2\/product_cat?post=724308"},{"taxonomy":"product_tag","embeddable":true,"href":"https:\/\/roveyayinevi.com.tr\/index.php\/wp-json\/wp\/v2\/product_tag?post=724308"}],"curies":[{"name":"wp","href":"https:\/\/api.w.org\/{rel}","templated":true}]}}