{"id":724307,"date":"2025-08-27T19:32:38","date_gmt":"2025-08-27T16:32:38","guid":{"rendered":"https:\/\/roveyayinevi.com.tr\/index.php\/urun\/co-vid19un-onlenmesi-ve-kontrolu-hakkinda-oneriler\/"},"modified":"2026-04-16T02:32:16","modified_gmt":"2026-04-15T23:32:16","slug":"co-vid19un-onlenmesi-ve-kontrolu-hakkinda-oneriler","status":"publish","type":"product","link":"https:\/\/roveyayinevi.com.tr\/index.php\/urun\/co-vid19un-onlenmesi-ve-kontrolu-hakkinda-oneriler\/","title":{"rendered":"Co vid19\u2019un \u00d6nlenmesi ve Kontrol\u00fc Hakk\u0131nda \u00d6neriler"},"content":{"rendered":"<p>Prof.Dr. Wenhong Zhang\u2019dan Co*vid19\u2019un \u00d6nlenmesi ve Kontrol\u00fc Hakk\u0131nda \u00d6neriler, Fudan \u00dcniversitesi Huashan Hastanesi Enfeksiyon Hastal\u0131klar\u0131 B\u00f6l\u00fcm Ba\u015fkan\u0131 ve \u015eanghay Co*vid19 Tedavi Uzman Grubu Lideri Prof.Dr. Wenhong Zhang taraf\u0131ndan haz\u0131rlanm\u0131\u015ft\u0131r. Bu kitapta, Yeni Tip Koronavir\u00fcs enfeksiyonunun h\u0131zla yay\u0131l\u0131m durumu ve hedeflenen \u00f6nleme ve kontrol y\u00f6ntemleri ele al\u0131nmaktad\u0131r. Siz okurlar\u0131m\u0131za evler, d\u0131\u015f mek\u00e2nlar, i\u015fyerleri gibi ortamlarda Co*vid19\u2019un \u00f6nlenmesi ve kontrol\u00fc i\u00e7in, ayr\u0131ca olas\u0131 senaryolara dayal\u0131 stratejiler, s\u0131k sorulan sorular ve halk aras\u0131nda do\u011fru bilinen yanl\u0131\u015flar\u0131 d\u00fczeltmek i\u00e7in rehberlik edecektir. Bu kitap, Co*vid19\u2019un \u00f6nlenmesi ve kontrol\u00fc hakk\u0131nda kapsaml\u0131, pratik, \u00f6zl\u00fc, bilimsel ve hedeflenmi\u015f bilgilerle, \u00f6zellikle memleketlerinden ya\u015fad\u0131klar\u0131 ve \u00e7al\u0131\u015ft\u0131klar\u0131 yerlere d\u00f6nen okuyucular i\u00e7in etkin bir rehberlik sunmaktad\u0131r. <\/p>\n","protected":false},"excerpt":{"rendered":"<p>Prof.Dr. Wenhong Zhang\u2019dan Co*vid19\u2019un \u00d6nlenmesi ve Kontrol\u00fc Hakk\u0131nda \u00d6neriler, Fudan \u00dcniversitesi Huashan Hastanesi Enfeksiyon Hastal\u0131klar\u0131 B\u00f6l\u00fcm Ba\u015fkan\u0131 ve \u015eanghay Co*vid19 Tedavi Uzman Grubu Lideri Prof.Dr. Wenhong<span class=\"excerpt-hellip\"> [\u2026]<\/span><\/p>\n","protected":false},"featured_media":0,"template":"","meta":{"_monsterinsights_skip_tracking":false,"_monsterinsights_sitenote_active":false,"_monsterinsights_sitenote_note":"","_monsterinsights_sitenote_category":0},"product_brand":[],"product_cat":[20313,13365],"product_tag":[],"class_list":{"0":"post-724307","1":"product","2":"type-product","3":"status-publish","5":"product_cat-basvuru-kitaplari-saglik","6":"product_cat-saglik","7":"pa_cilt-ciltsiz","8":"pa_tur-kitap","9":"pa_yayinevi-kirmizi-kedi-yayinevi","10":"pa_yazar-wenhong-zhang","12":"first","13":"instock","14":"sale","15":"shipping-taxable","16":"purchasable","17":"product-type-simple"},"_links":{"self":[{"href":"https:\/\/roveyayinevi.com.tr\/index.php\/wp-json\/wp\/v2\/product\/724307","targetHints":{"allow":["GET"]}}],"collection":[{"href":"https:\/\/roveyayinevi.com.tr\/index.php\/wp-json\/wp\/v2\/product"}],"about":[{"href":"https:\/\/roveyayinevi.com.tr\/index.php\/wp-json\/wp\/v2\/types\/product"}],"wp:attachment":[{"href":"https:\/\/roveyayinevi.com.tr\/index.php\/wp-json\/wp\/v2\/media?parent=724307"}],"wp:term":[{"taxonomy":"product_brand","embeddable":true,"href":"https:\/\/roveyayinevi.com.tr\/index.php\/wp-json\/wp\/v2\/product_brand?post=724307"},{"taxonomy":"product_cat","embeddable":true,"href":"https:\/\/roveyayinevi.com.tr\/index.php\/wp-json\/wp\/v2\/product_cat?post=724307"},{"taxonomy":"product_tag","embeddable":true,"href":"https:\/\/roveyayinevi.com.tr\/index.php\/wp-json\/wp\/v2\/product_tag?post=724307"}],"curies":[{"name":"wp","href":"https:\/\/api.w.org\/{rel}","templated":true}]}}