{"id":724306,"date":"2025-08-27T19:32:37","date_gmt":"2025-08-27T16:32:37","guid":{"rendered":"https:\/\/roveyayinevi.com.tr\/index.php\/urun\/sevdamin-adini-hurriyet-koydum\/"},"modified":"2026-04-16T02:32:16","modified_gmt":"2026-04-15T23:32:16","slug":"sevdamin-adini-hurriyet-koydum","status":"publish","type":"product","link":"https:\/\/roveyayinevi.com.tr\/index.php\/urun\/sevdamin-adini-hurriyet-koydum\/","title":{"rendered":"Sevdam\u0131n Ad\u0131n\u0131 H\u00fcrriyet Koydum"},"content":{"rendered":"<p>\u015eiir s\u00f6z sanat\u0131n\u0131n en eski \u00fcr\u00fcn\u00fcd\u00fcr. Daha hi\u00e7bir sanat yok iken sadece s\u00f6z vard\u0131. \u0130nsano\u011flu s\u00f6z\u00fcn g\u00fcc\u00fcn\u00fc ke\u015ffetti. Ve \u015fiir sanat\u0131n\u0131 ortaya koydu. \u0130nsanl\u0131k tarihi kadar eskidir \u015fiir. Edebiyat\u0131n  da estetik a\u011f\u0131rl\u0131\u011f\u0131 en fazla olan t\u00fcr\u00fcd\u00fcr. Yery\u00fcz\u00fcn\u00fcn bilinen ilk \u015fiir \u00f6rnekleri, bug\u00fcn bile bizlere hayranl\u0131k uyand\u0131racak derecede etkilidir. Bu kitapta ; g\u00fcn\u00fcm\u00fcz \u015fiirinde esteti\u011fi, s\u00f6z g\u00fcc\u00fcn\u00fc \u00f6nde tutan, bu sanata sayg\u0131s\u0131n\u0131 hi\u00e7 eksiltmeyen, co\u015fkun duygularla y\u00fckl\u00fc bir \u015fair olan Kadir Koca\u2019n\u0131n \u015fiirlerini hazla okuyacaks\u0131n\u0131z. <\/p>\n","protected":false},"excerpt":{"rendered":"<p>\u015eiir s\u00f6z sanat\u0131n\u0131n en eski \u00fcr\u00fcn\u00fcd\u00fcr. Daha hi\u00e7bir sanat yok iken sadece s\u00f6z vard\u0131. \u0130nsano\u011flu s\u00f6z\u00fcn g\u00fcc\u00fcn\u00fc ke\u015ffetti. Ve \u015fiir sanat\u0131n\u0131 ortaya koydu. \u0130nsanl\u0131k tarihi kadar<span class=\"excerpt-hellip\"> [\u2026]<\/span><\/p>\n","protected":false},"featured_media":0,"template":"","meta":{"_monsterinsights_skip_tracking":false,"_monsterinsights_sitenote_active":false,"_monsterinsights_sitenote_note":"","_monsterinsights_sitenote_category":0},"product_brand":[],"product_cat":[12291,12509],"product_tag":[],"class_list":{"0":"post-724306","1":"product","2":"type-product","3":"status-publish","5":"product_cat-edebiyat","6":"product_cat-siir","7":"pa_cilt-ciltsiz","8":"pa_tur-kitap","9":"pa_yayinevi-kultur-ajans-yayinlari","10":"pa_yazar-kadir-koca","12":"first","13":"instock","14":"sale","15":"shipping-taxable","16":"purchasable","17":"product-type-simple"},"_links":{"self":[{"href":"https:\/\/roveyayinevi.com.tr\/index.php\/wp-json\/wp\/v2\/product\/724306","targetHints":{"allow":["GET"]}}],"collection":[{"href":"https:\/\/roveyayinevi.com.tr\/index.php\/wp-json\/wp\/v2\/product"}],"about":[{"href":"https:\/\/roveyayinevi.com.tr\/index.php\/wp-json\/wp\/v2\/types\/product"}],"wp:attachment":[{"href":"https:\/\/roveyayinevi.com.tr\/index.php\/wp-json\/wp\/v2\/media?parent=724306"}],"wp:term":[{"taxonomy":"product_brand","embeddable":true,"href":"https:\/\/roveyayinevi.com.tr\/index.php\/wp-json\/wp\/v2\/product_brand?post=724306"},{"taxonomy":"product_cat","embeddable":true,"href":"https:\/\/roveyayinevi.com.tr\/index.php\/wp-json\/wp\/v2\/product_cat?post=724306"},{"taxonomy":"product_tag","embeddable":true,"href":"https:\/\/roveyayinevi.com.tr\/index.php\/wp-json\/wp\/v2\/product_tag?post=724306"}],"curies":[{"name":"wp","href":"https:\/\/api.w.org\/{rel}","templated":true}]}}