{"id":724305,"date":"2025-08-27T19:32:36","date_gmt":"2025-08-27T16:32:36","guid":{"rendered":"https:\/\/roveyayinevi.com.tr\/index.php\/urun\/alerji-icin-cozum\/"},"modified":"2026-04-16T02:32:16","modified_gmt":"2026-04-15T23:32:16","slug":"alerji-icin-cozum","status":"publish","type":"product","link":"https:\/\/roveyayinevi.com.tr\/index.php\/urun\/alerji-icin-cozum\/","title":{"rendered":"Alerji i\u00e7in \u00c7\u00f6z\u00fcm"},"content":{"rendered":"<p>ALERJ\u0130 HAKKINDA G\u0130ZL\u0130 KALMI\u015e, \u015eA\u015eIRTICI GER\u00c7EKLER\u0130 KE\u015eFED\u0130N VE ETK\u0130L\u0130 Y\u00d6NTEMLERLE \u00dcSTES\u0130NDEN GEL\u0130N D\u00fcnya 50 y\u0131l \u00f6nce b\u00f6yle bir yer de\u011fildi. De\u011fi\u015fen hayat, alerji salg\u0131n\u0131n\u0131 da beraberinde getirdi. Bug\u00fcn geleneksel t\u0131p sadece semptomlar\u0131 bask\u0131lamaktan \u00f6teye gidemiyor ve bizi tedavi etmeyen ila\u00e7lara ba\u011f\u0131ml\u0131 hale getiriyor. D\u00fcnyan\u0131n her yerinden hastalar\u0131n ziyaret etti\u011fi Dr. Galland ise as\u0131l \u00f6nemli soruyu soruyor: \u201cNeye alerjiniz var?\u201d de\u011fil \u201cNeden alerjiksiniz?\u201d \u2022ASTIM \u2022NAZAL ALERJ\u0130LER \u2022S\u0130N\u00dcS ALERJ\u0130LER\u0130 \u2022M\u0130GREN \u2022G\u0130ZL\u0130 BES\u0130N ALERJ\u0130LER\u0130 \u2022SAMAN NEZLES\u0130 \u2022C\u0130LT ALERJ\u0130LER\u0130 \u2022SIZINTILI BA\u011eIRSAK Nefessiz kalmaktan, burun t\u0131kan\u0131kl\u0131\u011f\u0131ndan, bitkinlikten, bilin\u00e7 bulan\u0131kl\u0131\u011f\u0131ndan, kilo almaktan, depresyondan, ka\u015f\u0131nt\u0131lardan b\u0131kt\u0131n\u0131z m\u0131? \u0130la\u00e7lar bir t\u00fcrl\u00fc kesin \u00e7\u00f6z\u00fcm sa\u011flam\u0131yor ve sizi sersemletiyor mu? Sa\u011fl\u0131k kaliteniz istedi\u011finiz hayat\u0131 ya\u015faman\u0131z\u0131 engelliyor mu? Bu kitapla neden hasta oldu\u011funuzu ve nas\u0131l iyile\u015fece\u011finizi \u00f6\u011frenecek, 4 ad\u0131ml\u0131k etkili bir programla eski sa\u011fl\u0131\u011f\u0131n\u0131za kavu\u015facaks\u0131n\u0131z. B\u0131rak\u0131n b\u00fct\u00fcnleyici t\u0131bb\u0131n d\u00fcnya \u00e7ap\u0131ndaki \u00f6nc\u00fcs\u00fc Dr. Leo Galland klinik deneyimleriyle ve bilimin geldi\u011fi son noktan\u0131n yard\u0131m\u0131yla size rehberlik etsin. \u201cAlerji \u0130\u00e7in \u00c7\u00f6z\u00fcm oyunun kurallar\u0131n\u0131 de\u011fi\u015ftiriyor! Daha da yayg\u0131nla\u015fan alerji problemlerimize nihayet bilimsel olarak kabul g\u00f6rm\u00fc\u015f bir yakla\u015f\u0131mla bak\u0131yor ve potansiyel olarak tehlikeli ila\u00e7 tedavileri yerine problemin ger\u00e7ek nedenine odaklan\u0131yor.\u201d \u2014 Dr. David Perlmutter, Tah\u0131l Beyin kitab\u0131n\u0131n yazar\u0131 <\/p>\n","protected":false},"excerpt":{"rendered":"<p>ALERJ\u0130 HAKKINDA G\u0130ZL\u0130 KALMI\u015e, \u015eA\u015eIRTICI GER\u00c7EKLER\u0130 KE\u015eFED\u0130N VE ETK\u0130L\u0130 Y\u00d6NTEMLERLE \u00dcSTES\u0130NDEN GEL\u0130N D\u00fcnya 50 y\u0131l \u00f6nce b\u00f6yle bir yer de\u011fildi. De\u011fi\u015fen hayat, alerji salg\u0131n\u0131n\u0131 da beraberinde<span class=\"excerpt-hellip\"> [\u2026]<\/span><\/p>\n","protected":false},"featured_media":0,"template":"","meta":{"_monsterinsights_skip_tracking":false,"_monsterinsights_sitenote_active":false,"_monsterinsights_sitenote_note":"","_monsterinsights_sitenote_category":0},"product_brand":[],"product_cat":[20313,13365],"product_tag":[],"class_list":{"0":"post-724305","1":"product","2":"type-product","3":"status-publish","5":"product_cat-basvuru-kitaplari-saglik","6":"product_cat-saglik","7":"pa_cilt-ciltsiz","8":"pa_tur-kitap","9":"pa_yayinevi-ketebe-yayinlari","10":"pa_yazar-leo-galland-jonathan-galland","12":"first","13":"instock","14":"sale","15":"shipping-taxable","16":"purchasable","17":"product-type-simple"},"_links":{"self":[{"href":"https:\/\/roveyayinevi.com.tr\/index.php\/wp-json\/wp\/v2\/product\/724305","targetHints":{"allow":["GET"]}}],"collection":[{"href":"https:\/\/roveyayinevi.com.tr\/index.php\/wp-json\/wp\/v2\/product"}],"about":[{"href":"https:\/\/roveyayinevi.com.tr\/index.php\/wp-json\/wp\/v2\/types\/product"}],"wp:attachment":[{"href":"https:\/\/roveyayinevi.com.tr\/index.php\/wp-json\/wp\/v2\/media?parent=724305"}],"wp:term":[{"taxonomy":"product_brand","embeddable":true,"href":"https:\/\/roveyayinevi.com.tr\/index.php\/wp-json\/wp\/v2\/product_brand?post=724305"},{"taxonomy":"product_cat","embeddable":true,"href":"https:\/\/roveyayinevi.com.tr\/index.php\/wp-json\/wp\/v2\/product_cat?post=724305"},{"taxonomy":"product_tag","embeddable":true,"href":"https:\/\/roveyayinevi.com.tr\/index.php\/wp-json\/wp\/v2\/product_tag?post=724305"}],"curies":[{"name":"wp","href":"https:\/\/api.w.org\/{rel}","templated":true}]}}