{"id":724304,"date":"2025-08-27T19:32:35","date_gmt":"2025-08-27T16:32:35","guid":{"rendered":"https:\/\/roveyayinevi.com.tr\/index.php\/urun\/bellek-ve-baska-tuzaklar\/"},"modified":"2026-04-12T02:38:41","modified_gmt":"2026-04-11T23:38:41","slug":"bellek-ve-baska-tuzaklar","status":"publish","type":"product","link":"https:\/\/roveyayinevi.com.tr\/index.php\/urun\/bellek-ve-baska-tuzaklar\/","title":{"rendered":"Bellek ve Ba\u015fka Tuzaklar"},"content":{"rendered":"<p>Bellek nedir? Belki insano\u011flunun b\u00fct\u00fcn hevesi ve doymak bilmez ke\u015fif i\u015ftah\u0131na ra\u011fmen s\u0131rr\u0131n\u0131 h\u00e2l\u00e2 koruyan gizemli bir labirenttir. Belki de i\u00e7ine d\u00fc\u015f\u00fcld\u00fck\u00e7e derinle\u015fen, ilerledik\u00e7e yaban\u0131lla\u015fan bir tuzak. Peki i\u00e7inde ke\u015fif ve tuzaklar\u0131 ayn\u0131 yo\u011funlukta bar\u0131nd\u0131ran bir insan tekinin \u201chat\u0131rlama\u201d yolculu\u011fu, ayn\u0131 zamanda ya\u015fan\u0131lan zaman\u0131n ve d\u00fcnyan\u0131n haf\u0131zas\u0131ndan s\u00fcz\u00fclenler de\u011fil midir?   \u00d6yleyse Bellek ve Ba\u015fka Tuzaklar\u2019da, hapishane duvarlar\u0131ndan, \u015fehrin sokaklar\u0131na; \u00e7ay ocaklar\u0131ndan, s\u0131n\u0131r karakollar\u0131na; torununa \u015eehrazat\u2019\u0131n nefesini \u00fcfleyen babaannelerden, uykusuz yat\u0131l\u0131 okul \u00f6\u011frencilerine; iyilik, k\u00f6t\u00fcl\u00fck, a\u015fk ve sava\u015ftan, hat\u0131rlamak ve unutmaya dair okuyacaklar\u0131n\u0131z; yaln\u0131zca Aykut Ertu\u011frul\u2019un de\u011fil sizin de hik\u00e2yeniz say\u0131lmaz m\u0131? Belki \u00f6yle. <\/p>\n","protected":false},"excerpt":{"rendered":"<p>Bellek nedir? Belki insano\u011flunun b\u00fct\u00fcn hevesi ve doymak bilmez ke\u015fif i\u015ftah\u0131na ra\u011fmen s\u0131rr\u0131n\u0131 h\u00e2l\u00e2 koruyan gizemli bir labirenttir. Belki de i\u00e7ine d\u00fc\u015f\u00fcld\u00fck\u00e7e derinle\u015fen, ilerledik\u00e7e yaban\u0131lla\u015fan bir<span class=\"excerpt-hellip\"> [\u2026]<\/span><\/p>\n","protected":false},"featured_media":0,"template":"","meta":{"_monsterinsights_skip_tracking":false,"_monsterinsights_sitenote_active":false,"_monsterinsights_sitenote_note":"","_monsterinsights_sitenote_category":0},"product_brand":[],"product_cat":[12777,12291],"product_tag":[],"class_list":{"0":"post-724304","1":"product","2":"type-product","3":"status-publish","5":"product_cat-deneme","6":"product_cat-edebiyat","7":"pa_cilt-ciltsiz","8":"pa_tur-kitap","9":"pa_yayinevi-ketebe-yayinlari","10":"pa_yazar-aykut-ertugrul","12":"first","13":"instock","14":"sale","15":"shipping-taxable","16":"purchasable","17":"product-type-simple"},"_links":{"self":[{"href":"https:\/\/roveyayinevi.com.tr\/index.php\/wp-json\/wp\/v2\/product\/724304","targetHints":{"allow":["GET"]}}],"collection":[{"href":"https:\/\/roveyayinevi.com.tr\/index.php\/wp-json\/wp\/v2\/product"}],"about":[{"href":"https:\/\/roveyayinevi.com.tr\/index.php\/wp-json\/wp\/v2\/types\/product"}],"wp:attachment":[{"href":"https:\/\/roveyayinevi.com.tr\/index.php\/wp-json\/wp\/v2\/media?parent=724304"}],"wp:term":[{"taxonomy":"product_brand","embeddable":true,"href":"https:\/\/roveyayinevi.com.tr\/index.php\/wp-json\/wp\/v2\/product_brand?post=724304"},{"taxonomy":"product_cat","embeddable":true,"href":"https:\/\/roveyayinevi.com.tr\/index.php\/wp-json\/wp\/v2\/product_cat?post=724304"},{"taxonomy":"product_tag","embeddable":true,"href":"https:\/\/roveyayinevi.com.tr\/index.php\/wp-json\/wp\/v2\/product_tag?post=724304"}],"curies":[{"name":"wp","href":"https:\/\/api.w.org\/{rel}","templated":true}]}}