{"id":724302,"date":"2025-08-27T19:32:34","date_gmt":"2025-08-27T16:32:34","guid":{"rendered":"https:\/\/roveyayinevi.com.tr\/index.php\/urun\/copernicus-kant-ve-dusuncenin-modernligi\/"},"modified":"2026-04-16T02:32:16","modified_gmt":"2026-04-15T23:32:16","slug":"copernicus-kant-ve-dusuncenin-modernligi","status":"publish","type":"product","link":"https:\/\/roveyayinevi.com.tr\/index.php\/urun\/copernicus-kant-ve-dusuncenin-modernligi\/","title":{"rendered":"Copernicus, Kant ve D\u00fc\u015f\u00fcncenin Modernli\u011fi"},"content":{"rendered":"<p>&#8220;Modernli\u011fe ili\u015fkin literat\u00fcr uzar gider, ve ben de burada s\u00f6z konusu literat\u00fcre bir asap bozuklu\u011fu halet-i ruhiyesi i\u00e7inde ve biraz fazla s\u0131k\u0131\u015f\u0131k yaz\u0131lm\u0131\u015f olman\u0131n b\u00fct\u00fcn iticili\u011fine sahip y\u00fcze yak\u0131n sayfayla katk\u0131da bulunmaktan \u00e7ekinmedim. Modernli\u011fin en temelde do\u011fa ve k\u00fclt\u00fcr aras\u0131ndaki ili\u015fkinin farkl\u0131 bir tasar\u0131m\u0131n\u0131 i\u00e7erdi\u011fini tesbit ettikten sonra da, madd\u00ee tarih\u00e7ili\u011fi ba\u015fkalar\u0131na b\u0131rakarak, onun kurucu d\u00fc\u015f\u00fcn\u00fcrleri veya temsilcileri s\u0131fat\u0131yla Montaigne\u2019in, Cervantes\u2019in, Hobbes\u2019un, Kant\u2019\u0131n, Baudelaire\u2019in, Saussure\u2019\u00fcn eserlerini ardarda gelen ve zihnimizdeki ger\u00e7eklik d\u00fc\u015f\u00fcncesini par\u00e7alamakta olan k\u0131r\u0131lmalar\u0131n, kozmosun d\u00fczeni ve insan, mit ve olgu, do\u011fal durum ve toplum, d\u00fc\u015f\u00fcnce ve ger\u00e7eklik, g\u00fczellik ve hakikat, ard\u0131ndan dil ve ger\u00e7eklik aras\u0131ndaki k\u0131r\u0131lmalar\u0131n birbirlerini izlemesi olarak g\u00f6rmeyi \u00f6nerdim. Bu \u00f6neri tart\u0131\u015f\u0131labilir ya da abart\u0131l\u0131 bulunabilir, ama esasa ili\u015fkin hakl\u0131 ve reddedilemez bir yan\u0131 oldu\u011funa da kesinlikle inan\u0131yorum. D\u00fc\u015f\u00fcnce tarihine ili\u015fkin n\u00fcfuz edici olmas\u0131n\u0131 umut etti\u011fim b\u00f6yle bir okuman\u0131n \u00f6tesinde, ki\u015fisel kanaatime gelirsek, entelekt\u00fcel ilginin art\u0131k hakikati sosyok\u00fclt\u00fcrel bir in\u015fa ve bilgiyi deneysel bir \u00f6l\u00e7\u00fcmlenebilirlik olarak tasarlamam\u0131z nedeniyle dejenere olmu\u015f oldu\u011funa ve ger\u00e7ekli\u011fi, yani varolan olarak varolan\u0131 telafisi imkans\u0131z bi\u00e7imde \u0131skalad\u0131\u011f\u0131na inan\u0131yorum. Standart d\u00fc\u015f\u00fcnce tarihi anlat\u0131lar\u0131m\u0131zda Muhasib\u00ee\u2019nin yeri Descartes\u2019tan ve Sadra\u2019n\u0131n yeri Kant\u2019tan k\u00fc\u00e7\u00fck tutuldu\u011fu s\u00fcrece bunun asla a\u015f\u0131lamayaca\u011f\u0131na da inan\u0131yorum. Bat\u0131l\u0131lar\u2019\u0131n bu noktadaki kanaati ne olur, hi\u00e7 bilmiyorum, ama biz kendimizi onlar\u0131n kanaatleriyle ba\u011fl\u0131 hissetmek durumunda de\u011filiz.&#8221; <\/p>\n","protected":false},"excerpt":{"rendered":"<p>&#8220;Modernli\u011fe ili\u015fkin literat\u00fcr uzar gider, ve ben de burada s\u00f6z konusu literat\u00fcre bir asap bozuklu\u011fu halet-i ruhiyesi i\u00e7inde ve biraz fazla s\u0131k\u0131\u015f\u0131k yaz\u0131lm\u0131\u015f olman\u0131n b\u00fct\u00fcn iticili\u011fine<span class=\"excerpt-hellip\"> [\u2026]<\/span><\/p>\n","protected":false},"featured_media":0,"template":"","meta":{"_monsterinsights_skip_tracking":false,"_monsterinsights_sitenote_active":false,"_monsterinsights_sitenote_note":"","_monsterinsights_sitenote_category":0},"product_brand":[],"product_cat":[20351,12388],"product_tag":[],"class_list":{"0":"post-724302","1":"product","2":"type-product","3":"status-publish","5":"product_cat-dusunce","6":"product_cat-felsefe","7":"pa_cilt-ciltsiz","8":"pa_tur-kitap","9":"pa_yayinevi-ketebe-yayinlari","10":"pa_yazar-atila-ataman","12":"first","13":"instock","14":"sale","15":"shipping-taxable","16":"purchasable","17":"product-type-simple"},"_links":{"self":[{"href":"https:\/\/roveyayinevi.com.tr\/index.php\/wp-json\/wp\/v2\/product\/724302","targetHints":{"allow":["GET"]}}],"collection":[{"href":"https:\/\/roveyayinevi.com.tr\/index.php\/wp-json\/wp\/v2\/product"}],"about":[{"href":"https:\/\/roveyayinevi.com.tr\/index.php\/wp-json\/wp\/v2\/types\/product"}],"wp:attachment":[{"href":"https:\/\/roveyayinevi.com.tr\/index.php\/wp-json\/wp\/v2\/media?parent=724302"}],"wp:term":[{"taxonomy":"product_brand","embeddable":true,"href":"https:\/\/roveyayinevi.com.tr\/index.php\/wp-json\/wp\/v2\/product_brand?post=724302"},{"taxonomy":"product_cat","embeddable":true,"href":"https:\/\/roveyayinevi.com.tr\/index.php\/wp-json\/wp\/v2\/product_cat?post=724302"},{"taxonomy":"product_tag","embeddable":true,"href":"https:\/\/roveyayinevi.com.tr\/index.php\/wp-json\/wp\/v2\/product_tag?post=724302"}],"curies":[{"name":"wp","href":"https:\/\/api.w.org\/{rel}","templated":true}]}}