{"id":724300,"date":"2025-08-27T19:32:32","date_gmt":"2025-08-27T16:32:32","guid":{"rendered":"https:\/\/roveyayinevi.com.tr\/index.php\/urun\/hemingway-italyada\/"},"modified":"2026-04-16T02:32:16","modified_gmt":"2026-04-15T23:32:16","slug":"hemingway-italyada","status":"publish","type":"product","link":"https:\/\/roveyayinevi.com.tr\/index.php\/urun\/hemingway-italyada\/","title":{"rendered":"Hemingway \u0130talya\u2019da"},"content":{"rendered":"<p>Amerikan edebiyat\u0131n\u0131n en \u00f6nemli isimlerinden Nobel ve Pulitzer \u00f6d\u00fcll\u00fc Ernest Hemingway ya\u015fam\u0131 boyunca Fransa, \u0130spanya, K\u00fcba gibi bir\u00e7ok farkl\u0131 \u00fclkede bulundu fakat ku\u015fkusuz \u0130talya onun hayat\u0131 ve sanat\u0131 i\u00e7in d\u00f6n\u00fcm noktalar\u0131na ev sahipli\u011fi yapt\u0131. Venedik, Milano, Cenova, Sicilya, Rapallo, Cortina gibi \u0130talyan \u015fehirleri, roman ve \u00f6yk\u00fclerinin arka fonunu olu\u015fturdu. Silahlara Veda\u2019da okuyucusuna \u0130talyan mutfa\u011f\u0131n\u0131n ipu\u00e7lar\u0131n\u0131 verdi, Irmaktan \u00d6teye roman\u0131nda Venedik pazar yerlerine g\u00f6t\u00fcrd\u00fc, Temmuz 1961\u2019de kendini vurdu\u011fu gece Cortina d\u2019Ampezzo\u2019da \u00f6\u011frendi\u011fi bir \u015fark\u0131y\u0131 s\u00f6yl\u00fcyordu. Hemingway ya\u015fam\u0131 boyunca \u0130talya\u2019ya tekrar tekrar geldi; pek \u00e7ok yeri ziyaret etti, pek \u00e7ok yeri de sanat\u0131 i\u00e7in ilham kayna\u011f\u0131 olarak kulland\u0131. Richard Owen, Hemingway \u0130talya\u2019da ile usta yazar\u0131n Birinci D\u00fcnya Sava\u015f\u0131\u2019nda ilk kez \u0130talya\u2019ya geli\u015fiyle ba\u015flayarak \u00f6mr\u00fc boyunca \u0130talya\u2019ya yapt\u0131\u011f\u0131 ziyaretlerinde eserlerine ilham olan mek\u00e2n ve ki\u015filere yer veriyor. \u0130talya\u2019n\u0131n bu b\u00fcy\u00fck yazar i\u00e7in farkl\u0131 bir \u00f6neme sahip oldu\u011funu g\u00f6zler \u00f6n\u00fcne seriyor. Venedik lag\u00fcnlerinden Dolomit Da\u011flar\u0131\u2019na ve \u00f6tesine \u0130talyan topraklar\u0131n\u0131n, 20. y\u00fczy\u0131l\u0131n en b\u00fcy\u00fck yazarlar\u0131ndan birini nas\u0131l da derinden etkiledi\u011fini a\u00e7\u0131k\u00e7a ortaya koyan Hemingway \u0130talya\u2019da, \u0130talyanlar\u0131n Hemingway\u2019i benimsemesinin ve sanat\u0131n\u0131 y\u00fcrekten kabul etmesinin arkas\u0131ndaki gizemi de e\u011flenceli ve s\u00fcr\u00fckleyici bir dille ke\u015ffediyor. <\/p>\n","protected":false},"excerpt":{"rendered":"<p>Amerikan edebiyat\u0131n\u0131n en \u00f6nemli isimlerinden Nobel ve Pulitzer \u00f6d\u00fcll\u00fc Ernest Hemingway ya\u015fam\u0131 boyunca Fransa, \u0130spanya, K\u00fcba gibi bir\u00e7ok farkl\u0131 \u00fclkede bulundu fakat ku\u015fkusuz \u0130talya onun hayat\u0131<span class=\"excerpt-hellip\"> [\u2026]<\/span><\/p>\n","protected":false},"featured_media":0,"template":"","meta":{"_monsterinsights_skip_tracking":false,"_monsterinsights_sitenote_active":false,"_monsterinsights_sitenote_note":"","_monsterinsights_sitenote_category":0},"product_brand":[],"product_cat":[18545,12291],"product_tag":[],"class_list":{"0":"post-724300","1":"product","2":"type-product","3":"status-publish","5":"product_cat-anlati","6":"product_cat-edebiyat","7":"pa_cilt-ciltsiz","8":"pa_tur-kitap","9":"pa_yayinevi-ketebe-yayinlari","10":"pa_yazar-richard-owen","12":"first","13":"instock","14":"sale","15":"shipping-taxable","16":"purchasable","17":"product-type-simple"},"_links":{"self":[{"href":"https:\/\/roveyayinevi.com.tr\/index.php\/wp-json\/wp\/v2\/product\/724300","targetHints":{"allow":["GET"]}}],"collection":[{"href":"https:\/\/roveyayinevi.com.tr\/index.php\/wp-json\/wp\/v2\/product"}],"about":[{"href":"https:\/\/roveyayinevi.com.tr\/index.php\/wp-json\/wp\/v2\/types\/product"}],"wp:attachment":[{"href":"https:\/\/roveyayinevi.com.tr\/index.php\/wp-json\/wp\/v2\/media?parent=724300"}],"wp:term":[{"taxonomy":"product_brand","embeddable":true,"href":"https:\/\/roveyayinevi.com.tr\/index.php\/wp-json\/wp\/v2\/product_brand?post=724300"},{"taxonomy":"product_cat","embeddable":true,"href":"https:\/\/roveyayinevi.com.tr\/index.php\/wp-json\/wp\/v2\/product_cat?post=724300"},{"taxonomy":"product_tag","embeddable":true,"href":"https:\/\/roveyayinevi.com.tr\/index.php\/wp-json\/wp\/v2\/product_tag?post=724300"}],"curies":[{"name":"wp","href":"https:\/\/api.w.org\/{rel}","templated":true}]}}