{"id":724299,"date":"2025-08-27T19:32:31","date_gmt":"2025-08-27T16:32:31","guid":{"rendered":"https:\/\/roveyayinevi.com.tr\/index.php\/urun\/ingilizler\/"},"modified":"2026-04-16T02:32:16","modified_gmt":"2026-04-15T23:32:16","slug":"ingilizler","status":"publish","type":"product","link":"https:\/\/roveyayinevi.com.tr\/index.php\/urun\/ingilizler\/","title":{"rendered":"\u0130ngilizler"},"content":{"rendered":"<p>K\u0130M BU \u0130NG\u0130L\u0130ZLER? Jeremy Paxman, Anglo-Sakson tarihinden g\u00fcn\u00fcm\u00fcz Britanya\u2019s\u0131na y\u00fczlerce anekdot e\u015fli\u011finde zengin bir yolculu\u011fa \u00e7\u0131kar\u0131yor bizi. Bu kitap \u0130ngilizlerin bir t\u00fcr karakter haritas\u0131 gibi! D\u00fcnyan\u0131n ba\u015f\u0131na bela, s\u00f6m\u00fcrgecili\u011fin tarihini yazm\u0131\u015f bir grup a\u00e7g\u00f6zl\u00fc m\u00fc yoksa futboldan krikete envai\u00e7e\u015fit sporu ke\u015ffetmelerine ra\u011fmen evlerinde zaman ge\u00e7irmekten daha iyi bir sosyal aktivite bilmeyen i\u00e7ine kapan\u0131k insanlar m\u0131? Neden edebiyat ve m\u00fczikte oldu\u011fu kadar g\u00f6rsel sanatlarda iyi de\u011filler? Ayd\u0131nlara ni\u00e7in d\u00fc\u015fmanlar? Se\u00e7ilmi\u015f millet olduklar\u0131na dair inan\u00e7lar\u0131 nereden geliyor? \u201cYeni gelen Norwich piskoposuna selefi \u015f\u00f6yle demi\u015fti: \u2018Norfolk\u2019a ho\u015f geldin. E\u011fer d\u00fcnyan\u0131n bu k\u0131sm\u0131nda birilerine liderlik etmek istiyorsan, \u00f6nce nereye gittiklerini \u00f6\u011fren. Sonra onlar\u0131n \u00f6n\u00fcnden y\u00fcr\u00fc!\u2019 \u0130ngiltere\u2019de y\u00fczy\u0131llard\u0131r bir t\u00fcr liberal genetik karakter devrede gibi g\u00f6r\u00fcnmektedir. Bu karakter John Locke ve Thomas Hobbes\u2019u \u00fcretti. Onlara devrimlerini erken yapma, bir kral\u0131 devirip sonra kellesini alma, gerekti\u011finde bir kraliyet ailesinin yerine ba\u015fka bir aileyi getirme \u00f6zg\u00fcvenini verdi. Bireyin \u00f6zg\u00fcrl\u00fc\u011f\u00fcndeki muhte\u015fem \u0131srar\u0131yla Amerikan Devrimi\u2019ni do\u011furdu. Adam Smith, Jeremy Bentham, Herbert Spencer ve John Stuart Mill\u2019i bu karakter besledi.\u201d <\/p>\n","protected":false},"excerpt":{"rendered":"<p>K\u0130M BU \u0130NG\u0130L\u0130ZLER? Jeremy Paxman, Anglo-Sakson tarihinden g\u00fcn\u00fcm\u00fcz Britanya\u2019s\u0131na y\u00fczlerce anekdot e\u015fli\u011finde zengin bir yolculu\u011fa \u00e7\u0131kar\u0131yor bizi. Bu kitap \u0130ngilizlerin bir t\u00fcr karakter haritas\u0131 gibi! D\u00fcnyan\u0131n<span class=\"excerpt-hellip\"> [\u2026]<\/span><\/p>\n","protected":false},"featured_media":0,"template":"","meta":{"_monsterinsights_skip_tracking":false,"_monsterinsights_sitenote_active":false,"_monsterinsights_sitenote_note":"","_monsterinsights_sitenote_category":0},"product_brand":[],"product_cat":[12370,12304],"product_tag":[],"class_list":{"0":"post-724299","1":"product","2":"type-product","3":"status-publish","5":"product_cat-arastirma-inceleme","6":"product_cat-tarih","7":"pa_cilt-ciltsiz","8":"pa_tur-kitap","9":"pa_yayinevi-ketebe-yayinlari","10":"pa_yazar-jeremy-paxman","12":"first","13":"instock","14":"sale","15":"shipping-taxable","16":"purchasable","17":"product-type-simple"},"_links":{"self":[{"href":"https:\/\/roveyayinevi.com.tr\/index.php\/wp-json\/wp\/v2\/product\/724299","targetHints":{"allow":["GET"]}}],"collection":[{"href":"https:\/\/roveyayinevi.com.tr\/index.php\/wp-json\/wp\/v2\/product"}],"about":[{"href":"https:\/\/roveyayinevi.com.tr\/index.php\/wp-json\/wp\/v2\/types\/product"}],"wp:attachment":[{"href":"https:\/\/roveyayinevi.com.tr\/index.php\/wp-json\/wp\/v2\/media?parent=724299"}],"wp:term":[{"taxonomy":"product_brand","embeddable":true,"href":"https:\/\/roveyayinevi.com.tr\/index.php\/wp-json\/wp\/v2\/product_brand?post=724299"},{"taxonomy":"product_cat","embeddable":true,"href":"https:\/\/roveyayinevi.com.tr\/index.php\/wp-json\/wp\/v2\/product_cat?post=724299"},{"taxonomy":"product_tag","embeddable":true,"href":"https:\/\/roveyayinevi.com.tr\/index.php\/wp-json\/wp\/v2\/product_tag?post=724299"}],"curies":[{"name":"wp","href":"https:\/\/api.w.org\/{rel}","templated":true}]}}