{"id":724292,"date":"2025-08-27T19:32:26","date_gmt":"2025-08-27T16:32:26","guid":{"rendered":"https:\/\/roveyayinevi.com.tr\/index.php\/urun\/birlikte-yasamak-neden-guzeldir\/"},"modified":"2026-04-03T02:39:03","modified_gmt":"2026-04-02T23:39:03","slug":"birlikte-yasamak-neden-guzeldir","status":"publish","type":"product","link":"https:\/\/roveyayinevi.com.tr\/index.php\/urun\/birlikte-yasamak-neden-guzeldir\/","title":{"rendered":"Birlikte Ya\u015famak Neden G\u00fczeldir?"},"content":{"rendered":"<p>Neden hepimizin e\u015fit oldu\u011fu s\u00f6ylenir? Kibar olmak ne i\u015fe yarar? Haks\u0131zl\u0131klara kar\u015f\u0131 \u00e7\u0131kmak, ba\u015fkalar\u0131na yard\u0131m etmek neden \u00f6nemlidir? Neden yeti\u015fkinlerin yapt\u0131klar\u0131 \u015feylerin ayn\u0131s\u0131n\u0131 yapamay\u0131z? Farkl\u0131 insanlarla ve \u00e7e\u015fitli k\u00fclt\u00fcrlerle tan\u0131\u015faca\u011f\u0131n bir yolculu\u011fa haz\u0131rlan! D\u00fcnyada bin bir \u00e7e\u015fit insan ya\u015fad\u0131\u011f\u0131n\u0131, her zaman g\u00fc\u00e7l\u00fcn\u00fcn hakl\u0131 olmad\u0131\u011f\u0131n\u0131, baz\u0131 insanlar\u0131n \u015fiddete ba\u015fvurmaks\u0131z\u0131n ya\u015famlar\u0131 boyunca m\u00fccadele verebildi\u011fini, hay\u0131r diyebilmenin bazen ne kadar \u00f6nemli oldu\u011funu ke\u015ffet.<\/p>\n","protected":false},"excerpt":{"rendered":"<p>Neden hepimizin e\u015fit oldu\u011fu s\u00f6ylenir? Kibar olmak ne i\u015fe yarar? Haks\u0131zl\u0131klara kar\u015f\u0131 \u00e7\u0131kmak, ba\u015fkalar\u0131na yard\u0131m etmek neden \u00f6nemlidir? Neden yeti\u015fkinlerin yapt\u0131klar\u0131 \u015feylerin ayn\u0131s\u0131n\u0131 yapamay\u0131z? Farkl\u0131 insanlarla<span class=\"excerpt-hellip\"> [\u2026]<\/span><\/p>\n","protected":false},"featured_media":0,"template":"","meta":{"_monsterinsights_skip_tracking":false,"_monsterinsights_sitenote_active":false,"_monsterinsights_sitenote_note":"","_monsterinsights_sitenote_category":0},"product_brand":[],"product_cat":[12274,12284],"product_tag":[],"class_list":{"0":"post-724292","1":"product","2":"type-product","3":"status-publish","5":"product_cat-cocuk-ve-genclik-kitaplari","6":"product_cat-hikayeler","7":"pa_cilt-ciltsiz","8":"pa_tur-kitap","9":"pa_yayinevi-dinozor-cocuk","10":"pa_yazar-stephanie-duval","12":"first","13":"instock","14":"sale","15":"shipping-taxable","16":"purchasable","17":"product-type-simple"},"_links":{"self":[{"href":"https:\/\/roveyayinevi.com.tr\/index.php\/wp-json\/wp\/v2\/product\/724292","targetHints":{"allow":["GET"]}}],"collection":[{"href":"https:\/\/roveyayinevi.com.tr\/index.php\/wp-json\/wp\/v2\/product"}],"about":[{"href":"https:\/\/roveyayinevi.com.tr\/index.php\/wp-json\/wp\/v2\/types\/product"}],"wp:attachment":[{"href":"https:\/\/roveyayinevi.com.tr\/index.php\/wp-json\/wp\/v2\/media?parent=724292"}],"wp:term":[{"taxonomy":"product_brand","embeddable":true,"href":"https:\/\/roveyayinevi.com.tr\/index.php\/wp-json\/wp\/v2\/product_brand?post=724292"},{"taxonomy":"product_cat","embeddable":true,"href":"https:\/\/roveyayinevi.com.tr\/index.php\/wp-json\/wp\/v2\/product_cat?post=724292"},{"taxonomy":"product_tag","embeddable":true,"href":"https:\/\/roveyayinevi.com.tr\/index.php\/wp-json\/wp\/v2\/product_tag?post=724292"}],"curies":[{"name":"wp","href":"https:\/\/api.w.org\/{rel}","templated":true}]}}