{"id":724289,"date":"2025-08-27T19:32:23","date_gmt":"2025-08-27T16:32:23","guid":{"rendered":"https:\/\/roveyayinevi.com.tr\/index.php\/urun\/agaclar-2\/"},"modified":"2026-04-16T02:32:16","modified_gmt":"2026-04-15T23:32:16","slug":"agaclar-2","status":"publish","type":"product","link":"https:\/\/roveyayinevi.com.tr\/index.php\/urun\/agaclar-2\/","title":{"rendered":"A\u011fa\u00e7lar"},"content":{"rendered":"<p>A\u011fa\u00e7lar, yazar\u0131n i\u00e7 d\u00fcnyas\u0131n\u0131 tan\u0131mak i\u00e7in benzersiz bir olanak ve yap\u0131tlar\u0131ndaki esini ger\u00e7ekten anlayabilmek i\u00e7in bir anahtar sunuyor. John Fowles olgun bir sanat\u00e7\u0131yken aktard\u0131\u011f\u0131, hem \u00e7ocuklu\u011fundan kalma hem de sanat\u0131yla ilgili bu \u00e7ok etkileyici an\u0131lar\u0131nda, do\u011fan\u0131n onun ya\u015fam\u0131nda b\u0131rakt\u0131\u011f\u0131 b\u00fcy\u00fck etkiyi ve do\u011fay\u0131 kategorize etme, evcille\u015ftirme ve sonu\u00e7ta sahiplenme konusunda geleneksel d\u00fcrt\u00fclerimizin gizli tehlikelerini g\u00f6steriyor. Bu sahiplenme d\u00fcrt\u00fcs\u00fc do\u011fan\u0131n g\u00f6r\u00fcn\u00fcrdeki d\u00fczensizli\u011fine kar\u015f\u0131 bir yabanc\u0131la\u015fmaya, bir d\u00fc\u015fmanl\u0131\u011fa yol a\u00e7\u0131yor. John Fowles i\u00e7in a\u011fa\u00e7lar, d\u00fczyaz\u0131 kurgunun ruhumuzun vah\u015fi yan\u0131n\u0131 simgeleyen en g\u00fczel analo\u011fudur ve yazar, sanatta tahmin edilemezli\u011fin, anla\u015f\u0131lamazl\u0131\u011f\u0131n ve sezgiselli\u011fin \u00f6nemini vurguluyor&#8230; <\/p>\n","protected":false},"excerpt":{"rendered":"<p>A\u011fa\u00e7lar, yazar\u0131n i\u00e7 d\u00fcnyas\u0131n\u0131 tan\u0131mak i\u00e7in benzersiz bir olanak ve yap\u0131tlar\u0131ndaki esini ger\u00e7ekten anlayabilmek i\u00e7in bir anahtar sunuyor. John Fowles olgun bir sanat\u00e7\u0131yken aktard\u0131\u011f\u0131, hem \u00e7ocuklu\u011fundan<span class=\"excerpt-hellip\"> [\u2026]<\/span><\/p>\n","protected":false},"featured_media":0,"template":"","meta":{"_monsterinsights_skip_tracking":false,"_monsterinsights_sitenote_active":false,"_monsterinsights_sitenote_note":"","_monsterinsights_sitenote_category":0},"product_brand":[],"product_cat":[12777,12291],"product_tag":[],"class_list":{"0":"post-724289","1":"product","2":"type-product","3":"status-publish","5":"product_cat-deneme","6":"product_cat-edebiyat","7":"pa_cilt-ciltsiz","8":"pa_tur-kitap","9":"pa_yayinevi-ayrinti-yayinlari","10":"pa_yazar-john-fowles","12":"first","13":"instock","14":"sale","15":"shipping-taxable","16":"purchasable","17":"product-type-simple"},"_links":{"self":[{"href":"https:\/\/roveyayinevi.com.tr\/index.php\/wp-json\/wp\/v2\/product\/724289","targetHints":{"allow":["GET"]}}],"collection":[{"href":"https:\/\/roveyayinevi.com.tr\/index.php\/wp-json\/wp\/v2\/product"}],"about":[{"href":"https:\/\/roveyayinevi.com.tr\/index.php\/wp-json\/wp\/v2\/types\/product"}],"wp:attachment":[{"href":"https:\/\/roveyayinevi.com.tr\/index.php\/wp-json\/wp\/v2\/media?parent=724289"}],"wp:term":[{"taxonomy":"product_brand","embeddable":true,"href":"https:\/\/roveyayinevi.com.tr\/index.php\/wp-json\/wp\/v2\/product_brand?post=724289"},{"taxonomy":"product_cat","embeddable":true,"href":"https:\/\/roveyayinevi.com.tr\/index.php\/wp-json\/wp\/v2\/product_cat?post=724289"},{"taxonomy":"product_tag","embeddable":true,"href":"https:\/\/roveyayinevi.com.tr\/index.php\/wp-json\/wp\/v2\/product_tag?post=724289"}],"curies":[{"name":"wp","href":"https:\/\/api.w.org\/{rel}","templated":true}]}}