{"id":724286,"date":"2025-08-27T19:32:21","date_gmt":"2025-08-27T16:32:21","guid":{"rendered":"https:\/\/roveyayinevi.com.tr\/index.php\/urun\/hayatimin-kelimeleri\/"},"modified":"2026-04-16T02:32:16","modified_gmt":"2026-04-15T23:32:16","slug":"hayatimin-kelimeleri","status":"publish","type":"product","link":"https:\/\/roveyayinevi.com.tr\/index.php\/urun\/hayatimin-kelimeleri\/","title":{"rendered":"Hayat\u0131m\u0131n Kelimeleri"},"content":{"rendered":"<p>&#8211; Bu d\u00fcnyadan \u00f6l\u00fcp gitti\u011finde en \u00e7ok neyi \u00f6zlersin, d\u00fc\u015f\u00fcnd\u00fcn m\u00fc hi\u00e7? Araban\u0131, evini, i\u015fini? Ha, ha, ha g\u00fcld\u00fcrme! \u015e\u00fcphesiz \u00e7abucak unuturum bunlar\u0131.   &#8211; \u0130\u00e7ti\u011fin \u00e7aylar\u0131, yedi\u011fin yemi\u015fleri? Sanm\u0131yorum&#8230;   &#8211; O zaman aileni \u00f6zlersin? \u00d6zlerim ama o kadar de\u011fil.   &#8211; Ya neyi \u00f6zlersin en \u00e7ok? Bir a\u011fac\u0131, esen r\u00fczg\u00e2r\u0131, denizi, g\u00fcne\u015fi \u00f6zlerim herhalde&#8230; <\/p>\n","protected":false},"excerpt":{"rendered":"<p>&#8211; Bu d\u00fcnyadan \u00f6l\u00fcp gitti\u011finde en \u00e7ok neyi \u00f6zlersin, d\u00fc\u015f\u00fcnd\u00fcn m\u00fc hi\u00e7? Araban\u0131, evini, i\u015fini? Ha, ha, ha g\u00fcld\u00fcrme! \u015e\u00fcphesiz \u00e7abucak unuturum bunlar\u0131. &#8211; \u0130\u00e7ti\u011fin \u00e7aylar\u0131,<span class=\"excerpt-hellip\"> [\u2026]<\/span><\/p>\n","protected":false},"featured_media":0,"template":"","meta":{"_monsterinsights_skip_tracking":false,"_monsterinsights_sitenote_active":false,"_monsterinsights_sitenote_note":"","_monsterinsights_sitenote_category":0},"product_brand":[],"product_cat":[12777,12291],"product_tag":[],"class_list":{"0":"post-724286","1":"product","2":"type-product","3":"status-publish","5":"product_cat-deneme","6":"product_cat-edebiyat","7":"pa_cilt-ciltsiz","8":"pa_tur-kitap","9":"pa_yayinevi-luna-yayinlari","10":"pa_yazar-mehmet-ali-senel","12":"first","13":"instock","14":"sale","15":"shipping-taxable","16":"purchasable","17":"product-type-simple"},"_links":{"self":[{"href":"https:\/\/roveyayinevi.com.tr\/index.php\/wp-json\/wp\/v2\/product\/724286","targetHints":{"allow":["GET"]}}],"collection":[{"href":"https:\/\/roveyayinevi.com.tr\/index.php\/wp-json\/wp\/v2\/product"}],"about":[{"href":"https:\/\/roveyayinevi.com.tr\/index.php\/wp-json\/wp\/v2\/types\/product"}],"wp:attachment":[{"href":"https:\/\/roveyayinevi.com.tr\/index.php\/wp-json\/wp\/v2\/media?parent=724286"}],"wp:term":[{"taxonomy":"product_brand","embeddable":true,"href":"https:\/\/roveyayinevi.com.tr\/index.php\/wp-json\/wp\/v2\/product_brand?post=724286"},{"taxonomy":"product_cat","embeddable":true,"href":"https:\/\/roveyayinevi.com.tr\/index.php\/wp-json\/wp\/v2\/product_cat?post=724286"},{"taxonomy":"product_tag","embeddable":true,"href":"https:\/\/roveyayinevi.com.tr\/index.php\/wp-json\/wp\/v2\/product_tag?post=724286"}],"curies":[{"name":"wp","href":"https:\/\/api.w.org\/{rel}","templated":true}]}}